{"id":11467,"date":"2018-05-15T12:26:01","date_gmt":"2018-05-15T10:26:01","guid":{"rendered":"https:\/\/ehrler-beck.com\/privacy-policy"},"modified":"2024-08-09T13:32:31","modified_gmt":"2024-08-09T11:32:31","slug":"datenschutz-bestimmungen","status":"publish","type":"page","link":"https:\/\/ehrler-beck.com\/de\/datenschutz-bestimmungen","title":{"rendered":"Datenschutz-Bestimmungen"},"content":{"rendered":"<p><div class=\"tiaro-fullwidth fullwidth-box tiaro-builder-row-1 tiaro-flex-container nonhundred-percent-fullwidth non-hundred-percent-height-scrolling\" style=\"--awb-border-radius-top-left:0px;--awb-border-radius-top-right:0px;--awb-border-radius-bottom-right:0px;--awb-border-radius-bottom-left:0px;\" ><div class=\"tiaro-builder-row tiaro-row tiaro-flex-align-items-flex-start\" style=\"max-width:1404px;margin-left: calc(-4% \/ 2 );margin-right: calc(-4% \/ 2 );\"><div class=\"tiaro-layout-column tiaro_builder_column tiaro-builder-column-0 tiaro_builder_column_1_1 1_1 tiaro-flex-column\" style=\"--awb-bg-size:cover;--awb-width-large:100%;--awb-margin-top-large:0px;--awb-spacing-right-large:1.92%;--awb-margin-bottom-large:0px;--awb-spacing-left-large:1.92%;--awb-width-medium:100%;--awb-spacing-right-medium:1.92%;--awb-spacing-left-medium:1.92%;--awb-width-small:100%;--awb-spacing-right-small:1.92%;--awb-spacing-left-small:1.92%;\"><div class=\"tiaro-column-wrapper tiaro-flex-justify-content-flex-start tiaro-content-layout-column\"><div class=\"tiaro-text tiaro-text-1\"><p>Wir von Ehrler &amp; Beck freuen uns \u00fcber Ihren Besuch auf unserer Website und Ihr Interesse an unserem Unternehmen, den von uns angebotenen Produkten und Dienstleistungen. Ehrler &amp; Beck beachtet die Bestimmungen des Bundesdatenschutzgesetzes, wonach Sie ein Recht auf unentgeltliche Auskunft \u00fcber Ihre bei uns gespeicherten Daten und deren Verwendung sowie unter bestimmten Voraussetzungen ein Recht auf Berichtigung, Sperrung oder L\u00f6schung Ihrer Daten haben . Wenden Sie sich zu diesem Thema an unseren Datenschutzbeauftragten unter <a href=\"mailto:privacy.officer@tiaro.eu\">privacy.officer@tiaro.eu<\/a><\/p>\n<p><strong><span class=\"intro-primary\">Ehrler &amp; Beck Vakuum- und Drucklufttechnik GmbH<\/span><\/strong><\/p>\n<\/div><div class=\"tiaro-text tiaro-text-2\"><p style=\"text-align: right;\"><em>Letzte Aktualisierung: 09.08.2024<\/em><\/p>\n<\/div><\/div><\/div><div class=\"tiaro-layout-column tiaro_builder_column tiaro-builder-column-1 tiaro_builder_column_1_3 1_3 tiaro-flex-column\" style=\"--awb-bg-size:cover;--awb-width-large:33.333333333333%;--awb-margin-top-large:0px;--awb-spacing-right-large:3.84%;--awb-margin-bottom-large:0px;--awb-spacing-left-large:5.76%;--awb-width-medium:33.333333333333%;--awb-spacing-right-medium:3.84%;--awb-spacing-left-medium:5.76%;--awb-width-small:100%;--awb-spacing-right-small:1.92%;--awb-spacing-left-small:1.92%;\"><div class=\"tiaro-column-wrapper tiaro-flex-justify-content-flex-start tiaro-content-layout-column\"><div class=\"tiaro-text tiaro-text-3\"><p><strong>Adresse<\/strong>:<br \/>\nIndustriestr. 16<br \/>\nD-71272, Renningen<br \/>\nGermany<\/p>\n<p><strong>Gesch\u00e4ftsf\u00fchrer<\/strong>: Dennis Schroeder<\/p>\n<p><strong>Handelsregister<\/strong>:<\/p>\n<p style=\"padding-left: 30px;\">District court Stuttgart<br \/>\nHRB 251776 AG Leonberg<\/p>\n<p><strong>VAT Registrierungsnummer<\/strong>: DE 145998269<\/p>\n<\/div><\/div><\/div><div class=\"tiaro-layout-column tiaro_builder_column tiaro-builder-column-2 tiaro_builder_column_1_3 1_3 tiaro-flex-column\" style=\"--awb-bg-size:cover;--awb-width-large:33.333333333333%;--awb-margin-top-large:0px;--awb-spacing-right-large:5.76%;--awb-margin-bottom-large:0px;--awb-spacing-left-large:3.84%;--awb-width-medium:33.333333333333%;--awb-spacing-right-medium:5.76%;--awb-spacing-left-medium:3.84%;--awb-width-small:100%;--awb-spacing-right-small:1.92%;--awb-spacing-left-small:1.92%;\"><div class=\"tiaro-column-wrapper tiaro-flex-justify-content-flex-start tiaro-content-layout-column\"><div class=\"tiaro-text tiaro-text-4\"><p><strong>Kontakt Informationen<\/strong>:<\/p>\n<p><strong>Tel<\/strong>: +49 (0) 7159 \/ 4085-0<\/p>\n<p><strong>Fax<\/strong>: +49 (0) 7159 \/ 4085-85<\/p>\n<p><strong>Email<\/strong>: info@ehrler-beck.com<\/p>\n<\/div><\/div><\/div><\/div><\/div><div class=\"tiaro-fullwidth fullwidth-box tiaro-builder-row-2 tiaro-flex-container has-pattern-background has-mask-background nonhundred-percent-fullwidth non-hundred-percent-height-scrolling\" style=\"--awb-border-radius-top-left:0px;--awb-border-radius-top-right:0px;--awb-border-radius-bottom-right:0px;--awb-border-radius-bottom-left:0px;\" ><div class=\"tiaro-builder-row tiaro-row tiaro-flex-align-items-flex-start\" style=\"max-width:1404px;margin-left: calc(-4% \/ 2 );margin-right: calc(-4% \/ 2 );\"><div class=\"tiaro-layout-column tiaro_builder_column tiaro-builder-column-3 tiaro_builder_column_1_1 1_1 tiaro-flex-column\" style=\"--awb-bg-size:cover;--awb-width-large:100%;--awb-margin-top-large:0px;--awb-spacing-right-large:1.92%;--awb-margin-bottom-large:5px;--awb-spacing-left-large:1.92%;--awb-width-medium:100%;--awb-order-medium:0;--awb-spacing-right-medium:1.92%;--awb-spacing-left-medium:1.92%;--awb-width-small:100%;--awb-order-small:0;--awb-spacing-right-small:1.92%;--awb-spacing-left-small:1.92%;\"><div class=\"tiaro-column-wrapper tiaro-column-has-shadow tiaro-flex-justify-content-flex-start tiaro-content-layout-column\"><div class=\"tiaro-text tiaro-text-5\"><h1>Datenschutzhinweis<\/h1>\n<p>Generelles Statement zum Datenschutz<\/p>\n<h2>Einf\u00fchrung<\/h2>\n<p>Unsere Unternehmensgruppe achtet Ihre Privatsph\u00e4re und verpflichtet sich zum Schutz Ihrer personenbezogenen Daten in \u00dcbereinstimmung mit fairen Informationspraktiken und den geltenden Datenschutzgesetzen.<\/p>\n<p>In diesem Datenschutzhinweis wird erl\u00e4utert, wir und unsere Gesellschaften personenbezogene Daten, die Sie uns zur Verf\u00fcgung stellen oder die wir anderweitig erhalten oder generieren (\u201epersonenbezogene Daten\u201c), erfassen, verwenden und weitergeben.<\/p>\n<p>&nbsp;<\/p>\n<h2>Anwendungsbereich<\/h2>\n<p>Personenbezogene Daten sind alle Informationen, die sich auf eine identifizierte oder identifizierbare nat\u00fcrliche Person beziehen (\u201ebetroffene Person\u201c). Eine identifizierbare nat\u00fcrliche Person ist eine Person, die direkt oder indirekt identifiziert werden kann, insbesondere durch Verweis auf eine Kennung wie Name, Identifikationsnummer, Standortdaten, eine Online-Kennung oder auf einen oder mehrere Faktoren, die spezifisch f\u00fcr die physische, physiologische, genetische, geistige, wirtschaftliche, kulturelle oder soziale Identit\u00e4t dieser nat\u00fcrlichen Person sind.<\/p>\n<p>Dieser Datenschutzhinweis gilt f\u00fcr die personenbezogenen Daten, die wir \u00fcber unsere normalen Gesch\u00e4ftsaktivit\u00e4ten erhalten, sowohl online als auch offline, d. h. Erfassung in Verbindung mit Vertrieb und Marketing, Partner- und Lieferantenengagement sowie Investorenbeziehungen. Dieser Datenschutzhinweis gilt nicht f\u00fcr personenbezogene Daten, die \u00fcber unsere Karrierewebsite abgerufen werden; dies unterliegt den Datenschutzbestimmungen f\u00fcr Bewerber.<\/p>\n<p>&nbsp;<\/p>\n<h2>Datenverantwortlicher<\/h2>\n<p>Der Datenverantwortliche in Bezug auf Ihre Daten ist das Unternehmen unserer Gruppe, welches Ihre Daten urspr\u00fcnglich erfasst und die Zwecke und Mittel f\u00fcr die Verwendung Ihrer Daten festgelegt hat.<\/p>\n<p>Wenn Sie wissen m\u00f6chten, wer der f\u00fcr Sie relevante Datenverantwortliche ist oder andere Fragen zu Ihren Daten haben, wenden Sie sich bitte an unseren Privacy Officer \u00fcber die unten angezeigte E-Mail-Adresse.<\/p>\n<h2><\/h2>\n<h2>Empf\u00e4nger personenbezogener Daten<\/h2>\n<ul type=\"disc\">\n<li><strong>Unternehmensintern:<\/strong>\u00a0Gesch\u00e4ftsfunktionen, die Zugriff auf Ihre Daten ben\u00f6tigen, um unsere vertraglichen und rechtlichen Verpflichtungen (d. h. Vertrieb, Buchhaltung, Betrieb, Recht) zu erf\u00fcllen oder zum Zweck unserer berechtigten Interessen (d. h. Marketing).<\/li>\n<li><strong>Dritte:<\/strong>\u00a0Wir k\u00f6nnen Dritte zur Erbringung von Dienstleistungen und Funktionen in unserem Namen nutzen. Wir k\u00f6nnen diesen Dritten personenbezogene Daten zur Durchf\u00fchrung dieser Dienste und Funktionen zur Verf\u00fcgung stellen. Die Verarbeitung dieser personenbezogenen Daten erfolgt gem\u00e4\u00df unseren Anweisungen und ist mit den urspr\u00fcnglichen Zwecken kompatibel.<\/li>\n<li><strong>gesetzlich vorgeschrieben:<\/strong>\u00a0Wir k\u00f6nnen personenbezogene Daten auch \u00f6ffentlichen oder gerichtlichen Beh\u00f6rden, Strafverfolgungsbeh\u00f6rden und Aufsichtsbeh\u00f6rden zur Verf\u00fcgung stellen, sofern dies gesetzlich vorgeschrieben ist. Dazu geh\u00f6ren auch die Einhaltung der nationalen Sicherheits- und Strafverfolgungsvorschriften sowie Beh\u00f6rden und Gerichte in den L\u00e4ndern, in denen wir t\u00e4tig sind. Soweit gesetzlich zul\u00e4ssig, k\u00f6nnen wir personenbezogene Daten auch Dritten (einschlie\u00dflich Rechtsbeistand) offenlegen, wenn dies f\u00fcr die Einrichtung, Aus\u00fcbung oder Verteidigung von Rechtsanspr\u00fcchen oder f\u00fcr die anderweitige Durchsetzung unserer Rechte, den Schutz unseres Eigentums oder der Rechte, des Eigentums oder der Sicherheit anderer oder f\u00fcr die Unterst\u00fctzung externer Audit-, Compliance- und Corporate Governance-Funktionen erforderlich ist.<\/li>\n<li><strong>Fusionen und \u00dcbernahmen:<\/strong>\u00a0Personenbezogene Daten k\u00f6nnen an eine Partei \u00fcbertragen werden, die im Falle eines Verkaufs, einer Fusion, Liquidation, Aufl\u00f6sung oder anderer Ma\u00dfnahmen das gesamte oder einen Teil des Eigenkapitals, der Verm\u00f6genswerte oder der Gesch\u00e4ftst\u00e4tigkeit eines Unternehmens de Gruppe erwirbt.<\/li>\n<li><strong>Verbundene Unternehmen:<\/strong>\u00a0Wir k\u00f6nnen Informationen auch an unsere Tochterunternehmen unter Einhaltung geltender Gesetze \u00fcbertragen und weitergeben.<\/li>\n<\/ul>\n<h2>Internationale \u00dcbertragungen<\/h2>\n<p>Da wir eine internationale Unternehmensgruppe mit Unternehmen und Niederlassungen in verschiedenen L\u00e4ndern sind, k\u00f6nnen wir Ihre pers\u00f6nlichen Daten von einer Gesellschaft auf eine andere oder von einem Land in ein anderes \u00fcbertragen, um die oben genannten Zwecke zu erreichen. Wir werden Ihre pers\u00f6nlichen Daten in \u00dcbereinstimmung mit den geltenden gesetzlichen Vorschriften und nur im erforderlichen Umfang zu den oben genannten Zwecken weitergeben. Innerhalb unserer Unternehmensgruppe werden pers\u00f6nliche Daten auf Grundlage gleicher Regelungen und gleich hohem Sicherheitsniveau weitergegeben. Falls erforderlich, werden Vereinbarungen zur Datenverarbeitung abgeschlossen, um den n\u00f6tigen Datenschutzumfang zu gew\u00e4hrleisten.<\/p>\n<p>Wir wenden entsprechende rechtm\u00e4\u00dfige Prozesse an, um pers\u00f6nliche Angaben innerhalb des gesetzlichen Rahmens \u00fcber Landesgrenzen hinweg weiterzugeben. Wenn wir uns dabei auf die Standardvertragsklauseln (auch Modellklauseln genannt) beziehen, um diese Weitergabe zu erm\u00f6glichen, werden wir den Bestimmungen dieser Klauseln gerecht werden, auch dann, wenn sich diese Bestimmungen und die vorliegenden Hinweise widersprechen.<\/p>\n<p>Wir werden Ihre pers\u00f6nlichen Daten nicht au\u00dferhalb unserer Unternehmensgruppe verkaufen oder anderweitig weitergeben, au\u00dfer:<\/p>\n<ul type=\"disc\">\n<li>An Dienstleister, die in unserem Auftrag Dienstleistungen durchf\u00fchren. Wir geben Ihre pers\u00f6nlichen Daten nur an Dienstleister weiter, die wir vertraglich dazu verpflichtet haben, die Angaben nicht zu verarbeiten oder weiterzugeben, au\u00dfer um f\u00fcr uns \u00a0Dienstleistungen zu erbringen oder um gesetzlichen Verpflichtungen gerecht zu werden;<\/li>\n<li>um gesetzliche Verpflichtungen zu erf\u00fcllen, insbesondere die Beantwortung von Anfragen der Strafverfolgungsbeh\u00f6rden oder von anderen staatlichen Aufsichtsbeh\u00f6rden;<\/li>\n<li>um vermutete oder tats\u00e4chliche illegale Handlungen zu untersuchen;<\/li>\n<li>um Personensch\u00e4den oder finanzielle Verluste zu verhindern; oder<\/li>\n<li>zur Unterst\u00fctzung des Verkaufs unserer Gesch\u00e4ftsaktivit\u00e4ten oder einer \u00dcbertragung eines Teiles oder des ganzen Unternehmens oder von Verm\u00f6genswerten (auch im Konkursfall).<\/li>\n<\/ul>\n<h2>Aufbewahrung<\/h2>\n<p>Wir bewahren Ihre personenbezogenen Daten auf, solange wir mit Ihnen eine dauerhafte Beziehung haben oder es f\u00fcr die Erreichung des Zwecks, f\u00fcr den sie erhoben wurden, erforderlich ist, in der Regel f\u00fcr die Dauer einer Vertragsbeziehung und f\u00fcr den Zeitraum danach, soweit gesetzlich vorgeschrieben oder nach geltendem Recht zul\u00e4ssig.<\/p>\n<p>&nbsp;<\/p>\n<h2>Ihre Rechte als Betroffener<\/h2>\n<ul type=\"disc\">\n<li>Sie haben das Recht, in angemessenen Zeitabst\u00e4nden und ohne \u00fcberm\u00e4\u00dfige Verz\u00f6gerung oder Kosten eine Kopie aller ihrer von uns verarbeiteten Daten.<\/li>\n<li>Sie haben das Recht, die Berichtigung oder Aktualisierung unrichtiger oder veralteter personenbezogener Daten zu erhalten.<\/li>\n<li>Sie haben das Recht auf L\u00f6schung ihrer personenbezogene Daten.<\/li>\n<li>Sie haben das Recht, der Verarbeitung Ihrer personenbezogenen Daten zu widersprechen, es sei denn, diese Verarbeitung ist gesetzlich vorgeschrieben. Wenn der Einwand unter Ber\u00fccksichtigung der konkreten Situation gerechtfertigt ist, muss die Verarbeitung eingestellt werden.<\/li>\n<li>Grunds\u00e4tzlich haben Sie das Recht, die \u00dcbertragung Ihrer Daten an Sie zu verlangen. Mit Daten\u00fcbertragbarkeit ist die Bereitstellung Ihrer personenbezogenen Daten in einer strukturierten, generell verwendeten und maschinenlesbaren Form gemeint, die problemlose \u00dcbertragung \u00a0an andere Unternehmen gew\u00e4hrleistet. Das Recht auf Daten\u00fcbertragbarkeit unterliegt Einschr\u00e4nkungen, d. h. es gilt nicht f\u00fcr Papierunterlagen und darf keine Nachteile f\u00fcr Rechte anderer oder sensible Unternehmensdaten haben.<\/li>\n<li>Sie k\u00f6nnen verlangen, dass Entscheidungen nicht ausschlie\u00dflich auf der Grundlage automatisierter Entscheidungsprozesse getroffen werden, wenn diese Entscheidungen rechtliche Folgen haben oder sich erheblich auf Sie auswirken.<\/li>\n<li>Sie haben das Recht, eine zuvor f\u00fcr einen bestimmten Zweck einger\u00e4umte Einwilligung zur\u00fcckzuziehen, wenn diese Einwilligung die rechtliche Grundlage f\u00fcr die Verarbeitung Ihrer personenbezogenen Daten ist.<\/li>\n<\/ul>\n<p>Wir respektieren diese Rechte und haben Prozesse installiert, um Personen, die diese Rechte aus\u00fcben m\u00f6chten, zu antworten. Wenn Sie wissen m\u00f6chten, wer der f\u00fcr Sie relevante Datenverantwortliche ist oder andere Fragen zu Ihren Daten haben, wenden Sie sich bitte an unseren Privacy Officer \u00fcber die unten angezeigte E-Mail-Adresse.<\/p>\n<p>&nbsp;<\/p>\n<h2>Sicherheit<\/h2>\n<p>Wir sind bestrebt, die Sicherheit Ihrer verarbeiteten personenbezogenen Daten zu gew\u00e4hrleisten und entsprechende technische Ma\u00dfnahmen und Sicherheitsrichtlinien zu implementieren, die Ihre Daten vor Folgendem sch\u00fctzen:<\/p>\n<ul type=\"disc\">\n<li>Nicht autorisierter Zugriff.<\/li>\n<li>Unsachgem\u00e4\u00dfe Verwendung oder Offenlegung.<\/li>\n<li>Nicht autorisierte \u00c4nderung.<\/li>\n<li>Rechtswidrige Zerst\u00f6rung oder unbeabsichtigter Verlust.<\/li>\n<\/ul>\n<p>Alle unsere Mitarbeiter und alle Dritten, die wir mit der Verarbeitung Ihrer personenbezogenen Daten beauftragen, sind verpflichtet, die Vertraulichkeit Ihrer Daten zu wahren.<\/p>\n<h2>Datenschutzbedenken und Kontaktm\u00f6glichkeiten<\/h2>\n<p>Wenn Sie Bedenken wegen einer angeblichen Verletzung des Datenschutzrechts oder einer anderen Vorschrift durch uns haben, wenden Sie sich bitte an unseren Privacy Officer \u00fcber die unten angezeigte E-Mail-Adresse.<\/p>\n<p>Ein Privacy Officer wird Ihnen zur Untersuchung Ihrer Beschwerde zur Verf\u00fcgung gestellt, und dieser wird Ihnen Informationen dar\u00fcber geben, wie die Beschwerde gehandhabt wird.<\/p>\n<p>Wenn wir keine Ihrer Anfragen beantworten oder Ihnen keinen triftigen Grund daf\u00fcr geben, dass wir dies nicht tun k\u00f6nnen, haben Sie das Recht, sich an die Aufsichtsbeh\u00f6rde zu wenden, um eine Beschwerde einzureichen.<\/p>\n<p>&nbsp;<\/p>\n<h2>\u00c4nderungen unserer Datenschutzbestimmungen<\/h2>\n<p>Wir behalten uns das Recht vor, diesen Datenschutzhinweis jederzeit zu \u00e4ndern, zu modifizieren und zu aktualisieren. \u00dcberpr\u00fcfen Sie regelm\u00e4\u00dfig, ob Sie die aktuellste Mitteilung gelesen haben.<\/p>\n<\/div><\/div><\/div><\/div><\/div><\/p>\n","protected":false},"excerpt":{"rendered":"","protected":false},"author":1,"featured_media":0,"parent":0,"menu_order":0,"comment_status":"closed","ping_status":"closed","template":"","meta":{"footnotes":""},"class_list":["post-11467","page","type-page","status-publish","hentry"],"acf":[],"_links":{"self":[{"href":"https:\/\/ehrler-beck.com\/de\/wp-json\/wp\/v2\/pages\/11467","targetHints":{"allow":["GET"]}}],"collection":[{"href":"https:\/\/ehrler-beck.com\/de\/wp-json\/wp\/v2\/pages"}],"about":[{"href":"https:\/\/ehrler-beck.com\/de\/wp-json\/wp\/v2\/types\/page"}],"author":[{"embeddable":true,"href":"https:\/\/ehrler-beck.com\/de\/wp-json\/wp\/v2\/users\/1"}],"replies":[{"embeddable":true,"href":"https:\/\/ehrler-beck.com\/de\/wp-json\/wp\/v2\/comments?post=11467"}],"version-history":[{"count":8,"href":"https:\/\/ehrler-beck.com\/de\/wp-json\/wp\/v2\/pages\/11467\/revisions"}],"predecessor-version":[{"id":160366,"href":"https:\/\/ehrler-beck.com\/de\/wp-json\/wp\/v2\/pages\/11467\/revisions\/160366"}],"wp:attachment":[{"href":"https:\/\/ehrler-beck.com\/de\/wp-json\/wp\/v2\/media?parent=11467"}],"curies":[{"name":"wp","href":"https:\/\/api.w.org\/{rel}","templated":true}]}}