{"id":9893,"date":"2018-01-18T13:21:26","date_gmt":"2018-01-18T12:21:26","guid":{"rendered":"http:\/\/ehrler-beck.com?page_id=9893"},"modified":"2023-06-16T02:29:13","modified_gmt":"2023-06-16T00:29:13","slug":"cookie-richtlinie","status":"publish","type":"page","link":"https:\/\/ehrler-beck.com\/cs\/zasady-pouzivani-souboru-cookie","title":{"rendered":"Z\u00e1sady pou\u017e\u00edv\u00e1n\u00ed soubor\u016f cookie"},"content":{"rendered":"<h1>Z\u00c1SADY COOKIE<\/h1>\n<p style=\"text-align: right;\"><em>Naposledy aktualizov\u00e1no 16. \u010dervna 2023<\/em><\/p>\n<p>Tyto z\u00e1sady pou\u017e\u00edv\u00e1n\u00ed soubor\u016f cookie vysv\u011btluj\u00ed, jak spole\u010dnost Ehrler &amp; Beck Vakuum- und Drucklufttechnik GmbH (\u201eSpole\u010dnost\u201c, \u201emy\u201c, \u201en\u00e1s\u201c a \u201ena\u0161e\u201c) pou\u017e\u00edv\u00e1 soubory cookie a podobn\u00e9 technologie, aby v\u00e1s rozpoznala, kdy\u017e nav\u0161t\u00edv\u00edte na\u0161e webov\u00e9 str\u00e1nky na adrese https:\/\/ehrler- beck.com, (\u201ewebov\u00e1 str\u00e1nka\u201c). Vysv\u011btluje, co tyto technologie jsou a pro\u010d je pou\u017e\u00edv\u00e1me, a va\u0161e pr\u00e1va kontrolovat na\u0161e pou\u017e\u00edv\u00e1n\u00ed t\u011bchto technologi\u00ed.<\/p>\n<h2>Co jsou cookies?<\/h2>\n<p>Cookies jsou mal\u00e9 datov\u00e9 soubory, kter\u00e9 se ukl\u00e1daj\u00ed do va\u0161eho po\u010d\u00edta\u010de nebo mobiln\u00edho za\u0159\u00edzen\u00ed p\u0159i n\u00e1v\u0161t\u011bv\u011b webov\u00e9 str\u00e1nky. Soubory cookie jsou \u0161iroce pou\u017e\u00edv\u00e1ny vlastn\u00edky webov\u00fdch str\u00e1nek, aby jejich webov\u00e9 str\u00e1nky fungovaly nebo fungovaly efektivn\u011bji a aby poskytovali informace o hl\u00e1\u0161en\u00edch.<\/p>\n<p>Cookies nastaven\u00e9 provozovatelem webov\u00e9 str\u00e1nky (v tomto p\u0159\u00edpad\u011b Ehrler &amp; Beck Vacuum a Compressed Air Technology GmbH) se ozna\u010duj\u00ed jako \u201esoubory cookie prvn\u00ed strany\u201c. Soubory cookie nastaven\u00e9 jin\u00fdmi stranami ne\u017e vlastn\u00edkem webov\u00fdch str\u00e1nek se ozna\u010duj\u00ed jako \u201esoubory cookie t\u0159et\u00edch stran\u201c. Soubory cookie t\u0159et\u00edch stran umo\u017e\u0148uj\u00ed poskytov\u00e1n\u00ed funkc\u00ed nebo funkc\u00ed t\u0159et\u00edch stran na webov\u00fdch str\u00e1nk\u00e1ch nebo jejich prost\u0159ednictv\u00edm (nap\u0159. reklama, interaktivn\u00ed obsah a anal\u00fdzy). Strany, kter\u00e9 nastavuj\u00ed tyto soubory cookie t\u0159et\u00edch stran, mohou rozpoznat v\u00e1\u0161 po\u010d\u00edta\u010d, kdy\u017e nav\u0161t\u00edv\u00edte dan\u00fd web i kdy\u017e nav\u0161t\u00edv\u00edte ur\u010dit\u00e9 jin\u00e9 weby.<\/p>\n<h2>Pro\u010d pou\u017e\u00edv\u00e1me soubory cookie?<\/h2>\n<p>Z mnoha d\u016fvod\u016f pou\u017e\u00edv\u00e1me pouze m\u00edstn\u00ed soubory cookie. Z technick\u00fdch d\u016fvod\u016f jsou n\u011bkter\u00e9 soubory cookie nezbytn\u00e9 pro provoz na\u0161ich webov\u00fdch str\u00e1nek. Tyto soubory cookie ozna\u010dujeme jako \u201enezbytn\u011b nutn\u00e9\u201c nebo \u201enezbytn\u011b nutn\u00e9\u201c. Dal\u0161\u00ed soubory cookie umo\u017e\u0148uj\u00ed sledov\u00e1n\u00ed a c\u00edlen\u00ed z\u00e1jm\u016f u\u017eivatel\u016f za \u00fa\u010delem zlep\u0161en\u00ed z\u00e1\u017eitku na webov\u00fdch str\u00e1nk\u00e1ch. Tyto soubory cookie nepou\u017e\u00edv\u00e1me. Na\u0161e webov\u00e9 str\u00e1nky pou\u017e\u00edvaj\u00ed pouze jeden nezbytn\u011b nutn\u00fd soubor cookie.<\/p>\n<h2>Jak mohu kontrolovat soubory cookie?<\/h2>\n<p>M\u00e1te pr\u00e1vo se rozhodnout, zda p\u0159ijmete nebo odm\u00edtnete soubory cookie. Sv\u00e1 pr\u00e1va na soubory cookie m\u016f\u017eete uplatnit nastaven\u00edm sv\u00fdch preferenc\u00ed ve Spr\u00e1vci souhlasu se soubory cookie. Spr\u00e1vce souhlasu se soubory cookie v\u00e1m umo\u017e\u0148uje vybrat, kter\u00e9 kategorie soubor\u016f cookie p\u0159ijmete nebo odm\u00edtnete. Z\u00e1kladn\u00ed soubory cookie nelze odm\u00edtnout, proto\u017ee jsou nezbytn\u011b nutn\u00e9 k poskytov\u00e1n\u00ed slu\u017eeb.<\/p>\n<p>Spr\u00e1vce souhlasu s cookies naleznete v oznamovac\u00edm banneru a na na\u0161ich webov\u00fdch str\u00e1nk\u00e1ch. Pokud se rozhodnete cookies odm\u00edtnout, m\u016f\u017eete na\u0161e webov\u00e9 str\u00e1nky nad\u00e1le pou\u017e\u00edvat, av\u0161ak v\u00e1\u0161 p\u0159\u00edstup k n\u011bkter\u00fdm funkc\u00edm a oblastem na\u0161ich webov\u00fdch str\u00e1nek m\u016f\u017ee b\u00fdt omezen. M\u016f\u017eete tak\u00e9 nastavit nebo zm\u011bnit nastaven\u00ed webov\u00e9ho prohl\u00ed\u017ee\u010de tak, aby p\u0159ij\u00edmal nebo odm\u00edtal soubory cookie. Proto\u017ee zp\u016fsoby, jak\u00fdmi m\u016f\u017eete odm\u00edtnout soubory cookie prost\u0159ednictv\u00edm ovl\u00e1dac\u00edch prvk\u016f va\u0161eho webov\u00e9ho prohl\u00ed\u017ee\u010de, se li\u0161\u00ed prohl\u00ed\u017ee\u010d od prohl\u00ed\u017ee\u010de, m\u011bli byste nav\u0161t\u00edvit nab\u00eddku n\u00e1pov\u011bdy va\u0161eho prohl\u00ed\u017ee\u010de, kde najdete dal\u0161\u00ed informace.<\/p>\n<p>Konkr\u00e9tn\u00ed typy soubor\u016f cookie poskytovan\u00fdch prost\u0159ednictv\u00edm na\u0161ich webov\u00fdch str\u00e1nek a \u00fa\u010dely, kter\u00e9 slou\u017e\u00ed, jsou pops\u00e1ny v tabulce n\u00ed\u017ee (vezm\u011bte pros\u00edm na v\u011bdom\u00ed, \u017ee konkr\u00e9tn\u00ed pou\u017e\u00edvan\u00e9 soubory cookie se mohou li\u0161it v z\u00e1vislosti na konkr\u00e9tn\u00edch online nab\u00eddk\u00e1ch, kter\u00e9 nav\u0161t\u00edv\u00edte):<\/p>\n<h2>D\u016fle\u017eit\u00e9 soubory cookie webov\u00fdch str\u00e1nek:<\/h2>\n<p>Tyto soubory cookie jsou nezbytn\u011b nutn\u00e9 k tomu, abychom v\u00e1m mohli poskytovat slu\u017eby dostupn\u00e9 prost\u0159ednictv\u00edm na\u0161ich webov\u00fdch str\u00e1nek a vyu\u017e\u00edvat n\u011bkter\u00e9 jejich funkce, jako nap\u0159 B. p\u0159\u00edstup do zabezpe\u010den\u00fdch oblast\u00ed.<\/p>\n<div>\n<section data-custom-class=\"body_text\">\n<table style=\"width: 100%; height: 168px;\">\n<tbody>\n<tr style=\"height: 24px;\">\n<td style=\"height: 24px;\"><span style=\"color: #00b3a7;\">Ozna\u010den\u00ed<\/span>:<\/td>\n<td style=\"height: 24px;\">mwai_session_id<\/td>\n<\/tr>\n<tr style=\"height: 24px;\">\n<td style=\"height: 24px;\"><span style=\"color: #00b3a7;\">\u00da\u010del<\/span>:<\/td>\n<td style=\"height: 24px;\">Pou\u017e\u00edvan\u00e9 webem k identifikaci konkr\u00e9tn\u00edch relac\u00ed na webu.<\/td>\n<\/tr>\n<tr style=\"height: 24px;\">\n<td style=\"height: 24px;\"><span style=\"color: #00b3a7;\">nab\u00edzej\u00edc\u00ed<\/span>:<\/td>\n<td style=\"height: 24px;\">ehrler-beck.com<\/td>\n<\/tr>\n<tr style=\"height: 24px;\">\n<td style=\"height: 24px;\"><span style=\"color: #00b3a7;\">dom\u00e9na<\/span>:<\/td>\n<td style=\"height: 24px;\">ehrler-beck.com<\/td>\n<\/tr>\n<tr style=\"height: 24px;\">\n<td style=\"height: 24px;\"><span style=\"color: #00b3a7;\">Vypr\u0161\u00ed v<\/span>:<\/td>\n<td style=\"height: 24px;\">Po dokon\u010den\u00ed relace<\/td>\n<\/tr>\n<\/tbody>\n<\/table>\n<\/section>\n<\/div>\n<h2>A co dal\u0161\u00ed sledovac\u00ed technologie, jako jsou webov\u00e9 maj\u00e1ky?<\/h2>\n<p>Soubory cookie nejsou jedin\u00fdm zp\u016fsobem, jak rozpoznat nebo sledovat n\u00e1v\u0161t\u011bvn\u00edky webov\u00fdch str\u00e1nek. \u010cas od \u010dasu m\u016f\u017eeme pou\u017e\u00edt jin\u00e9 podobn\u00e9 technologie, jako jsou webov\u00e9 maj\u00e1ky (n\u011bkdy naz\u00fdvan\u00e9 \u201esledovac\u00ed pixely\u201c nebo \u201ejasn\u00e9 GIFy\u201c). Jedn\u00e1 se o mal\u00e9 grafick\u00e9 soubory, kter\u00e9 obsahuj\u00ed jedine\u010dn\u00fd identifik\u00e1tor a umo\u017e\u0148uj\u00ed n\u00e1m rozpoznat, kdy n\u011bkdo nav\u0161t\u00edvil na\u0161e webov\u00e9 str\u00e1nky nebo otev\u0159el e-mail obsahuj\u00edc\u00ed tyto informace. To n\u00e1m umo\u017e\u0148uje nap\u0159\u00edklad sledovat vzorce n\u00e1v\u0161t\u011bvnosti u\u017eivatel\u016f z jedn\u00e9 str\u00e1nky v r\u00e1mci webov\u00e9 str\u00e1nky na druhou, poskytovat soubory cookie nebo s nimi komunikovat, abychom zjistili, zda jste si p\u0159e\u010detli online reklamu zobrazenou na webov\u00fdch str\u00e1nk\u00e1ch t\u0159et\u00ed strany, dorazili na webov\u00e9 str\u00e1nky v za \u00fa\u010delem zlep\u0161en\u00ed v\u00fdkonu webov\u00fdch str\u00e1nek a m\u011b\u0159en\u00ed \u00fasp\u011b\u0161nosti e-mailov\u00fdch marketingov\u00fdch kampan\u00ed. V mnoha p\u0159\u00edpadech tyto technologie pro spr\u00e1vn\u00e9 fungov\u00e1n\u00ed spol\u00e9haj\u00ed na soubory cookie. Odm\u00edtnut\u00ed cookies tedy naru\u0161uje jejich funkci.<\/p>\n<h2>Umis\u0165ujete c\u00edlenou reklamu?<\/h2>\n<p>Ehrler und Beck neprovozuje na t\u00e9to webov\u00e9 str\u00e1nce \u017e\u00e1dnou c\u00edlenou reklamu ani nep\u0159ed\u00e1v\u00e1me \u00fadaje t\u0159et\u00edm stran\u00e1m za \u00fa\u010delem shroma\u017e\u010fov\u00e1n\u00ed a \u0161\u00ed\u0159en\u00ed \u00fadaj\u016f pro c\u00edlenou reklamu. Pro v\u00edce informac\u00ed nev\u00e1hejte kontaktovat na\u0161eho pov\u011b\u0159ence pro ochranu osobn\u00edch \u00fadaj\u016f na adrese <a href=\"mailto:Privacy.officer@tiaro.ba\">Privacy.officer@tiaro.ba<\/a> oto\u010dit se.<\/p>\n<h2>Jak \u010dasto budete aktualizovat tyto z\u00e1sady pou\u017e\u00edv\u00e1n\u00ed soubor\u016f cookie?<\/h2>\n<p>Tyto Z\u00e1sady pou\u017e\u00edv\u00e1n\u00ed soubor\u016f cookie m\u016f\u017eeme \u010das od \u010dasu aktualizovat, nap\u0159\u00edklad tak, aby odr\u00e1\u017eely zm\u011bny v souborech cookie, kter\u00e9 pou\u017e\u00edv\u00e1me, nebo z jin\u00fdch provozn\u00edch, pr\u00e1vn\u00edch nebo regula\u010dn\u00edch d\u016fvod\u016f. Proto pros\u00edm pravideln\u011b kontrolujte tyto Z\u00e1sady pou\u017e\u00edv\u00e1n\u00ed soubor\u016f cookie, abyste byli informov\u00e1ni o tom, jak pou\u017e\u00edv\u00e1me soubory cookie a souvisej\u00edc\u00ed technologie.<\/p>\n<p>Datum v horn\u00ed a doln\u00ed \u010d\u00e1sti t\u00e9to str\u00e1nky z\u00e1sad pro soubory cookie ozna\u010duje, kdy byla naposledy aktualizov\u00e1na.<\/p>\n<h2>Kde mohu z\u00edskat v\u00edce informac\u00ed?<\/h2>\n<p>V\u00fdvoj\u00e1\u0159i m\u016f\u017eete poslat e-mail p\u0159\u00edmo na adresu <a href=\"mailto:info@tiaro.com\">info@tiaro.ba<\/a> kontaktujte krom\u011b na\u0161eho pov\u011b\u0159ence pro ochranu \u00fadaj\u016f na adrese <a href=\"mailto:Privacy.officer@tiaro.ba\">Privacy.officer@tiaro.ba<\/a>.<\/p>\n<p>M\u016f\u017eete n\u00e1s tak\u00e9 kontaktovat p\u0159\u00edmo na <a href=\"mailto:info@ehrler-beck.com\">info@ehrler-beck.com<\/a> nebo po\u0161tou na adresu:<\/p>\n<p><strong>Ehrler &amp; Beck vakuov\u00e1 technika a technologie stla\u010den\u00e9ho vzduchu GmbH<\/strong><br \/>\nIndustriestr. 16 D-71272 Renningen<br \/>\nRenningen, B\u00e1densko-W\u00fcrttembersko 71272<br \/>\nN\u011bmecko<br \/>\n<strong>telefony<\/strong>: (+49)715940850<br \/>\n<strong>fax<\/strong>: (+49)7159408585<\/p>\n<p style=\"text-align: right;\"><em>Naposledy aktualizov\u00e1no 16. \u010dervna 2023<\/em><\/p>","protected":false},"excerpt":{"rendered":"<p>COOKIE-RICHTLINIE Zuletzt aktualisiert am 16. Juni 2023 In dieser Cookie-Richtlinie wird erl\u00e4utert, wie die Ehrler &amp; Beck Vakuum- und Drucklufttechnik GmbH (\u201eUnternehmen\u201c, \u201ewir\u201c, \u201euns\u201c und \u201eunser\u201c) Cookies und \u00e4hnliche Technologien verwendet, um Sie zu erkennen, wenn Sie unsere Websites unter https:\/\/ehrler-beck.com, (\u201eWebsite\u201c). Es erkl\u00e4rt, was diese Technologien sind und warum wir sie nutzen, sowie Ihre [&hellip;]<\/p>","protected":false},"author":1,"featured_media":0,"parent":0,"menu_order":0,"comment_status":"closed","ping_status":"closed","template":"","meta":{"footnotes":""},"class_list":["post-9893","page","type-page","status-publish","hentry"],"acf":[],"_links":{"self":[{"href":"https:\/\/ehrler-beck.com\/cs\/wp-json\/wp\/v2\/pages\/9893","targetHints":{"allow":["GET"]}}],"collection":[{"href":"https:\/\/ehrler-beck.com\/cs\/wp-json\/wp\/v2\/pages"}],"about":[{"href":"https:\/\/ehrler-beck.com\/cs\/wp-json\/wp\/v2\/types\/page"}],"author":[{"embeddable":true,"href":"https:\/\/ehrler-beck.com\/cs\/wp-json\/wp\/v2\/users\/1"}],"replies":[{"embeddable":true,"href":"https:\/\/ehrler-beck.com\/cs\/wp-json\/wp\/v2\/comments?post=9893"}],"version-history":[{"count":12,"href":"https:\/\/ehrler-beck.com\/cs\/wp-json\/wp\/v2\/pages\/9893\/revisions"}],"predecessor-version":[{"id":69657,"href":"https:\/\/ehrler-beck.com\/cs\/wp-json\/wp\/v2\/pages\/9893\/revisions\/69657"}],"wp:attachment":[{"href":"https:\/\/ehrler-beck.com\/cs\/wp-json\/wp\/v2\/media?parent=9893"}],"curies":[{"name":"wp","href":"https:\/\/api.w.org\/{rel}","templated":true}]}}