{"id":9360,"date":"2017-12-13T12:22:11","date_gmt":"2017-12-13T11:22:11","guid":{"rendered":"http:\/\/ehrler-beck.com\/hersteller\/alternative-manufacturers"},"modified":"2018-02-01T11:34:00","modified_gmt":"2018-02-01T10:34:00","slug":"alternative-hersteller","status":"publish","type":"page","link":"https:\/\/ehrler-beck.com\/cs\/vyrobce\/alternative-hersteller","title":{"rendered":"Alternative Hersteller"},"content":{"rendered":"<h1>Alternative Hersteller<\/h1>\n<p><span class=\"intro-text\">Ersetzt durch klassische oder moderne Produkte. Alternative Pumpen \/ Kompressoren k\u00f6nnen immer noch eine L\u00f6sung f\u00fcr spezifische Anforderungen bieten. Neben alternativen Pumpen \/ Kompressoren bieten wir ihnen Ersatzteile und Zubeh\u00f6r an.<\/span><\/p>\n<div class=\"tiaro-separator tiaro-full-width-sep\" style=\"align-self: center;margin-left: auto;margin-right: auto;margin-bottom:25px;width:100%;\"><div class=\"tiaro-separator-border sep-shadow\" style=\"--awb-height:20px;--awb-amount:20px;--awb-sep-color:#00b3a7;background:radial-gradient(ellipse at 50% -50% , #00b3a7 0px, rgba(255, 255, 255, 0) 80%) repeat scroll 0 0 rgba(0, 0, 0, 0);background:-webkit-radial-gradient(ellipse at 50% -50% , #00b3a7 0px, rgba(255, 255, 255, 0) 80%) repeat scroll 0 0 rgba(0, 0, 0, 0);background:-moz-radial-gradient(ellipse at 50% -50% , #00b3a7 0px, rgba(255, 255, 255, 0) 80%) repeat scroll 0 0 rgba(0, 0, 0, 0);background:-o-radial-gradient(ellipse at 50% -50% , #00b3a7 0px, rgba(255, 255, 255, 0) 80%) repeat scroll 0 0 rgba(0, 0, 0, 0);\"><\/div><\/div>\n<div class=\"row\">\n<div class=\"col-sm-4\"><a href=\"https:\/\/ehrler-beck.com\/cs\/produkty\/vakuove-pumpy\/rotacni-lamelove-vakuove-cerpadlo-mazane-olejem\/alternativni-zarizeni\/\">Rota\u010dn\u00ed lamelov\u00e9 v\u00fdv\u011bvy, mazan\u00e9 olejem<\/a><\/p>\n<hr \/>\n<p><a href=\"https:\/\/ehrler-beck.com\/cs\/produkty\/vakuove-pumpy\/rotacni-lamelove-vyvevy-bez-oleje\/alternativni-zarizeni-2\/\">Rota\u010dn\u00ed lamelov\u00e9 v\u00fdv\u011bvy, bezolejov\u00e9<\/a><\/p>\n<hr \/>\n<p><a href=\"https:\/\/ehrler-beck.com\/cs\/produkty\/kompresory-a-kompresory\/rotacni-lopatka-bez-oleje\/alternativni-zarizeni-2\/\">Rota\u010dn\u00ed lamelov\u00fd kompresor, bezolejov\u00fd<\/a><\/p>\n<hr \/>\n<\/div>\n<div class=\"col-sm-4\"><a href=\"https:\/\/ehrler-beck.com\/cs\/produkty\/tlakove-vakuova-cerpadla\/rotacni-lopatka-bez-oleje-2\/alternativni-zarizeni-2\/\">Rota\u010dn\u00ed lopatka, bez oleje<\/a><\/p>\n<hr \/>\n<p><a href=\"https:\/\/ehrler-beck.com\/cs\/produkty\/vakuove-pumpy\/vyvevy-s-bocnim-kanalem\/alternativni-zarizeni-2\/\">Vakuov\u00e9 pumpy s bo\u010dn\u00edm kan\u00e1lem<\/a><\/p>\n<hr \/>\n<p><a href=\"https:\/\/ehrler-beck.com\/cs\/produkty\/kompresory-a-kompresory\/kompresor-bocniho-kanalu\/alternativni-garaete\/\">Kompresor bo\u010dn\u00edho kan\u00e1lu<\/a><\/p>\n<hr \/>\n<\/div>\n<div class=\"col-sm-4\"><a href=\"https:\/\/ehrler-beck.com\/cs\/produkty\/vakuove-pumpy\/kapalinokruhove-vakuove-pumpy-2\/alternativni-zarizeni-2\/\">Fl\u00fcssigketsring-Vakuumpumpen<\/a><\/p>\n<hr \/>\n<p><a href=\"https:\/\/ehrler-beck.com\/cs\/produkty\/vakuove-pumpy\/radialni-vyvevy-2\/alternativni-zarizeni-2\/\">Odst\u0159ediv\u00e9 vakuov\u00e9 pumpy<\/a><\/p>\n<hr \/>\n<p><a href=\"https:\/\/ehrler-beck.com\/cs\/produkty\/kompresory-a-kompresory\/odstredivy-kompresor\/alternativni-zarizeni-2\/\">odst\u0159ediv\u00fd kompresor<\/a><\/p>\n<hr \/>\n<\/div>\n<\/div>","protected":false},"excerpt":{"rendered":"<p>Alternative Hersteller Ersetzt durch klassische oder moderne Produkte. Alternative Pumpen \/ Kompressoren k\u00f6nnen immer noch eine L\u00f6sung f\u00fcr spezifische Anforderungen bieten. Neben alternativen Pumpen \/ Kompressoren bieten wir ihnen Ersatzteile und Zubeh\u00f6r an. Drehschieber-Vakuumpumpen, \u00f6lgeschmiert Drehschieber-Vakuumpumpen, \u00f6lfrei Drehschieber-Verdichter, \u00f6lfrei Drehschieber, \u00f6lfrei Seitenkanal-Vakuumpumpen Seitenkanal-Verdichter Fl\u00fcssigketsring-Vakuumpumpen Radial-Vakuumpumpen Radial-Verdichter<\/p>","protected":false},"author":1,"featured_media":0,"parent":374,"menu_order":0,"comment_status":"closed","ping_status":"closed","template":"","meta":{"footnotes":""},"class_list":["post-9360","page","type-page","status-publish","hentry"],"acf":[],"_links":{"self":[{"href":"https:\/\/ehrler-beck.com\/cs\/wp-json\/wp\/v2\/pages\/9360","targetHints":{"allow":["GET"]}}],"collection":[{"href":"https:\/\/ehrler-beck.com\/cs\/wp-json\/wp\/v2\/pages"}],"about":[{"href":"https:\/\/ehrler-beck.com\/cs\/wp-json\/wp\/v2\/types\/page"}],"author":[{"embeddable":true,"href":"https:\/\/ehrler-beck.com\/cs\/wp-json\/wp\/v2\/users\/1"}],"replies":[{"embeddable":true,"href":"https:\/\/ehrler-beck.com\/cs\/wp-json\/wp\/v2\/comments?post=9360"}],"version-history":[{"count":0,"href":"https:\/\/ehrler-beck.com\/cs\/wp-json\/wp\/v2\/pages\/9360\/revisions"}],"up":[{"embeddable":true,"href":"https:\/\/ehrler-beck.com\/cs\/wp-json\/wp\/v2\/pages\/374"}],"wp:attachment":[{"href":"https:\/\/ehrler-beck.com\/cs\/wp-json\/wp\/v2\/media?parent=9360"}],"curies":[{"name":"wp","href":"https:\/\/api.w.org\/{rel}","templated":true}]}}