{"id":8948,"date":"2017-12-11T10:21:05","date_gmt":"2017-12-11T09:21:05","guid":{"rendered":"http:\/\/ehrler-beck.com\/einsatzgebiete\/degassing"},"modified":"2020-12-21T14:05:13","modified_gmt":"2020-12-21T13:05:13","slug":"entgasung","status":"publish","type":"page","link":"https:\/\/ehrler-beck.com\/cs\/oblasti-pouziti\/entgasung","title":{"rendered":"Entgasung"},"content":{"rendered":"<p><div class=\"tiaro-fullwidth fullwidth-box tiaro-builder-row-1 tiaro-flex-container tiaro-parallax-fixed hundred-percent-fullwidth non-hundred-percent-height-scrolling lazyload\" style=\"--awb-border-radius-top-left:0px;--awb-border-radius-top-right:0px;--awb-border-radius-bottom-right:0px;--awb-border-radius-bottom-left:0px;--awb-padding-top:150px;--awb-padding-right:0px;--awb-padding-bottom:150px;--awb-padding-left:0px;--awb-background-size:cover;background-attachment:fixed;\" data-bg=\"https:\/\/ehrler-beck.com\/wp-content\/uploads\/2017\/12\/Degassing_01.jpg\" ><div class=\"tiaro-builder-row tiaro-row tiaro-flex-align-items-stretch\" style=\"width:104% !important;max-width:104% !important;margin-left: calc(-4% \/ 2 );margin-right: calc(-4% \/ 2 );\"><div class=\"tiaro-layout-column tiaro_builder_column tiaro-builder-column-0 tiaro_builder_column_1_1 1_1 tiaro-flex-column\" style=\"--awb-bg-color:rgba(0,0,0,0.79);--awb-bg-size:cover;--awb-width-large:100%;--awb-margin-top-large:0px;--awb-spacing-right-large:1.92%;--awb-margin-bottom-large:5px;--awb-spacing-left-large:1.92%;--awb-width-medium:100%;--awb-spacing-right-medium:1.92%;--awb-spacing-left-medium:1.92%;--awb-width-small:100%;--awb-spacing-right-small:1.92%;--awb-spacing-left-small:1.92%;\"><div class=\"tiaro-column-wrapper tiaro-flex-justify-content-center tiaro-content-layout-column\"><div class=\"tiaro-text tiaro-text-1\"><h1 style=\"text-align: center;\">ENTGASUNG<\/h1>\n<\/div><\/div><\/div><\/div><\/div><div class=\"tiaro-fullwidth fullwidth-box tiaro-builder-row-2 tiaro-flex-container nonhundred-percent-fullwidth non-hundred-percent-height-scrolling\" style=\"--awb-border-radius-top-left:0px;--awb-border-radius-top-right:0px;--awb-border-radius-bottom-right:0px;--awb-border-radius-bottom-left:0px;\" ><div class=\"tiaro-builder-row tiaro-row tiaro-flex-align-items-flex-start\" style=\"max-width:1404px;margin-left: calc(-4% \/ 2 );margin-right: calc(-4% \/ 2 );\"><div class=\"tiaro-layout-column tiaro_builder_column tiaro-builder-column-1 tiaro_builder_column_1_1 1_1 tiaro-flex-column\" style=\"--awb-bg-size:cover;--awb-width-large:100%;--awb-margin-top-large:20px;--awb-spacing-right-large:1.92%;--awb-margin-bottom-large:0px;--awb-spacing-left-large:1.92%;--awb-width-medium:100%;--awb-spacing-right-medium:1.92%;--awb-spacing-left-medium:1.92%;--awb-width-small:100%;--awb-spacing-right-small:1.92%;--awb-spacing-left-small:1.92%;\"><div class=\"tiaro-column-wrapper tiaro-flex-justify-content-flex-start tiaro-content-layout-column\"><div class=\"tiaro-text tiaro-text-2\"><p><span class=\"intro-text\">Das Entgasen von fl\u00fcssigen, past\u00f6sen und feuchten Materialien ist in vielen Bereichen der Industrie eine Kernaufgabe moderner Vakuum und Verdichtertechnik. Dabei wird der Grundstoff durch Vakuum von Gasen und D\u00e4mpfen bzw. Feuchtigkeit befreit und somit werden Produkteigenschaften beeinflusst, beziehungsweise wird die Produktqualit\u00e4t verbessert.<\/span><\/p>\n<p><span class=\"intro-text\">Praxisbeispiele f\u00fcr den Einsatz von Vakuum- und Verdichtertechnologie in Entgasungsprozessen:<br \/>\nEntgasung von past\u00f6sen oder feuchten Massen &#8211; Bei der Produktion von Lebensmitteln<br \/>\nKunststoffentgasung &#8211; Bei der Extrusion von Kunststoffen<br \/>\nStahlentgasung &#8211; Zur Erzeugung hochwertiger St\u00e4hle<br \/>\nMeerwasserentgasung &#8211; Zur optimalen Nuzung von \u00d6lvorkommen<br \/>\nTrinkwasserentgasung &#8211; Zur Steigerung von Qualit\u00e4t und Haltbarkeit<\/span><\/p>\n<\/div><\/div><\/div><\/div><\/div><div class=\"tiaro-fullwidth fullwidth-box tiaro-builder-row-3 tiaro-flex-container tiaro-parallax-fixed nonhundred-percent-fullwidth non-hundred-percent-height-scrolling lazyload\" style=\"--awb-border-radius-top-left:0px;--awb-border-radius-top-right:0px;--awb-border-radius-bottom-right:0px;--awb-border-radius-bottom-left:0px;--awb-background-size:cover;background-attachment:fixed;\" data-bg=\"https:\/\/ehrler-beck.com\/wp-content\/uploads\/2017\/12\/csm_WritingTesting20__ab08bdc8ea.jpg\" ><div class=\"tiaro-builder-row tiaro-row tiaro-flex-align-items-flex-start\" style=\"max-width:1404px;margin-left: calc(-4% \/ 2 );margin-right: calc(-4% \/ 2 );\"><div class=\"tiaro-layout-column tiaro_builder_column tiaro-builder-column-2 tiaro_builder_column_1_1 1_1 tiaro-flex-column\" style=\"--awb-bg-size:cover;--awb-width-large:100%;--awb-margin-top-large:0px;--awb-spacing-right-large:1.92%;--awb-margin-bottom-large:5px;--awb-spacing-left-large:1.92%;--awb-width-medium:100%;--awb-spacing-right-medium:1.92%;--awb-spacing-left-medium:1.92%;--awb-width-small:100%;--awb-spacing-right-small:1.92%;--awb-spacing-left-small:1.92%;\"><div class=\"tiaro-column-wrapper tiaro-flex-justify-content-flex-start tiaro-content-layout-column\"><div class=\"tiaro-text tiaro-text-3\"><p><span class=\"intro-primary\">Kontaktujte n\u00e1s, na\u0161i odborn\u00edci nab\u00edzej\u00ed nejlep\u0161\u00ed \u0159e\u0161en\u00ed pro va\u0161i aplikaci<\/span><\/p>\n<\/div><\/div><\/div><div class=\"tiaro-layout-column tiaro_builder_column tiaro-builder-column-3 tiaro_builder_column_1_2 1_2 tiaro-flex-column\" style=\"--awb-bg-size:cover;--awb-width-large:50%;--awb-margin-top-large:0px;--awb-spacing-right-large:3.84%;--awb-margin-bottom-large:5px;--awb-spacing-left-large:3.84%;--awb-width-medium:50%;--awb-spacing-right-medium:3.84%;--awb-spacing-left-medium:3.84%;--awb-width-small:100%;--awb-spacing-right-small:1.92%;--awb-spacing-left-small:1.92%;\"><div class=\"tiaro-column-wrapper tiaro-flex-justify-content-flex-start tiaro-content-layout-column\">\n<div class=\"wpcf7 no-js\" id=\"wpcf7-f6621-o1\" lang=\"en-US\" dir=\"ltr\">\n<div class=\"screen-reader-response\"><p role=\"status\" aria-live=\"polite\" aria-atomic=\"true\"><\/p> <ul><\/ul><\/div>\n<form action=\"\/cs\/wp-json\/wp\/v2\/pages\/8948#wpcf7-f6621-o1\" method=\"post\" class=\"wpcf7-form init\" aria-label=\"Contact form\" novalidate=\"novalidate\" data-status=\"init\" data-trp-original-action=\"\/cs\/wp-json\/wp\/v2\/pages\/8948#wpcf7-f6621-o1\">\n<div style=\"display: none;\">\n<input type=\"hidden\" name=\"_wpcf7\" value=\"6621\" \/>\n<input type=\"hidden\" name=\"_wpcf7_version\" value=\"5.7.7\" \/>\n<input type=\"hidden\" name=\"_wpcf7_locale\" value=\"en_US\" \/>\n<input type=\"hidden\" name=\"_wpcf7_unit_tag\" value=\"wpcf7-f6621-o1\" \/>\n<input type=\"hidden\" name=\"_wpcf7_container_post\" value=\"0\" \/>\n<input type=\"hidden\" name=\"_wpcf7_posted_data_hash\" value=\"\" \/>\n<input type=\"hidden\" name=\"_wpcf7_recaptcha_response\" value=\"\" \/>\n<\/div>\n<div class=\"one-half\">\n\t<p><label> Jm\u00e9no* <span class=\"wpcf7-form-control-wrap\" data-name=\"first-name\"><input size=\"40\" class=\"wpcf7-form-control wpcf7-text wpcf7-validates-as-required\" aria-required=\"true\" aria-invalid=\"false\" value=\"\" type=\"text\" name=\"first-name\" \/><\/span> <\/label>\n\t<\/p>\n\t<p><label> P\u0159\u00edjmen\u00ed* <span class=\"wpcf7-form-control-wrap\" data-name=\"last-name\"><input size=\"40\" class=\"wpcf7-form-control wpcf7-text wpcf7-validates-as-required\" aria-required=\"true\" aria-invalid=\"false\" value=\"\" type=\"text\" name=\"last-name\" \/><\/span> <\/label>\n\t<\/p>\n\t<p><label> spole\u010dnost <span class=\"wpcf7-form-control-wrap\" data-name=\"company\"><input size=\"40\" class=\"wpcf7-form-control wpcf7-text\" aria-invalid=\"false\" value=\"\" type=\"text\" name=\"company\" \/><\/span> <\/label>\n\t<\/p>\n\t<p><label> Emailov\u00e1 adresa* <span class=\"wpcf7-form-control-wrap\" data-name=\"your-email\"><input size=\"40\" class=\"wpcf7-form-control wpcf7-text wpcf7-email wpcf7-validates-as-required wpcf7-validates-as-email\" aria-required=\"true\" aria-invalid=\"false\" value=\"\" type=\"email\" name=\"your-email\" \/><\/span> <\/label>\n\t<\/p>\n\t<p><label> telefonn\u00ed \u010d\u00edslo <span class=\"wpcf7-form-control-wrap\" data-name=\"your-phone\"><input size=\"40\" class=\"wpcf7-form-control wpcf7-text wpcf7-tel wpcf7-validates-as-tel\" aria-invalid=\"false\" value=\"\" type=\"tel\" name=\"your-phone\" \/><\/span> <\/label>\n\t<\/p>\n\t<p><label> zem\u011b <span class=\"wpcf7-form-control-wrap\" data-name=\"country\"><select class=\"wpcf7-form-control wpcf7-select\" aria-invalid=\"false\" name=\"country\"><option value=\"Deutschland\">N\u011bmecko<\/option><option value=\"\u00d6sterreich\">Rakousko<\/option><option value=\"Belgien\">Belgie<\/option><option value=\"Liechtenstein\">Lichten\u0161tejnsko<\/option><option value=\"Luxemburg\">Lucembursko<\/option><option value=\"Schweiz\">\u0160v\u00fdcarsko<\/option><option value=\"-----\">-----<\/option><option value=\"Afghanistan\">Afgh\u00e1nist\u00e1n<\/option><option value=\"Albanien\">Alb\u00e1nie<\/option><option value=\"Algerien\">Al\u017e\u00edrsko<\/option><option value=\"Amerikanische Jungferninseln\">Americk\u00e9 Panensk\u00e9 ostrovy<\/option><option value=\"Amerikanisch-Samoa\">Americk\u00e1 Samoa<\/option><option value=\"Andorra\">Andorra<\/option><option value=\"Angola\">Angola<\/option><option value=\"Anguilla\">anguilla<\/option><option value=\"Antigua und Barbuda\">Antigua a Barbuda<\/option><option value=\"Argentinien\">Argentina<\/option><option value=\"Armenien\">Arm\u00e9nie<\/option><option value=\"Aruba\">Aruba<\/option><option value=\"Australien\">Austr\u00e1lie<\/option><option value=\"Aserbaidschan\">\u00c1zerbajd\u017e\u00e1n<\/option><option value=\"Bahamas\">Bahamy<\/option><option value=\"Bahrain\">Bahrajn<\/option><option value=\"Bangladesch\">Banglad\u00e9\u0161<\/option><option value=\"Barbados\">Barbados<\/option><option value=\"Belarus\">B\u011blorusko<\/option><option value=\"Belize\">Belize<\/option><option value=\"Benin\">benin<\/option><option value=\"Bermuda\">Bermudy<\/option><option value=\"Bhutan\">Bh\u00fat\u00e1n<\/option><option value=\"Bolivien\">Bol\u00edvie<\/option><option value=\"Bonaire\">Bonaire<\/option><option value=\"Bosnien und Herzegowina\">Bosna a Hercegovina<\/option><option value=\"Botswana\">Botswana<\/option><option value=\"Bouvet-Insel (Bouvetoya)\">Bouvet\u016fv ostrov (Bouvetoya)<\/option><option value=\"Brasilien\">Braz\u00edlie<\/option><option value=\"Britisches Territorium im Indischen Ozean (Chagos-Archipel)\">Britsk\u00e9 indickooce\u00e1nsk\u00e9 \u00fazem\u00ed (souostrov\u00ed Chagos)<\/option><option value=\"Britische Jungferninseln\">Britsk\u00e9 Panensk\u00e9 ostrovy<\/option><option value=\"Brunei Darussalam\">Brunej Darussalam<\/option><option value=\"Bulgarien\">Bulharsko<\/option><option value=\"Burkina Faso\">Burkina Faso<\/option><option value=\"Burundi\">burundi<\/option><option value=\"Kambodscha\">Kambod\u017ea<\/option><option value=\"Kamerun\">Kamerun<\/option><option value=\"Canada\">Kanada<\/option><option value=\"Kap Verde\">Kapverdy<\/option><option value=\"Cayman Islands\">Kajmansk\u00e9 ostrovy<\/option><option value=\"Zentralafrikanische Republik\">St\u0159edoafrick\u00e1 republika<\/option><option value=\"Chad\">\u010cad<\/option><option value=\"Chile\">Chile<\/option><option value=\"Weihnachtsinsel\">v\u00e1no\u010dn\u00ed ostrov<\/option><option value=\"Cocos (Keeling) Inseln\">Kokosov\u00e9 (Keelingovy) ostrovy<\/option><option value=\"Cookinseln\">Cookovy ostrovy<\/option><option value=\"Costa Rica\">Kostarika<\/option><option value=\"Elfenbeink\u00fcste\">Pob\u0159e\u017e\u00ed slonoviny<\/option><option value=\"Kuba\">Kuba<\/option><option value=\"Cura\u00e7ao\">Cura\u00e7ao<\/option><option value=\"Zypern\">Kypr<\/option><option value=\"Zypern\">Kypr<\/option><option value=\"Tschechische Republik\">\u010cesk\u00e1 republika<\/option><option value=\"D\u00e4nemark\">D\u00e1nsko<\/option><option value=\"Dschibuti\">D\u017eibutsko<\/option><option value=\"Dominica\">Dominika<\/option><option value=\"Dominikanische Republik\">Dominik\u00e1nsk\u00e1 republika<\/option><option value=\"Ecuador\">Ekv\u00e1dor<\/option><option value=\"\u00c4gypten\">Egypt<\/option><option value=\"El Salvador\">El Salvador<\/option><option value=\"\u00c4quatorialguinea\">Rovn\u00edkov\u00e1 Guinea<\/option><option value=\"Eritrea\">Eritrea<\/option><option value=\"Estland\">Estonsko<\/option><option value=\"\u00c4thiopien\">Etiopie<\/option><option value=\"Falklandinseln (Malvinas)\">Falklandsk\u00e9 ostrovy (Malv\u00edny)<\/option><option value=\"F\u00e4r\u00f6er\">Faersk\u00e9 ostrovy<\/option><option value=\"Fidschi\">Fid\u017ei<\/option><option value=\"Finnland\">Finsko<\/option><option value=\"Frankreich\">Francie<\/option><option value=\"Franz\u00f6sisch-Guayana\">Francouzsk\u00e1 Guyana<\/option><option value=\"Franz\u00f6sisch-Polynesien\">Francouzsk\u00e1 Polyn\u00e9sie<\/option><option value=\"Franz\u00f6sische S\u00fcdterritorien\">Francouzsk\u00e1 ji\u017en\u00ed \u00fazem\u00ed<\/option><option value=\"Gabun\">Gabon<\/option><option value=\"Gambia\">Gambie<\/option><option value=\"Georgien\">Gruzie<\/option><option value=\"Gibraltar\">Gibraltar<\/option><option value=\"Griechenland\">\u0158ecko<\/option><option value=\"Gr\u00f6nland\">Gr\u00f3nsko<\/option><option value=\"Grenada\">Granada<\/option><option value=\"Guadeloupe\">Guadeloupe<\/option><option value=\"Guam\">Guam<\/option><option value=\"Guatemala\">Guatemala<\/option><option value=\"Guernsey\">Guernsey<\/option><option value=\"Guinea\">Guinea<\/option><option value=\"Guinea-Bissau\">Guinea Bissau<\/option><option value=\"Guyana\">Guyana<\/option><option value=\"Haiti\">Haiti<\/option><option value=\"Heard Island und McDonald Islands\">Ostrov Heard a ostrov McDonald<\/option><option value=\"Heiliger Stuhl (Vatikanstadt)\">Svat\u00fd stolec (Vatik\u00e1n)<\/option><option value=\"Honduras\">Honduras<\/option><option value=\"Hongkong\">Hongkong<\/option><option value=\"Ungarn\">Ma\u010farsko<\/option><option value=\"Island\">Island<\/option><option value=\"Indien\">Indie<\/option><option value=\"Indonesien\">Indon\u00e9sie<\/option><option value=\"Iran\">\u00cdr\u00e1n<\/option><option value=\"Irak\">Ir\u00e1k<\/option><option value=\"Irland\">Irsko<\/option><option value=\"Isle of Man\">Ostrov Man<\/option><option value=\"Israel\">Izrael<\/option><option value=\"Italien\">It\u00e1lie<\/option><option value=\"Jamaika\">Jamaica<\/option><option value=\"Japan\">Japonsko<\/option><option value=\"Jersey\">trikot<\/option><option value=\"Jordanien\">Jord\u00e1n<\/option><option value=\"Kasachstan\">Kazachst\u00e1n<\/option><option value=\"Kasachstan\">Kazachst\u00e1n<\/option><option value=\"Kenia\">Ke\u0148a<\/option><option value=\"Kiribati\">Kiribati<\/option><option value=\"Kolumbien\">Kolumbie<\/option><option value=\"Komoren\">Komory<\/option><option value=\"Kongo\">Kongo<\/option><option value=\"Korea S\u00fcd\">Ji\u017en\u00ed Korea<\/option><option value=\"Kuwait\">Kuvajt<\/option><option value=\"Kirgisische Republik\">Kyrgyzsk\u00e1 republika<\/option><option value=\"Laotische Demokratische Volksrepublik\">Laosk\u00e1 lidov\u011b demokratick\u00e1 republika<\/option><option value=\"Lettland\">Loty\u0161sko<\/option><option value=\"Libanon\">Libanon<\/option><option value=\"Lesotho\">Lesotho<\/option><option value=\"Liberia\">Lib\u00e9rie<\/option><option value=\"Libysche Arabische Jamahiriya\">Libyjsk\u00e1 arabsk\u00e1 d\u017eamahir\u00edja<\/option><option value=\"Litauen\">Litva<\/option><option value=\"Macao\">Macao<\/option><option value=\"Makedonien\">Makedonie<\/option><option value=\"Madagaskar\">Madagaskar<\/option><option value=\"Malawi\">Malawi<\/option><option value=\"Malaysia\">Malajsie<\/option><option value=\"Malediven\">Maledivy<\/option><option value=\"Mali\">mali<\/option><option value=\"Malta\">Malta<\/option><option value=\"Marshallinseln\">Marshallovy ostrovy<\/option><option value=\"Martinique\">Martinik<\/option><option value=\"Mauretanien\">Maurit\u00e1nie<\/option><option value=\"Mauritius\">Mauricius<\/option><option value=\"Mayotte\">Mayotte<\/option><option value=\"Mexiko\">Mexiko<\/option><option value=\"Mikronesien\">Mikron\u00e9sie<\/option><option value=\"Moldau\">Moldavsko<\/option><option value=\"Monaco\">Monako<\/option><option value=\"Mongolei\">Mongolsko<\/option><option value=\"Montenegro\">\u010cern\u00e1 Hora<\/option><option value=\"Montserrat\">Montserrat<\/option><option value=\"Marokko\">Maroko<\/option><option value=\"Mosambik\">Mosambik<\/option><option value=\"Myanmar\">Myanmar<\/option><option value=\"Namibia\">Namibie<\/option><option value=\"Nauru\">Nauru<\/option><option value=\"Nepal\">Nep\u00e1l<\/option><option value=\"Niederlande\">Holandsko<\/option><option value=\"Niederl\u00e4ndische Antillen\">Nizozemsk\u00e9 Antily<\/option><option value=\"Neukaledonien\">Nov\u00e1 Kaledonie<\/option><option value=\"Neuseeland\">Nov\u00fd Z\u00e9land<\/option><option value=\"Nicaragua\">Nikaragua<\/option><option value=\"Niger\">Niger<\/option><option value=\"Nigeria\">Nig\u00e9rie<\/option><option value=\"Niue\">Nov\u00fd<\/option><option value=\"Norfolkinsel\">Ostrov Norfolk<\/option><option value=\"N\u00f6rdliche Marianen\">Severn\u00ed Mariany<\/option><option value=\"Norwegen\">Norsko<\/option><option value=\"Oman\">Om\u00e1n<\/option><option value=\"Pakistan\">P\u00e1kist\u00e1n<\/option><option value=\"Palau\">Palau<\/option><option value=\"Pal\u00e4stinensische Gebiete\">Palestinsk\u00e1 \u00fazem\u00ed<\/option><option value=\"Panama\">Panama<\/option><option value=\"Papua-Neuguinea\">Papua-Nov\u00e1 Guinea<\/option><option value=\"Paraguay\">Paraguay<\/option><option value=\"Peru\">Peru<\/option><option value=\"Philippinen\">Filip\u00edny<\/option><option value=\"Pitcairninseln\">Pitcairnovy ostrovy<\/option><option value=\"Polen\">Polsko<\/option><option value=\"Portugal\">Portugalsko<\/option><option value=\"Puerto Rico\">Portoriko<\/option><option value=\"Katar\">Katar<\/option><option value=\"R\u00e9union\">Shled\u00e1n\u00ed<\/option><option value=\"Rum\u00e4nien\">Rumunsko<\/option><option value=\"Russische F\u00f6deration\">Rusk\u00e1 Federace<\/option><option value=\"Ruanda\">Rwanda<\/option><option value=\"Sankt Barth\u00e9lemy\">Svat\u00fd Bartolom\u011bj<\/option><option value=\"Heilige Helena\">Svat\u00e1 Helena<\/option><option value=\"Heilige Kitts und Nevis\">Svat\u00fd Kry\u0161tof a Nevis<\/option><option value=\"Heilige Lucia\">Svat\u00e1 Lucie<\/option><option value=\"Heilige Martin\">Svat\u00fd Martin<\/option><option value=\"Saint Pierre und Miquelon\">Saint Pierre a Miquelon<\/option><option value=\"St. Vincent und die Grenadinen\">Svat\u00fd Vincenc a Grenadiny<\/option><option value=\"Sambia\">Zambie<\/option><option value=\"Samoa\">Samoa<\/option><option value=\"San Marino\">San Marino<\/option><option value=\"Sao Tome und Principe\">Svat\u00fd Tom\u00e1\u0161 a Princ\u016fv ostrov<\/option><option value=\"Saudi-Arabien\">Saudsk\u00e1 ar\u00e1bie<\/option><option value=\"Senegal\">Senegal<\/option><option value=\"Serbien\">Srbsko<\/option><option value=\"Seychellen\">Seychely<\/option><option value=\"Sierra Leone\">Sierra Leone<\/option><option value=\"Simbabwe\">Zimbabwe<\/option><option value=\"Singapur\">Singapur<\/option><option value=\"Sint Maarten (Niederlande)\">Sint Maarten (Nizozemsko)<\/option><option value=\"Slowakei (Slowakische Republik)\">Slovensko (Slovensk\u00e1 republika)<\/option><option value=\"Slowenien\">Slovinsko<\/option><option value=\"Salomonen\">Solomonovy ostrovy<\/option><option value=\"Somalia\">Som\u00e1lsko<\/option><option value=\"S\u00fcdafrika\">Ji\u017en\u00ed Afrika<\/option><option value=\"S\u00fcdgeorgien &amp; S. Sandwichinseln\">Ji\u017en\u00ed Georgie a S. Sandwichovy ostrovy<\/option><option value=\"Spanien\">\u0160pan\u011blsko<\/option><option value=\"Sri Lanka\">Sr\u00ed Lanka<\/option><option value=\"Sudan\">S\u00fad\u00e1n<\/option><option value=\"Suriname\">Surinam<\/option><option value=\"Svalbard &amp; Jan Mayen Inseln\">Svalbard a ostrovy Jan Mayen<\/option><option value=\"Swasiland\">Svazijsko<\/option><option value=\"Schweden\">\u0160v\u00e9dsko<\/option><option value=\"Syrische Arabische Republik\">Syrsk\u00e1 Arabsk\u00e1 republika<\/option><option value=\"Taiwan\">Tchaj-wan<\/option><option value=\"Tadschikistan\">T\u00e1d\u017eikist\u00e1n<\/option><option value=\"Tansania\">Tanzanie<\/option><option value=\"Timor-Leste\">V\u00fdchodn\u00ed Timor<\/option><option value=\"Togo\">J\u00edt<\/option><option value=\"Tokelau\">Tokelau<\/option><option value=\"Tonga\">Tonga<\/option><option value=\"Trinidad und Tobago\">Trinidad a Tobago<\/option><option value=\"Tunesien\">Tunisko<\/option><option value=\"T\u00fcrkei\">Turecko<\/option><option value=\"Turkmenistan\">Turkmenist\u00e1n<\/option><option value=\"Turks- und Caicosinseln\">ostrovy Turks a Cacois<\/option><option value=\"Tuvalu\">Tuvalu<\/option><option value=\"Upper Minor Outlying Islands\">Horn\u00ed Mal\u00e9 odlehl\u00e9 ostrovy<\/option><option value=\"Uganda\">Uganda<\/option><option value=\"Ukraine\">Ukrajina<\/option><option value=\"Vereinigte Arabische Emirate\">Spojen\u00e9 arabsk\u00e9 emir\u00e1ty<\/option><option value=\"Vereinigte Staaten von Amerika\">Spojen\u00e9 st\u00e1ty americk\u00e9<\/option><option value=\"Vereinigtes K\u00f6nigreich\">Spojen\u00e9 kr\u00e1lovstv\u00ed<\/option><option value=\"Uruguay\">Uruguay<\/option><option value=\"Usbekistan\">Uzbekist\u00e1n<\/option><option value=\"Vanuatu\">Vanuatu<\/option><option value=\"Venezuela\">Venezuela<\/option><option value=\"Vietnam\">Vietnam<\/option><option value=\"Wallis und Futuna\">Wallis a Futuna<\/option><option value=\"Westsahara\">z\u00e1padn\u00ed Sahara<\/option><option value=\"Jemen\">Jemen<\/option><\/select><\/span> <\/label>\n\t<\/p>\n\t<p><label> adresa <span class=\"wpcf7-form-control-wrap\" data-name=\"address\"><input size=\"40\" class=\"wpcf7-form-control wpcf7-text\" aria-invalid=\"false\" value=\"\" type=\"text\" name=\"address\" \/><\/span> <\/label>\n\t<\/p>\n<\/div>\n<div class=\"one-half last\">\n\t<p><label> Ohledn\u011b <span class=\"wpcf7-form-control-wrap subject-name\"><input name=\"subject-name\" class=\"wpcf7-form-control wpcf7dtx-dynamictext wpcf7-dynamictext\" size=\"40\" aria-invalid=\"false\" type=\"text\" value=\"Entgasung\" \/><\/span><\/label>\n\t<\/p>\n\t<p><label> Zpr\u00e1vy* <span class=\"wpcf7-form-control-wrap\" data-name=\"your-message\"><textarea cols=\"40\" rows=\"10\" class=\"wpcf7-form-control wpcf7-textarea\" aria-invalid=\"false\" name=\"your-message\"><\/textarea><\/span> <\/label>\n\t<\/p>\n\t<p><span class=\"wpcf7-form-control-wrap\" data-name=\"checkbox-403\"><span class=\"wpcf7-form-control wpcf7-checkbox wpcf7-validates-as-required\"><span class=\"wpcf7-list-item first last\"><label><input type=\"checkbox\" name=\"checkbox-403[]\" value=\"Ehrler &amp; Beck verwendet die zur Verf\u00fcgung gestellten Informationen nur zu Kontaktzwecken, Details entnehmen Sie bitte unserer Datenschutzerkl\u00e4rung.\" \/><span class=\"wpcf7-list-item-label\">Ehrler &amp; Beck pou\u017e\u00edv\u00e1 poskytnut\u00e9 informace pouze pro kontaktn\u00ed \u00fa\u010dely. Podrobnosti naleznete v na\u0161em prohl\u00e1\u0161en\u00ed o ochran\u011b \u00fadaj\u016f.<\/span><\/label><\/span><\/span><\/span>\n\t<\/p>\n\t<p><span style=\"font-size: 10pt;\">*Povinn\u00e1 pole<\/span>\n\t<\/p>\n<\/div>\n<div class=\"tiaro-button-wrapper tiaro-alignright\">\n\t<p><input class=\"wpcf7-form-control has-spinner wpcf7-submit\" type=\"submit\" value=\"POSLAT \u017d\u00c1DOST\" \/>\n\t<\/p>\n<\/div>\n<p>&nbsp;\n<\/p><div class=\"tiaro-alert alert custom alert-custom tiaro-alert-center wpcf7-response-output alert-dismissable\" style=\"--awb-border-size:1px;\" role=\"alert\"><div class=\"tiaro-alert-content-wrapper\"><span class=\"tiaro-alert-content\"><\/span><\/div><button type=\"button\" class=\"close toggle-alert\" data-dismiss=\"alert\" aria-label=\"Close\">\u00d7<\/button><\/div>\n<input type=\"hidden\" name=\"trp-form-language\" value=\"cs\"\/><\/form>\n<\/div>\n<\/div><\/div><\/div><\/div><\/p>","protected":false},"excerpt":{"rendered":"","protected":false},"author":1,"featured_media":0,"parent":8784,"menu_order":0,"comment_status":"closed","ping_status":"closed","template":"100-width.php","meta":{"footnotes":""},"class_list":["post-8948","page","type-page","status-publish","hentry"],"acf":[],"_links":{"self":[{"href":"https:\/\/ehrler-beck.com\/cs\/wp-json\/wp\/v2\/pages\/8948","targetHints":{"allow":["GET"]}}],"collection":[{"href":"https:\/\/ehrler-beck.com\/cs\/wp-json\/wp\/v2\/pages"}],"about":[{"href":"https:\/\/ehrler-beck.com\/cs\/wp-json\/wp\/v2\/types\/page"}],"author":[{"embeddable":true,"href":"https:\/\/ehrler-beck.com\/cs\/wp-json\/wp\/v2\/users\/1"}],"replies":[{"embeddable":true,"href":"https:\/\/ehrler-beck.com\/cs\/wp-json\/wp\/v2\/comments?post=8948"}],"version-history":[{"count":2,"href":"https:\/\/ehrler-beck.com\/cs\/wp-json\/wp\/v2\/pages\/8948\/revisions"}],"predecessor-version":[{"id":47374,"href":"https:\/\/ehrler-beck.com\/cs\/wp-json\/wp\/v2\/pages\/8948\/revisions\/47374"}],"up":[{"embeddable":true,"href":"https:\/\/ehrler-beck.com\/cs\/wp-json\/wp\/v2\/pages\/8784"}],"wp:attachment":[{"href":"https:\/\/ehrler-beck.com\/cs\/wp-json\/wp\/v2\/media?parent=8948"}],"curies":[{"name":"wp","href":"https:\/\/api.w.org\/{rel}","templated":true}]}}