{"id":7769,"date":"2017-11-29T21:05:39","date_gmt":"2017-11-29T20:05:39","guid":{"rendered":"http:\/\/ehrler-beck.com\/imprint"},"modified":"2024-08-09T13:29:19","modified_gmt":"2024-08-09T11:29:19","slug":"impressum","status":"publish","type":"page","link":"https:\/\/ehrler-beck.com\/cs\/otisk-2","title":{"rendered":"otisk"},"content":{"rendered":"<h1>Otisk Ehrler &amp; Beck Vacuum and Compressed Air Technology GmbH<\/h1>\n<p style=\"text-align: right;\"><span style=\"font-size: 10pt;\"><em>Letzte Aktualisierung: 09.08.2024<\/em><\/span><\/p>\n<p><strong><span class=\"color-primary\">GF<\/span><\/strong>: Dennis Schroeder<br \/>\nIndustriestr. 16<br \/>\n71272 Renningen<br \/>\nN\u011bmecko<\/p>\n<p><strong><span class=\"color-primary\">telefon<\/span><\/strong>: +49 (0) 7159 \/ 4085-0<br \/>\n<strong><span class=\"color-primary\">fax<\/span><\/strong>: +49 (0) 7159 \/ 4085-85<br \/>\n<a href=\"mailto:info@ehrler-beck.com\">info@ehrler-beck.com<\/a><br \/>\n<a href=\"https:\/\/ehrler-beck.com\/en\/\">www.ehrler-beck.com\/de\/<\/a><\/p>\n<p><strong><span class=\"color-primary\">komer\u010dn\u00ed registr<\/span><\/strong>:<br \/>\nOkresn\u00ed soud: Stuttgart<br \/>\nRegistra\u010dn\u00ed \u010d\u00edslo: HRB 251776<\/p>\n<p><strong><span class=\"color-primary\">DPH registra\u010dn\u00ed \u010d\u00edslo:<\/span><\/strong><br \/>\nDE145998269<\/p>\n<div><strong>Koncepce, design, v\u00fdvoj a odpov\u011bdnost za obsah:<\/strong><\/div>\n<div>Rafael Budimir ve spole\u010dnosti Tiaro Digital Agency<\/div>\n<div><strong>Web<\/strong>: tiaro.eu<br \/>\n<strong>E-mailem<\/strong>: info@tiaro.eu<\/div>\n<p><strong><span class=\"color-primary\">Dotazy, n\u00e1vrhy a p\u0159ipom\u00ednky<\/span><\/strong>:<br \/>\nSouvisej\u00edc\u00ed s webem: <a href=\"mailto:info@tiaro.eu\">info@tiaro.eu<\/a><br \/>\nObecn\u00fd dotaz na Ehrler &amp; Beck GmbH: <a href=\"mailto:info@ehrler-beck.com\">info@ehrler-beck.com<\/a><\/p>\n<div class=\"tiaro-separator\" style=\"align-self: center;margin-left: auto;margin-right: auto;margin-bottom:10px;width:100%;max-width:80%;\"><div class=\"tiaro-separator-border sep-single sep-dashed\" style=\"--awb-height:20px;--awb-amount:20px;--awb-sep-color:#00b3a7;border-color:#00b3a7;border-top-width:1px;\"><\/div><\/div>\n<h3>Odpov\u011bdnost za obsah:<\/h3>\n<p>Obsah na\u0161ich str\u00e1nek byl vytvo\u0159en s velkou pe\u010dlivost\u00ed. Nem\u016f\u017eeme v\u0161ak zaru\u010dit, \u017ee obsah je spr\u00e1vn\u00fd, \u00fapln\u00fd nebo aktu\u00e1ln\u00ed. Jako poskytovatel slu\u017eeb odpov\u00edd\u00e1me za vlastn\u00ed obsah na t\u011bchto str\u00e1nk\u00e1ch podle \u00a7 6 odst. 1 MDStV a \u00a7 8 odst. 1 n\u011bmeck\u00e9ho z\u00e1kona o teleslu\u017eb\u00e1ch (TDG). Poskytovatel\u00e9 slu\u017eeb v\u0161ak nejsou povinni sledovat informace t\u0159et\u00edch stran, kter\u00e9 p\u0159en\u00e1\u0161ej\u00ed nebo ukl\u00e1daj\u00ed, ani vy\u0161et\u0159ovat okolnosti, kter\u00e9 nazna\u010duj\u00ed nez\u00e1konnou \u010dinnost. Povinnosti odstranit nebo zablokovat pou\u017eit\u00ed informac\u00ed podle obecn\u00fdch z\u00e1kon\u016f z\u016fst\u00e1vaj\u00ed nedot\u010deny. Odpov\u011bdnost v tomto ohledu je v\u0161ak mo\u017en\u00e1 a\u017e od okam\u017eiku, kdy je zn\u00e1ma znalost konkr\u00e9tn\u00edho poru\u0161en\u00ed z\u00e1kona. Jakmile se dozv\u00edme o jak\u00e9mkoli poru\u0161en\u00ed z\u00e1kona, okam\u017eit\u011b tento obsah odstran\u00edme.<\/p>\n<h3>Odpov\u011bdnost za odkazy:<\/h3>\n<p>Na\u0161e nab\u00eddka obsahuje odkazy na extern\u00ed webov\u00e9 str\u00e1nky t\u0159et\u00edch stran, na jejich\u017e obsah nem\u00e1me \u017e\u00e1dn\u00fd vliv. Proto nem\u016f\u017eeme p\u0159evz\u00edt \u017e\u00e1dnou odpov\u011bdnost za tento extern\u00ed obsah. Za obsah odkazovan\u00fdch str\u00e1nek je v\u017edy odpov\u011bdn\u00fd p\u0159\u00edslu\u0161n\u00fd poskytovatel nebo provozovatel str\u00e1nek. Odkazovan\u00e9 str\u00e1nky byly v dob\u011b propojen\u00ed zkontrolov\u00e1ny z hlediska mo\u017en\u00e9ho poru\u0161en\u00ed z\u00e1kona. Neleg\u00e1ln\u00ed obsah nebyl v dob\u011b propojen\u00ed rozpoznateln\u00fd. Trval\u00e1 kontrola obsahu odkazovan\u00fdch str\u00e1nek v\u0161ak nen\u00ed rozumn\u00e1 bez konkr\u00e9tn\u00edch d\u016fkaz\u016f o poru\u0161en\u00ed. Jakmile se dozv\u00edme o poru\u0161en\u00ed z\u00e1kona, takov\u00e9 odkazy okam\u017eit\u011b odstran\u00edme.<\/p>\n<h3>Autorsk\u00e1 pr\u00e1va:<\/h3>\n<p>Provozovatel\u00e9 str\u00e1nek vynakl\u00e1daj\u00ed maxim\u00e1ln\u00ed \u00fasil\u00ed, aby v\u017edy dodr\u017eovali autorsk\u00e1 pr\u00e1va ostatn\u00edch nebo pou\u017e\u00edvali vlastn\u00ed vytvo\u0159en\u00e1 a bezlicen\u010dn\u00ed d\u00edla. Obsah a d\u00edla na t\u011bchto str\u00e1nk\u00e1ch vytvo\u0159en\u00e1 provozovateli str\u00e1nek podl\u00e9haj\u00ed n\u011bmeck\u00e9mu autorsk\u00e9mu pr\u00e1vu. P\u0159\u00edsp\u011bvky t\u0159et\u00edch stran jsou takto ozna\u010deny. Kop\u00edrov\u00e1n\u00ed, \u00fapravy, distribuce a jak\u00fdkoli druh vyu\u017eit\u00ed mimo limity autorsk\u00fdch pr\u00e1v vy\u017eaduj\u00ed p\u00edsemn\u00fd souhlas p\u0159\u00edslu\u0161n\u00e9ho autora nebo tv\u016frce. Stahov\u00e1n\u00ed a kopie tohoto webu jsou povoleny pouze pro soukrom\u00e9, nekomer\u010dn\u00ed pou\u017eit\u00ed.<\/p>\n<h3>Ochrana dat:<\/h3>\n<p>Pokud jsou na na\u0161ich webov\u00fdch str\u00e1nk\u00e1ch shroma\u017e\u010fov\u00e1ny osobn\u00ed \u00fadaje (nap\u0159. jm\u00e9no, adresa nebo e-mailov\u00e9 adresy), d\u011bje se tak v\u017edy, pokud je to mo\u017en\u00e9, dobrovoln\u011b. Nab\u00eddky a slu\u017eby lze v r\u00e1mci mo\u017enost\u00ed vyu\u017e\u00edt v\u017edy bez poskytnut\u00ed osobn\u00edch \u00fadaj\u016f.<br \/>\nPou\u017eit\u00ed kontaktn\u00edch \u00fadaj\u016f zve\u0159ejn\u011bn\u00fdch v r\u00e1mci tir\u00e1\u017eov\u00e9 povinnosti t\u0159et\u00edmi stranami k zas\u00edl\u00e1n\u00ed nevy\u017e\u00e1dan\u00fdch reklamn\u00edch a informa\u010dn\u00edch materi\u00e1l\u016f je t\u00edmto v\u00fdslovn\u011b zak\u00e1z\u00e1no. Provozovatel\u00e9 str\u00e1nek si v\u00fdslovn\u011b vyhrazuj\u00ed pr\u00e1vo podniknout pr\u00e1vn\u00ed kroky v p\u0159\u00edpad\u011b zas\u00edl\u00e1n\u00ed nevy\u017e\u00e1dan\u00e9 reklamy, jako jsou spamov\u00e9 e-maily.<\/p>","protected":false},"excerpt":{"rendered":"<p>Impressum Ehrler &amp; Beck Vakuum- und Drucklufttechnik GmbH Letzte Aktualisierung: 09.08.2024 GF: Dennis Schroeder Industriestr. 16 71272 Renningen Deutschland Tel: +49 (0) 7159 \/ 4085-0 Fax: +49 (0) 7159 \/ 4085-85 info@ehrler-beck.com www.ehrler-beck.com\/de\/ Handelsregister: Bezirksgericht: Stuttgart Registriernummer: HRB 251776 VAT Registrationsnummer: DE 145998269 Konzept, Design, Entwicklung und Verantwortung f\u00fcr den Inhalt: Rafael Budimir at Tiaro [&hellip;]<\/p>","protected":false},"author":1,"featured_media":0,"parent":0,"menu_order":0,"comment_status":"closed","ping_status":"closed","template":"","meta":{"footnotes":""},"class_list":["post-7769","page","type-page","status-publish","hentry"],"acf":[],"_links":{"self":[{"href":"https:\/\/ehrler-beck.com\/cs\/wp-json\/wp\/v2\/pages\/7769","targetHints":{"allow":["GET"]}}],"collection":[{"href":"https:\/\/ehrler-beck.com\/cs\/wp-json\/wp\/v2\/pages"}],"about":[{"href":"https:\/\/ehrler-beck.com\/cs\/wp-json\/wp\/v2\/types\/page"}],"author":[{"embeddable":true,"href":"https:\/\/ehrler-beck.com\/cs\/wp-json\/wp\/v2\/users\/1"}],"replies":[{"embeddable":true,"href":"https:\/\/ehrler-beck.com\/cs\/wp-json\/wp\/v2\/comments?post=7769"}],"version-history":[{"count":14,"href":"https:\/\/ehrler-beck.com\/cs\/wp-json\/wp\/v2\/pages\/7769\/revisions"}],"predecessor-version":[{"id":160364,"href":"https:\/\/ehrler-beck.com\/cs\/wp-json\/wp\/v2\/pages\/7769\/revisions\/160364"}],"wp:attachment":[{"href":"https:\/\/ehrler-beck.com\/cs\/wp-json\/wp\/v2\/media?parent=7769"}],"curies":[{"name":"wp","href":"https:\/\/api.w.org\/{rel}","templated":true}]}}