{"id":7683,"date":"2017-11-29T10:51:17","date_gmt":"2017-11-29T09:51:17","guid":{"rendered":"http:\/\/ehrler-beck.com\/produkte\/pressure-vacuum-pumps\/claw-pressure-vacuum-pumps"},"modified":"2024-02-01T08:19:00","modified_gmt":"2024-02-01T07:19:00","slug":"klauen-druck-vakuumpumpen","status":"publish","type":"page","link":"https:\/\/ehrler-beck.com\/cs\/produkty\/tlakove-vakuova-cerpadla\/zubove-tlakove-vakuove-pumpy","title":{"rendered":"Zubov\u00e9 tlakov\u00e9 vakuov\u00e9 pumpy"},"content":{"rendered":"<p><div class=\"tiaro-fullwidth fullwidth-box tiaro-builder-row-1 tiaro-flex-container tiaro-parallax-none nonhundred-percent-fullwidth non-hundred-percent-height-scrolling lazyload\" style=\"--awb-border-radius-top-left:0px;--awb-border-radius-top-right:0px;--awb-border-radius-bottom-right:0px;--awb-border-radius-bottom-left:0px;--awb-padding-top:61px;--awb-padding-bottom:61px;--awb-background-size:cover;\" data-bg=\"https:\/\/ehrler-beck.com\/wp-content\/uploads\/2017\/09\/Claw-Technology-Background.jpg\" ><div class=\"tiaro-builder-row tiaro-row tiaro-flex-align-items-flex-start\" style=\"max-width:1404px;margin-left: calc(-4% \/ 2 );margin-right: calc(-4% \/ 2 );\"><div class=\"tiaro-layout-column tiaro_builder_column tiaro-builder-column-0 tiaro_builder_column_1_1 1_1 tiaro-flex-column\" style=\"--awb-bg-size:cover;--awb-width-large:100%;--awb-margin-top-large:0px;--awb-spacing-right-large:1.92%;--awb-margin-bottom-large:0px;--awb-spacing-left-large:1.92%;--awb-width-medium:100%;--awb-spacing-right-medium:1.92%;--awb-spacing-left-medium:1.92%;--awb-width-small:100%;--awb-spacing-right-small:1.92%;--awb-spacing-left-small:1.92%;\"><div class=\"tiaro-column-wrapper tiaro-flex-justify-content-flex-start tiaro-content-layout-column\"><div class=\"tiaro-text tiaro-text-1\"><h1>TLAKOV\u00c9 VAKUOV\u00c9 \u010cERPADLA CLAW<img decoding=\"async\" class=\"lazyload alignright wp-image-53\" src=\"https:\/\/ehrler-beck.com\/wp-content\/uploads\/2017\/07\/Claw-Technology-Icon.png\" data-orig-src=\"https:\/\/ehrler-beck.com\/wp-content\/uploads\/2017\/07\/Claw-Technology-Icon.png\" alt=\"Dr\u00e1pov\u00e9 vakuov\u00e9 pumpy\" width=\"80\" height=\"80\" srcset=\"data:image\/svg+xml,%3Csvg%20xmlns%3D%27http%3A%2F%2Fwww.w3.org%2F2000%2Fsvg%27%20width%3D%2780%27%20height%3D%2780%27%20viewBox%3D%270%200%2080%2080%27%3E%3Crect%20width%3D%2780%27%20height%3D%2780%27%20fill-opacity%3D%220%22%2F%3E%3C%2Fsvg%3E\" data-srcset=\"https:\/\/ehrler-beck.com\/wp-content\/uploads\/2017\/07\/Claw-Technology-Icon-66x66.png 66w, https:\/\/ehrler-beck.com\/wp-content\/uploads\/2017\/07\/Claw-Technology-Icon.png 100w\" data-sizes=\"auto\" data-orig-sizes=\"(max-width: 80px) 100vw, 80px\" \/><\/h1>\n<\/div><\/div><\/div><div class=\"tiaro-layout-column tiaro_builder_column tiaro-builder-column-1 tiaro_builder_column_1_1 1_1 tiaro-flex-column\" style=\"--awb-bg-size:cover;--awb-width-large:100%;--awb-margin-top-large:0px;--awb-spacing-right-large:1.92%;--awb-margin-bottom-large:5px;--awb-spacing-left-large:1.92%;--awb-width-medium:100%;--awb-spacing-right-medium:1.92%;--awb-spacing-left-medium:1.92%;--awb-width-small:100%;--awb-spacing-right-small:1.92%;--awb-spacing-left-small:1.92%;\"><div class=\"tiaro-column-wrapper tiaro-flex-justify-content-flex-start tiaro-content-layout-column\"><div class=\"tiaro-text tiaro-text-2\"><p><span class=\"intro-text\">Modern\u00ed zubov\u00e1 tlako-vakuov\u00e1 \u010derpadla provozuj\u00ed bezolejov\u00fd tlak a vakuum lze kombinovat v jednom zubov\u00e9m stupni. V\u0161echny provozn\u00ed body na stran\u011b tlaku a s\u00e1n\u00ed funguj\u00ed. (\u0159ada KLR) s mo\u017enost\u00ed dob\u00edjen\u00ed vzduchu. Zubov\u00e1 kombinovan\u00e1 \u010derpadla jsou jednou z nejd\u016fle\u017eit\u011bj\u0161\u00edch sou\u010d\u00e1st\u00ed trhu. Such\u00fd a bezdotykov\u00fd provoz a integrovan\u00fd chladic\u00ed syst\u00e9m sni\u017euj\u00ed provozn\u00ed n\u00e1klady na minimum.<\/span><\/p>\n<div class=\"tiaro-button-wrapper\"><a class=\"tiaro-button button-flat tiaro-button-default-size button-default tiaro-button-default button-1 tiaro-button-default-span tiaro-button-default-type\" style=\"--button-border-radius-top-left:0;--button-border-radius-top-right:0;--button-border-radius-bottom-right:0;--button-border-radius-bottom-left:0;\" target=\"_self\" href=\"https:\/\/ehrler-beck.com\/cs\/technologii\/technologie-tlakovych-vakuovych-cerpadel\/zubove-tlakove-vakuove-pumpy-2\/\"><span class=\"tiaro-button-text\">pokra\u010dovat ve \u010dten\u00ed<\/span><\/a><\/div>\n<\/div><\/div><\/div><\/div><\/div><div class=\"tiaro-fullwidth fullwidth-box tiaro-builder-row-2 tiaro-flex-container nonhundred-percent-fullwidth non-hundred-percent-height-scrolling\" style=\"--awb-border-radius-top-left:0px;--awb-border-radius-top-right:0px;--awb-border-radius-bottom-right:0px;--awb-border-radius-bottom-left:0px;\" ><div class=\"tiaro-builder-row tiaro-row tiaro-flex-align-items-flex-start\" style=\"max-width:1404px;margin-left: calc(-4% \/ 2 );margin-right: calc(-4% \/ 2 );\"><div class=\"tiaro-layout-column tiaro_builder_column tiaro-builder-column-2 tiaro_builder_column_1_2 1_2 tiaro-flex-column tiaro-column-inner-bg-wrapper\" style=\"--awb-padding-top:315px;--awb-inner-bg-position:center center;--awb-inner-bg-size:cover;--awb-border-color:#00b3a7;--awb-border-top:1px;--awb-border-right:1px;--awb-border-bottom:1px;--awb-border-left:1px;--awb-border-style:solid;--awb-width-large:50%;--awb-margin-top-large:2%;--awb-spacing-right-large:1.92%;--awb-margin-bottom-large:2%;--awb-spacing-left-large:1.92%;--awb-width-medium:50%;--awb-order-medium:0;--awb-spacing-right-medium:1.92%;--awb-spacing-left-medium:1.92%;--awb-width-small:100%;--awb-order-small:0;--awb-spacing-right-small:1.92%;--awb-spacing-left-small:1.92%;\"><span class=\"tiaro-column-inner-bg hover-type-zoomin\"><a class=\"tiaro-column-anchor\" href=\"https:\/\/ehrler-beck.com\/cs\/produkty\/tlakove-vakuova-cerpadla\/zubove-tlakove-vakuove-pumpy\/serie-c-klr\/\"><span class=\"tiaro-column-inner-bg-image lazyload\" data-bg=\"https:\/\/ehrler-beck.com\/wp-content\/uploads\/2022\/08\/C-KLR-Klauen-Druck-Vakuumpumpen-Serie.jpg\"><\/span><\/a><\/span><div class=\"tiaro-column-wrapper tiaro-column-has-shadow tiaro-flex-justify-content-flex-start tiaro-content-layout-column\" data-bg-url=\"https:\/\/ehrler-beck.com\/wp-content\/uploads\/2022\/08\/C-KLR-Klauen-Druck-Vakuumpumpen-Serie.jpg\"><div class=\"tiaro-text tiaro-text-3\"><h2 style=\"text-align: right; background-color: #e2e2e2e3; padding-top: 15px; padding-right: 15px; padding-bottom: 15px; margin-left: 50%; border-radius: 50px 0px 0px 0px; margin-bottom: 0px;\">s\u00e9rie C-KLR <span style=\"font-size: 14pt;\">(Elmo Rietschle)<\/span><\/h2>\n<\/div><\/div><\/div><\/div><\/div><\/p>","protected":false},"excerpt":{"rendered":"","protected":false},"author":1,"featured_media":0,"parent":1811,"menu_order":0,"comment_status":"closed","ping_status":"closed","template":"100-width.php","meta":{"footnotes":""},"class_list":["post-7683","page","type-page","status-publish","hentry"],"acf":[],"_links":{"self":[{"href":"https:\/\/ehrler-beck.com\/cs\/wp-json\/wp\/v2\/pages\/7683","targetHints":{"allow":["GET"]}}],"collection":[{"href":"https:\/\/ehrler-beck.com\/cs\/wp-json\/wp\/v2\/pages"}],"about":[{"href":"https:\/\/ehrler-beck.com\/cs\/wp-json\/wp\/v2\/types\/page"}],"author":[{"embeddable":true,"href":"https:\/\/ehrler-beck.com\/cs\/wp-json\/wp\/v2\/users\/1"}],"replies":[{"embeddable":true,"href":"https:\/\/ehrler-beck.com\/cs\/wp-json\/wp\/v2\/comments?post=7683"}],"version-history":[{"count":4,"href":"https:\/\/ehrler-beck.com\/cs\/wp-json\/wp\/v2\/pages\/7683\/revisions"}],"predecessor-version":[{"id":91513,"href":"https:\/\/ehrler-beck.com\/cs\/wp-json\/wp\/v2\/pages\/7683\/revisions\/91513"}],"up":[{"embeddable":true,"href":"https:\/\/ehrler-beck.com\/cs\/wp-json\/wp\/v2\/pages\/1811"}],"wp:attachment":[{"href":"https:\/\/ehrler-beck.com\/cs\/wp-json\/wp\/v2\/media?parent=7683"}],"curies":[{"name":"wp","href":"https:\/\/api.w.org\/{rel}","templated":true}]}}