{"id":7524,"date":"2017-11-28T09:34:55","date_gmt":"2017-11-28T08:34:55","guid":{"rendered":"http:\/\/ehrler-beck.com\/produkte\/verdichter-und-kompressoren\/side-channel-compressors"},"modified":"2024-02-01T08:15:32","modified_gmt":"2024-02-01T07:15:32","slug":"seitenkanal-verdichter","status":"publish","type":"page","link":"https:\/\/ehrler-beck.com\/cs\/produkty\/kompresory-a-kompresory\/kompresor-bocniho-kanalu","title":{"rendered":"Kompresor bo\u010dn\u00edho kan\u00e1lu"},"content":{"rendered":"<p><div class=\"tiaro-fullwidth fullwidth-box tiaro-builder-row-1 tiaro-flex-container tiaro-parallax-none nonhundred-percent-fullwidth non-hundred-percent-height-scrolling lazyload\" style=\"--awb-border-radius-top-left:0px;--awb-border-radius-top-right:0px;--awb-border-radius-bottom-right:0px;--awb-border-radius-bottom-left:0px;--awb-background-size:cover;\" data-bg=\"https:\/\/ehrler-beck.com\/wp-content\/uploads\/2017\/07\/Side-Channel-Technology-Background.jpg\" ><div class=\"tiaro-builder-row tiaro-row tiaro-flex-align-items-flex-start\" style=\"max-width:1404px;margin-left: calc(-4% \/ 2 );margin-right: calc(-4% \/ 2 );\"><div class=\"tiaro-layout-column tiaro_builder_column tiaro-builder-column-0 tiaro_builder_column_1_1 1_1 tiaro-flex-column\" style=\"--awb-bg-size:cover;--awb-width-large:100%;--awb-margin-top-large:0px;--awb-spacing-right-large:1.92%;--awb-margin-bottom-large:0px;--awb-spacing-left-large:1.92%;--awb-width-medium:100%;--awb-spacing-right-medium:1.92%;--awb-spacing-left-medium:1.92%;--awb-width-small:100%;--awb-spacing-right-small:1.92%;--awb-spacing-left-small:1.92%;\"><div class=\"tiaro-column-wrapper tiaro-flex-justify-content-flex-start tiaro-content-layout-column\"><div class=\"tiaro-text tiaro-text-1\"><h1>BO\u010cN\u00cd KAN\u00c1LOV\u00c9 fouka\u010de<img decoding=\"async\" class=\"lazyload alignright wp-image-51\" src=\"https:\/\/ehrler-beck.com\/wp-content\/uploads\/2017\/07\/Side-Channel-Technology-Icon.png\" data-orig-src=\"https:\/\/ehrler-beck.com\/wp-content\/uploads\/2017\/07\/Side-Channel-Technology-Icon.png\" alt=\"\" width=\"80\" height=\"80\" srcset=\"data:image\/svg+xml,%3Csvg%20xmlns%3D%27http%3A%2F%2Fwww.w3.org%2F2000%2Fsvg%27%20width%3D%2780%27%20height%3D%2780%27%20viewBox%3D%270%200%2080%2080%27%3E%3Crect%20width%3D%2780%27%20height%3D%2780%27%20fill-opacity%3D%220%22%2F%3E%3C%2Fsvg%3E\" data-srcset=\"https:\/\/ehrler-beck.com\/wp-content\/uploads\/2017\/07\/Side-Channel-Technology-Icon-66x66.png 66w, https:\/\/ehrler-beck.com\/wp-content\/uploads\/2017\/07\/Side-Channel-Technology-Icon.png 100w\" data-sizes=\"auto\" data-orig-sizes=\"(max-width: 80px) 100vw, 80px\" \/><\/h1>\n<\/div><\/div><\/div><div class=\"tiaro-layout-column tiaro_builder_column tiaro-builder-column-1 tiaro_builder_column_1_3 1_3 tiaro-flex-column\" style=\"--awb-bg-size:cover;--awb-width-large:33.333333333333%;--awb-margin-top-large:0px;--awb-spacing-right-large:5.76%;--awb-margin-bottom-large:5px;--awb-spacing-left-large:5.76%;--awb-width-medium:33.333333333333%;--awb-spacing-right-medium:5.76%;--awb-spacing-left-medium:5.76%;--awb-width-small:100%;--awb-spacing-right-small:1.92%;--awb-spacing-left-small:1.92%;\"><div class=\"tiaro-column-wrapper tiaro-flex-justify-content-flex-start tiaro-content-layout-column\"><div class=\"tiaro-text tiaro-text-2\"><h2>V\u00fdhody<\/h2>\n<ul>\n<li>n\u00edzk\u00e1 hlu\u010dnost<\/li>\n<li>prakticky bez\u00fadr\u017ebov\u00fd<\/li>\n<li>spolehliv\u00fd a odoln\u00fd<\/li>\n<li>robustn\u00ed s n\u00edzkou hmotnost\u00ed<\/li>\n<li>lze instalovat ve v\u0161ech poloh\u00e1ch os<\/li>\n<li>prom\u011bnn\u00e9 v rozsahu v\u00fdkonu<\/li>\n<li>Celosv\u011btov\u00e9 pou\u017eit\u00ed (certifikov\u00e1no UL\/CSA\/IEC\/EN)<\/li>\n<li>Verze s rozsahem nap\u011bt\u00ed 50\/60 Hz<\/li>\n<li>ATEX<\/li>\n<li>rychlost regulovateln\u00e1 p\u0159es extern\u00ed nebo integrovan\u00fd m\u011bni\u010d<\/li>\n<\/ul>\n<\/div><\/div><\/div><div class=\"tiaro-layout-column tiaro_builder_column tiaro-builder-column-2 tiaro_builder_column_2_3 2_3 tiaro-flex-column\" style=\"--awb-bg-size:cover;--awb-width-large:66.666666666667%;--awb-margin-top-large:0px;--awb-spacing-right-large:2.88%;--awb-margin-bottom-large:5px;--awb-spacing-left-large:2.88%;--awb-width-medium:66.666666666667%;--awb-spacing-right-medium:2.88%;--awb-spacing-left-medium:2.88%;--awb-width-small:100%;--awb-spacing-right-small:1.92%;--awb-spacing-left-small:1.92%;\"><div class=\"tiaro-column-wrapper tiaro-flex-justify-content-flex-start tiaro-content-layout-column\"><div class=\"tiaro-text tiaro-text-3\"><p><span class=\"intro-text\">Kompresory s bo\u010dn\u00edm kan\u00e1lem generuj\u00ed foukan\u00fd vzduch s n\u00edzkou pulzac\u00ed d\u00edky sv\u00e9 vnit\u0159n\u00ed \u201ev\u00edcestup\u0148ov\u00e9\u201c kompresi. Optim\u00e1ln\u00ed konstrukce ob\u011b\u017en\u00e9ho kola se zak\u0159iven\u00fdmi lopatkami ob\u011b\u017en\u00e9ho kola zaru\u010duje optim\u00e1ln\u00ed \u00fa\u010dinnost. Odd\u011blen\u00ed kompresn\u00edch komor na obou stran\u00e1ch ob\u011b\u017en\u00e9ho kola umo\u017e\u0148uje jednostup\u0148ov\u00fd, dvouvstupov\u00fd nebo dvoustup\u0148ov\u00fd jednovtokov\u00fd provoz pouze s jedn\u00edm ob\u011b\u017en\u00fdm kolem. Sac\u00ed filtr a tlakov\u00fd pojistn\u00fd ventil jsou voliteln\u011b integrov\u00e1ny do patentovan\u00e9 konstrukce tlumi\u010de. Tlumi\u010de mohou b\u00fdt r\u016fzn\u011b dlouh\u00e9 pro flexibiln\u00ed p\u0159izp\u016fsoben\u00ed dostupn\u00e9mu instala\u010dn\u00edmu prostoru.<\/span><\/p>\n<div class=\"tiaro-button-wrapper\"><a class=\"tiaro-button button-flat tiaro-button-default-size button-default tiaro-button-default button-1 tiaro-button-default-span tiaro-button-default-type\" style=\"--button-border-radius-top-left:0;--button-border-radius-top-right:0;--button-border-radius-bottom-right:0;--button-border-radius-bottom-left:0;\" target=\"_self\" href=\"https:\/\/ehrler-beck.com\/cs\/technologii\/kompresorove-technologie\/kompresor-bocniho-kanalu-2\/\"><span class=\"tiaro-button-text\">POKRA\u010cOVAT VE \u010cTEN\u00cd<\/span><\/a><\/div>\n<\/div><\/div><\/div><\/div><\/div><div class=\"tiaro-fullwidth fullwidth-box tiaro-builder-row-2 tiaro-flex-container nonhundred-percent-fullwidth non-hundred-percent-height-scrolling\" style=\"--awb-border-radius-top-left:0px;--awb-border-radius-top-right:0px;--awb-border-radius-bottom-right:0px;--awb-border-radius-bottom-left:0px;\" ><div class=\"tiaro-builder-row tiaro-row tiaro-flex-align-items-flex-start\" style=\"max-width:1404px;margin-left: calc(-4% \/ 2 );margin-right: calc(-4% \/ 2 );\"><div class=\"tiaro-layout-column tiaro_builder_column tiaro-builder-column-3 tiaro_builder_column_1_2 1_2 tiaro-flex-column tiaro-column-inner-bg-wrapper\" style=\"--awb-padding-top:315px;--awb-inner-bg-position:center center;--awb-inner-bg-size:cover;--awb-border-color:#00b3a7;--awb-border-top:1px;--awb-border-right:1px;--awb-border-bottom:1px;--awb-border-left:1px;--awb-border-style:solid;--awb-width-large:50%;--awb-margin-top-large:2%;--awb-spacing-right-large:1.92%;--awb-margin-bottom-large:2%;--awb-spacing-left-large:1.92%;--awb-width-medium:50%;--awb-order-medium:0;--awb-spacing-right-medium:1.92%;--awb-spacing-left-medium:1.92%;--awb-width-small:100%;--awb-order-small:0;--awb-spacing-right-small:1.92%;--awb-spacing-left-small:1.92%;\"><span class=\"tiaro-column-inner-bg hover-type-zoomin\"><a class=\"tiaro-column-anchor\" href=\"https:\/\/ehrler-beck.com\/cs\/produkty\/vakuove-pumpy\/vyvevy-s-bocnim-kanalem\/serie-sv\/\"><span class=\"tiaro-column-inner-bg-image lazyload\" data-bg=\"https:\/\/ehrler-beck.com\/wp-content\/uploads\/2022\/08\/Becker-SV-Serie-Seitenkanal-Geblaese.jpg\"><\/span><\/a><\/span><div class=\"tiaro-column-wrapper tiaro-column-has-shadow tiaro-flex-justify-content-flex-start tiaro-content-layout-column\" data-bg-url=\"https:\/\/ehrler-beck.com\/wp-content\/uploads\/2022\/08\/Becker-SV-Serie-Seitenkanal-Geblaese.jpg\"><div class=\"tiaro-text tiaro-text-4\"><h2 style=\"text-align: right; background-color: #e2e2e2e3; padding-top: 15px; padding-right: 15px; padding-bottom: 15px; margin-left: 50%; border-radius: 50px 0px 0px 0px; margin-bottom: 0px;\">\u0158ADA SV <span style=\"font-size: 14pt;\">(BECKER)<\/span><\/h2>\n<\/div><\/div><\/div><div class=\"tiaro-layout-column tiaro_builder_column tiaro-builder-column-4 tiaro_builder_column_1_2 1_2 tiaro-flex-column tiaro-column-inner-bg-wrapper\" style=\"--awb-padding-top:315px;--awb-inner-bg-position:center center;--awb-inner-bg-size:cover;--awb-border-color:#00b3a7;--awb-border-top:1px;--awb-border-right:1px;--awb-border-bottom:1px;--awb-border-left:1px;--awb-border-style:solid;--awb-width-large:50%;--awb-margin-top-large:2%;--awb-spacing-right-large:1.92%;--awb-margin-bottom-large:2%;--awb-spacing-left-large:1.92%;--awb-width-medium:50%;--awb-order-medium:0;--awb-spacing-right-medium:1.92%;--awb-spacing-left-medium:1.92%;--awb-width-small:100%;--awb-order-small:0;--awb-spacing-right-small:1.92%;--awb-spacing-left-small:1.92%;\"><span class=\"tiaro-column-inner-bg hover-type-zoomin\"><a class=\"tiaro-column-anchor\" href=\"https:\/\/ehrler-beck.com\/cs\/produkty\/vakuove-pumpy\/vyvevy-s-bocnim-kanalem\/serie-2bh-sah-sap\/\"><span class=\"tiaro-column-inner-bg-image lazyload\" data-bg=\"https:\/\/ehrler-beck.com\/wp-content\/uploads\/2022\/08\/Elmo-Rietschle-G-Serie-Seitenkanalgeblaese.jpg\"><\/span><\/a><\/span><div class=\"tiaro-column-wrapper tiaro-column-has-shadow tiaro-flex-justify-content-flex-start tiaro-content-layout-column\" data-bg-url=\"https:\/\/ehrler-beck.com\/wp-content\/uploads\/2022\/08\/Elmo-Rietschle-G-Serie-Seitenkanalgeblaese.jpg\"><div class=\"tiaro-text tiaro-text-5\"><h2 style=\"text-align: right; background-color: #e2e2e2e3; padding-top: 15px; padding-right: 15px; padding-bottom: 15px; margin-left: 50%; border-radius: 50px 0px 0px 0px; margin-bottom: 0px;\">\u0159ady G <span style=\"font-size: 14pt;\">(Elmo Rietschle)<\/span><\/h2>\n<\/div><\/div><\/div><div class=\"tiaro-layout-column tiaro_builder_column tiaro-builder-column-5 tiaro_builder_column_1_2 1_2 tiaro-flex-column tiaro-column-inner-bg-wrapper\" style=\"--awb-padding-top:315px;--awb-inner-bg-position:center center;--awb-inner-bg-size:cover;--awb-border-color:#00b3a7;--awb-border-top:1px;--awb-border-right:1px;--awb-border-bottom:1px;--awb-border-left:1px;--awb-border-style:solid;--awb-width-large:50%;--awb-margin-top-large:0px;--awb-spacing-right-large:1.92%;--awb-margin-bottom-large:2%;--awb-spacing-left-large:1.92%;--awb-width-medium:50%;--awb-order-medium:0;--awb-spacing-right-medium:1.92%;--awb-spacing-left-medium:1.92%;--awb-width-small:100%;--awb-order-small:0;--awb-spacing-right-small:1.92%;--awb-spacing-left-small:1.92%;\"><span class=\"tiaro-column-inner-bg hover-type-zoomin\"><a class=\"tiaro-column-anchor\" href=\"https:\/\/ehrler-beck.com\/cs\/produkty\/vakuove-pumpy\/vyvevy-s-bocnim-kanalem\/ms-ts-md-td-series\/\"><span class=\"tiaro-column-inner-bg-image lazyload\" data-bg=\"https:\/\/ehrler-beck.com\/wp-content\/uploads\/2022\/08\/FPZ-Seitenkanal-Geblaese.jpg\"><\/span><\/a><\/span><div class=\"tiaro-column-wrapper tiaro-column-has-shadow tiaro-flex-justify-content-flex-start tiaro-content-layout-column\" data-bg-url=\"https:\/\/ehrler-beck.com\/wp-content\/uploads\/2022\/08\/FPZ-Seitenkanal-Geblaese.jpg\"><div class=\"tiaro-text tiaro-text-6\"><h2 style=\"text-align: right; background-color: #e2e2e2e3; padding-top: 15px; padding-right: 15px; padding-bottom: 15px; margin-left: 33%; border-radius: 50px 0px 0px 0px; margin-bottom: 0px;\">\u0158ada MS \/ TS \/ MD \/ TD <span style=\"font-size: 14pt;\">(FPZ)<\/span><\/h2>\n<\/div><\/div><\/div><div class=\"tiaro-layout-column tiaro_builder_column tiaro-builder-column-6 tiaro_builder_column_1_2 1_2 tiaro-flex-column tiaro-column-inner-bg-wrapper\" style=\"--awb-padding-top:315px;--awb-inner-bg-position:center center;--awb-inner-bg-size:cover;--awb-border-color:#00b3a7;--awb-border-top:1px;--awb-border-right:1px;--awb-border-bottom:1px;--awb-border-left:1px;--awb-border-style:solid;--awb-width-large:50%;--awb-margin-top-large:0px;--awb-spacing-right-large:1.92%;--awb-margin-bottom-large:2%;--awb-spacing-left-large:1.92%;--awb-width-medium:50%;--awb-order-medium:0;--awb-spacing-right-medium:1.92%;--awb-spacing-left-medium:1.92%;--awb-width-small:100%;--awb-order-small:0;--awb-spacing-right-small:1.92%;--awb-spacing-left-small:1.92%;\"><span class=\"tiaro-column-inner-bg hover-type-zoomin\"><a class=\"tiaro-column-anchor\" href=\"https:\/\/ehrler-beck.com\/cs\/produkty\/vakuove-pumpy\/vyvevy-s-bocnim-kanalem\/serie-sd-se\/\"><span class=\"tiaro-column-inner-bg-image lazyload\" data-bg=\"https:\/\/ehrler-beck.com\/wp-content\/uploads\/2022\/08\/ELEKTROR-Seitenkanalgeblaese.jpg\"><\/span><\/a><\/span><div class=\"tiaro-column-wrapper tiaro-column-has-shadow tiaro-flex-justify-content-flex-start tiaro-content-layout-column\" data-bg-url=\"https:\/\/ehrler-beck.com\/wp-content\/uploads\/2022\/08\/ELEKTROR-Seitenkanalgeblaese.jpg\"><div class=\"tiaro-text tiaro-text-7\"><h2 style=\"text-align: right; background-color: #e2e2e2e3; padding-top: 15px; padding-right: 15px; padding-bottom: 15px; margin-left: 50%; border-radius: 50px 0px 0px 0px; margin-bottom: 0px;\">s\u00e9rie SD\/SE <span style=\"font-size: 14pt;\">(VOLI\u010c)<\/span><\/h2>\n<\/div><\/div><\/div><\/div><\/div><\/p>","protected":false},"excerpt":{"rendered":"","protected":false},"author":1,"featured_media":0,"parent":1806,"menu_order":0,"comment_status":"closed","ping_status":"closed","template":"100-width.php","meta":{"footnotes":""},"class_list":["post-7524","page","type-page","status-publish","hentry"],"acf":[],"_links":{"self":[{"href":"https:\/\/ehrler-beck.com\/cs\/wp-json\/wp\/v2\/pages\/7524","targetHints":{"allow":["GET"]}}],"collection":[{"href":"https:\/\/ehrler-beck.com\/cs\/wp-json\/wp\/v2\/pages"}],"about":[{"href":"https:\/\/ehrler-beck.com\/cs\/wp-json\/wp\/v2\/types\/page"}],"author":[{"embeddable":true,"href":"https:\/\/ehrler-beck.com\/cs\/wp-json\/wp\/v2\/users\/1"}],"replies":[{"embeddable":true,"href":"https:\/\/ehrler-beck.com\/cs\/wp-json\/wp\/v2\/comments?post=7524"}],"version-history":[{"count":2,"href":"https:\/\/ehrler-beck.com\/cs\/wp-json\/wp\/v2\/pages\/7524\/revisions"}],"predecessor-version":[{"id":91509,"href":"https:\/\/ehrler-beck.com\/cs\/wp-json\/wp\/v2\/pages\/7524\/revisions\/91509"}],"up":[{"embeddable":true,"href":"https:\/\/ehrler-beck.com\/cs\/wp-json\/wp\/v2\/pages\/1806"}],"wp:attachment":[{"href":"https:\/\/ehrler-beck.com\/cs\/wp-json\/wp\/v2\/media?parent=7524"}],"curies":[{"name":"wp","href":"https:\/\/api.w.org\/{rel}","templated":true}]}}