{"id":6194,"date":"2017-11-16T13:05:20","date_gmt":"2017-11-16T12:05:20","guid":{"rendered":"http:\/\/ehrler-beck.com\/produkte\/vakuumpumpen\/drehschieber-vakuumpumpen-oelfrei\/cbf-cbx-krf-krx-kra-kha-khf-series"},"modified":"2022-09-26T19:05:05","modified_gmt":"2022-09-26T17:05:05","slug":"cbf-cbx-krf-krx-kra-kha-khf-serie","status":"publish","type":"page","link":"https:\/\/ehrler-beck.com\/cs\/produkty\/vakuove-pumpy\/rotacni-lamelove-vyvevy-bez-oleje\/serie-cbf-cbx-krf-krx-kra-kha-khf","title":{"rendered":"\u0158ada CBF \/ CBX \/ KRF \/ KRX \/ KRA \/ KHA \/ KHF"},"content":{"rendered":"<div class=\"tiaro-fullwidth fullwidth-box tiaro-builder-row-1 tiaro-flex-container nonhundred-percent-fullwidth non-hundred-percent-height-scrolling\" style=\"--awb-border-radius-top-left:0px;--awb-border-radius-top-right:0px;--awb-border-radius-bottom-right:0px;--awb-border-radius-bottom-left:0px;\" ><div class=\"tiaro-builder-row tiaro-row tiaro-flex-align-items-flex-start\" style=\"max-width:1404px;margin-left: calc(-4% \/ 2 );margin-right: calc(-4% \/ 2 );\"><div class=\"tiaro-layout-column tiaro_builder_column tiaro-builder-column-0 tiaro_builder_column_1_1 1_1 tiaro-flex-column\" style=\"--awb-bg-size:cover;--awb-width-large:100%;--awb-margin-top-large:0px;--awb-spacing-right-large:1.92%;--awb-margin-bottom-large:5px;--awb-spacing-left-large:1.92%;--awb-width-medium:100%;--awb-spacing-right-medium:1.92%;--awb-spacing-left-medium:1.92%;--awb-width-small:100%;--awb-spacing-right-small:1.92%;--awb-spacing-left-small:1.92%;\"><div class=\"tiaro-column-wrapper tiaro-flex-justify-content-flex-start tiaro-content-layout-column\"><div class=\"tiaro-text tiaro-text-1\"><h1>\u0158ada CBF \/ CBX \/ KRF \/ KRX \/ KRA \/ KHA \/ KHF\u00a0<span style=\"font-size: 10pt;\"><span style=\"color: #000000;\">(ORION)<\/span><a href=\"https:\/\/ehrler-beck.com\/cs\/produkty\/vakuove-pumpy\/rotacni-lamelove-vyvevy-bez-oleje\/\" target=\"_blank\" rel=\"noopener\"><img decoding=\"async\" class=\"lazyload alignright wp-image-45\" src=\"https:\/\/ehrler-beck.com\/wp-content\/uploads\/2017\/07\/Rotary-Vane-Oil-Free-Technology-Icon.png\" data-orig-src=\"https:\/\/ehrler-beck.com\/wp-content\/uploads\/2017\/07\/Rotary-Vane-Oil-Free-Technology-Icon.png\" alt=\"\" width=\"80\" height=\"80\" srcset=\"data:image\/svg+xml,%3Csvg%20xmlns%3D%27http%3A%2F%2Fwww.w3.org%2F2000%2Fsvg%27%20width%3D%2780%27%20height%3D%2780%27%20viewBox%3D%270%200%2080%2080%27%3E%3Crect%20width%3D%2780%27%20height%3D%2780%27%20fill-opacity%3D%220%22%2F%3E%3C%2Fsvg%3E\" data-srcset=\"https:\/\/ehrler-beck.com\/wp-content\/uploads\/2017\/07\/Rotary-Vane-Oil-Free-Technology-Icon-66x66.png 66w, https:\/\/ehrler-beck.com\/wp-content\/uploads\/2017\/07\/Rotary-Vane-Oil-Free-Technology-Icon.png 100w\" data-sizes=\"auto\" data-orig-sizes=\"(max-width: 80px) 100vw, 80px\" \/><\/a><\/span><\/h1>\n<\/div><\/div><\/div><div class=\"tiaro-layout-column tiaro_builder_column tiaro-builder-column-1 tiaro_builder_column_1_2 1_2 tiaro-flex-column\" style=\"--awb-bg-size:cover;--awb-width-large:50%;--awb-margin-top-large:0px;--awb-spacing-right-large:3.84%;--awb-margin-bottom-large:5px;--awb-spacing-left-large:3.84%;--awb-width-medium:50%;--awb-spacing-right-medium:3.84%;--awb-spacing-left-medium:3.84%;--awb-width-small:100%;--awb-spacing-right-small:1.92%;--awb-spacing-left-small:1.92%;\"><div class=\"tiaro-column-wrapper tiaro-flex-justify-content-flex-start tiaro-content-layout-column\"><div class=\"tiaro-text tiaro-text-2\"><p><span class=\"intro-text\">Ide\u00e1ln\u00ed vakuov\u00fd gener\u00e1tor pro tiska\u0159sk\u00e9 stroje, kniha\u0159sk\u00e9 stroje, automaty a balic\u00ed stroje - s oce\u0148ovan\u00fdm designem. Kompaktn\u00ed a lehk\u00e1 konstrukce bezolejov\u00e9 rota\u010dn\u00ed lamelov\u00e9 v\u00fdv\u011bvy ORION vede ke zjednodu\u0161en\u00e9mu zp\u016fsobu pr\u00e1ce.<\/span><\/p>\n<\/div><div class=\"tiaro-text tiaro-text-3\"><p><span class=\"intro-text\">Rota\u010dn\u00ed lamelov\u00e9 v\u00fdv\u011bvy Orion jsou ide\u00e1ln\u00ed alternativou k b\u011b\u017en\u00fdm olejov\u00fdm rota\u010dn\u00edm lamelov\u00fdm v\u00fdv\u011bv\u00e1m. V\u00fdv\u011bvy Orion lze snadno integrovat do syst\u00e9mu s jejich vestav\u011bn\u00fdmi jemn\u00fdmi prachov\u00fdmi filtry a tlumi\u010di hluku.<\/span><\/p>\n<\/div><\/div><\/div><div class=\"tiaro-layout-column tiaro_builder_column tiaro-builder-column-2 tiaro_builder_column_1_2 1_2 tiaro-flex-column\" style=\"--awb-bg-size:cover;--awb-width-large:50%;--awb-margin-top-large:0px;--awb-spacing-right-large:3.84%;--awb-margin-bottom-large:5px;--awb-spacing-left-large:3.84%;--awb-width-medium:50%;--awb-spacing-right-medium:3.84%;--awb-spacing-left-medium:3.84%;--awb-width-small:100%;--awb-spacing-right-small:1.92%;--awb-spacing-left-small:1.92%;\"><div class=\"tiaro-column-wrapper tiaro-flex-justify-content-flex-start tiaro-content-layout-column\"><div class=\"tiaro-image-element\" style=\"--awb-caption-title-font-family:var(--h2_typography-font-family);--awb-caption-title-font-weight:var(--h2_typography-font-weight);--awb-caption-title-font-style:var(--h2_typography-font-style);--awb-caption-title-size:var(--h2_typography-font-size);--awb-caption-title-transform:var(--h2_typography-text-transform);--awb-caption-title-line-height:var(--h2_typography-line-height);--awb-caption-title-letter-spacing:var(--h2_typography-letter-spacing);\"><span class=\"tiaro-imageframe imageframe-none imageframe-1 hover-type-none\"><img decoding=\"async\" width=\"1024\" height=\"768\" title=\"Such\u00e9 rota\u010dn\u00ed lamelov\u00e9 v\u00fdv\u011bvy Orion\" src=\"https:\/\/ehrler-beck.com\/wp-content\/uploads\/2017\/11\/Orion-Dry-Running-Rotary-Vane-Vacuum-Pumps.jpg\" data-orig-src=\"https:\/\/ehrler-beck.com\/wp-content\/uploads\/2017\/11\/Orion-Dry-Running-Rotary-Vane-Vacuum-Pumps-1024x768.jpg\" alt class=\"lazyload img-responsive wp-image-6075\" srcset=\"data:image\/svg+xml,%3Csvg%20xmlns%3D%27http%3A%2F%2Fwww.w3.org%2F2000%2Fsvg%27%20width%3D%272400%27%20height%3D%271800%27%20viewBox%3D%270%200%202400%201800%27%3E%3Crect%20width%3D%272400%27%20height%3D%271800%27%20fill-opacity%3D%220%22%2F%3E%3C%2Fsvg%3E\" data-srcset=\"https:\/\/ehrler-beck.com\/wp-content\/uploads\/2017\/11\/Orion-Dry-Running-Rotary-Vane-Vacuum-Pumps-200x150.jpg 200w, https:\/\/ehrler-beck.com\/wp-content\/uploads\/2017\/11\/Orion-Dry-Running-Rotary-Vane-Vacuum-Pumps-400x300.jpg 400w, https:\/\/ehrler-beck.com\/wp-content\/uploads\/2017\/11\/Orion-Dry-Running-Rotary-Vane-Vacuum-Pumps-600x450.jpg 600w, https:\/\/ehrler-beck.com\/wp-content\/uploads\/2017\/11\/Orion-Dry-Running-Rotary-Vane-Vacuum-Pumps-800x600.jpg 800w, https:\/\/ehrler-beck.com\/wp-content\/uploads\/2017\/11\/Orion-Dry-Running-Rotary-Vane-Vacuum-Pumps-1200x900.jpg 1200w\" data-sizes=\"auto\" data-orig-sizes=\"(max-width: 640px) 100vw, 800px\" \/><\/span><\/div><\/div><\/div><div class=\"tiaro-layout-column tiaro_builder_column tiaro-builder-column-3 tiaro_builder_column_1_2 1_2 tiaro-flex-column\" style=\"--awb-bg-size:cover;--awb-width-large:50%;--awb-margin-top-large:0px;--awb-spacing-right-large:3.84%;--awb-margin-bottom-large:5px;--awb-spacing-left-large:3.84%;--awb-width-medium:50%;--awb-spacing-right-medium:3.84%;--awb-spacing-left-medium:3.84%;--awb-width-small:100%;--awb-spacing-right-small:1.92%;--awb-spacing-left-small:1.92%;\"><div class=\"tiaro-column-wrapper tiaro-flex-justify-content-flex-start tiaro-content-layout-column\"><div class=\"tiaro-text tiaro-text-4\"><p><span class=\"intro-text\">Extern\u00ed chlazen\u00ed prodlu\u017euje dobu chodu. \u010cerpadla ORION pracuj\u00ed s pr\u016ftokem 9,3 \u2013 254,8 m\u00b3\/h a mohou dos\u00e1hnout maxim\u00e1ln\u00edho vakua 27\u2033Hg a tlaku 14 PSIG.<\/span><\/p>\n<\/div><\/div><\/div><div class=\"tiaro-layout-column tiaro_builder_column tiaro-builder-column-4 tiaro_builder_column_1_3 1_3 tiaro-flex-column\" style=\"--awb-padding-top:8px;--awb-padding-right:8px;--awb-padding-bottom:8px;--awb-padding-left:8px;--awb-bg-color:#dbdbdb;--awb-bg-size:cover;--awb-width-large:33.333333333333%;--awb-margin-top-large:0px;--awb-spacing-right-large:5.76%;--awb-margin-bottom-large:5px;--awb-spacing-left-large:5.76%;--awb-width-medium:33.333333333333%;--awb-spacing-right-medium:5.76%;--awb-spacing-left-medium:5.76%;--awb-width-small:100%;--awb-spacing-right-small:1.92%;--awb-spacing-left-small:1.92%;\"><div class=\"tiaro-column-wrapper tiaro-flex-justify-content-center tiaro-content-layout-column\"><div class=\"tiaro-text tiaro-text-5\"><p><span class=\"intro-text\">Pro v\u00edce informac\u00ed n\u00e1s nev\u00e1hejte kontaktovat:<\/span><\/p>\n<p style=\"padding-left: 30px;\"><span class=\"intro-text\">e-mailem: <span class=\"color-primary\">info@ehrler-beck.com<\/span><\/span><\/p>\n<p style=\"padding-left: 30px;\"><span class=\"intro-text\">telefon: <span class=\"color-primary\">+49 (0) 7159 \/ 4085-0<\/span><\/span><\/p>\n<div class=\"tiaro-alignright\"><a class=\"tiaro-button button-flat button-medium button-default tiaro-button-default button-1 tiaro-button-default-span tiaro-button-default-type\" style=\"--button-border-radius-top-left:25px;--button-border-radius-top-right:25px;--button-border-radius-bottom-right:25px;--button-border-radius-bottom-left:25px;\" target=\"_blank\" rel=\"noopener noreferrer\" href=\"https:\/\/ehrler-beck.com\/cs\/kotaktn\/\"><span class=\"tiaro-button-text tiaro-button-text-right\">KONTAKTUJTE N\u00c1S<\/span><span class=\"tiaro-button-icon-divider button-icon-divider-right\"><i class=\"fa fa-comments-o\" aria-hidden=\"true\"><\/i><\/span><\/a><\/div>\n<\/div><\/div><\/div><\/div><\/div>","protected":false},"excerpt":{"rendered":"","protected":false},"author":1,"featured_media":0,"parent":3897,"menu_order":0,"comment_status":"closed","ping_status":"closed","template":"100-width.php","meta":{"footnotes":""},"class_list":["post-6194","page","type-page","status-publish","hentry"],"acf":[],"_links":{"self":[{"href":"https:\/\/ehrler-beck.com\/cs\/wp-json\/wp\/v2\/pages\/6194","targetHints":{"allow":["GET"]}}],"collection":[{"href":"https:\/\/ehrler-beck.com\/cs\/wp-json\/wp\/v2\/pages"}],"about":[{"href":"https:\/\/ehrler-beck.com\/cs\/wp-json\/wp\/v2\/types\/page"}],"author":[{"embeddable":true,"href":"https:\/\/ehrler-beck.com\/cs\/wp-json\/wp\/v2\/users\/1"}],"replies":[{"embeddable":true,"href":"https:\/\/ehrler-beck.com\/cs\/wp-json\/wp\/v2\/comments?post=6194"}],"version-history":[{"count":2,"href":"https:\/\/ehrler-beck.com\/cs\/wp-json\/wp\/v2\/pages\/6194\/revisions"}],"predecessor-version":[{"id":64966,"href":"https:\/\/ehrler-beck.com\/cs\/wp-json\/wp\/v2\/pages\/6194\/revisions\/64966"}],"up":[{"embeddable":true,"href":"https:\/\/ehrler-beck.com\/cs\/wp-json\/wp\/v2\/pages\/3897"}],"wp:attachment":[{"href":"https:\/\/ehrler-beck.com\/cs\/wp-json\/wp\/v2\/media?parent=6194"}],"curies":[{"name":"wp","href":"https:\/\/api.w.org\/{rel}","templated":true}]}}