{"id":52573,"date":"2022-03-29T06:40:37","date_gmt":"2022-03-29T04:40:37","guid":{"rendered":"https:\/\/ehrler-beck.com\/?page_id=52573"},"modified":"2022-03-29T09:28:54","modified_gmt":"2022-03-29T07:28:54","slug":"dss-serie","status":"publish","type":"page","link":"https:\/\/ehrler-beck.com\/cs\/serie-dss","title":{"rendered":"s\u00e9rie DSS"},"content":{"rendered":"<p><div class=\"tiaro-fullwidth fullwidth-box tiaro-builder-row-1 tiaro-flex-container nonhundred-percent-fullwidth non-hundred-percent-height-scrolling\" style=\"--awb-border-radius-top-left:0px;--awb-border-radius-top-right:0px;--awb-border-radius-bottom-right:0px;--awb-border-radius-bottom-left:0px;\" ><div class=\"tiaro-builder-row tiaro-row tiaro-flex-align-items-flex-start\" style=\"max-width:1404px;margin-left: calc(-4% \/ 2 );margin-right: calc(-4% \/ 2 );\"><div class=\"tiaro-layout-column tiaro_builder_column tiaro-builder-column-0 tiaro_builder_column_1_1 1_1 tiaro-flex-column\" style=\"--awb-bg-size:cover;--awb-width-large:100%;--awb-margin-top-large:0px;--awb-spacing-right-large:1.92%;--awb-margin-bottom-large:5px;--awb-spacing-left-large:1.92%;--awb-width-medium:100%;--awb-spacing-right-medium:1.92%;--awb-spacing-left-medium:1.92%;--awb-width-small:100%;--awb-spacing-right-small:1.92%;--awb-spacing-left-small:1.92%;\"><div class=\"tiaro-column-wrapper tiaro-flex-justify-content-flex-start tiaro-content-layout-column\"><div class=\"tiaro-text tiaro-text-1\"><h1>\u0158ada such\u00fdch spir\u00e1lov\u00fdch v\u00fdv\u011bv DSS <span style=\"font-size: 10pt;\"><span style=\"color: #000000;\">(Atlas Copco)<\/span><\/span><\/h1>\n<\/div><\/div><\/div><div class=\"tiaro-layout-column tiaro_builder_column tiaro-builder-column-1 tiaro_builder_column_1_2 1_2 tiaro-flex-column\" style=\"--awb-bg-size:cover;--awb-width-large:50%;--awb-margin-top-large:0px;--awb-spacing-right-large:3.84%;--awb-margin-bottom-large:5px;--awb-spacing-left-large:3.84%;--awb-width-medium:50%;--awb-spacing-right-medium:3.84%;--awb-spacing-left-medium:3.84%;--awb-width-small:100%;--awb-spacing-right-small:1.92%;--awb-spacing-left-small:1.92%;\"><div class=\"tiaro-column-wrapper tiaro-flex-justify-content-flex-start tiaro-content-layout-column\"><div class=\"tiaro-text tiaro-text-2\"><p><span class=\"intro-text\">Scrollov\u00e1 v\u00fdv\u011bva DSS spole\u010dnosti Atlas Copco je pozoruhodn\u00fdm p\u0159\u00edr\u016fstkem do rozs\u00e1hl\u00e9 \u0159ady such\u00fdch pr\u016fmyslov\u00fdch v\u00fdv\u011bv Atlas Copco. Celohlin\u00edkov\u00e1 konstrukce s pouze jednou pohyblivou \u010d\u00e1st\u00ed a osciluj\u00edc\u00edm spir\u00e1lov\u00fdm designem Konstrukce spir\u00e1lov\u00e9 v\u00fdv\u011bvy DSS je robustn\u00ed, bezolejov\u00e1, vysoce \u00fa\u010dinn\u00e1 a nen\u00e1ro\u010dn\u00e1 na \u00fadr\u017ebu.<\/span><\/p>\n<p><span class=\"intro-text\">Ide\u00e1ln\u00ed pro generov\u00e1n\u00ed vakua v cel\u00e9m rozsahu drsn\u00e9ho vakua, je v\u00edtan\u00fdm dopl\u0148kem ka\u017ed\u00e9 v\u00fdrobn\u00ed podlahy d\u00edky sv\u00e9mu jednoduch\u00e9mu a elegantn\u00edmu designu. Jedn\u00e1 se o such\u00e9 a odoln\u00e9 \u010derpadlo pro stabiln\u00ed vakuum p\u0159i n\u00edzk\u00e9m a\u017e st\u0159edn\u00edm pr\u016ftoku od atmosf\u00e9rick\u00e9ho tlaku do 1,5 mbar(a) \/ 1,13 Torr.<\/span><\/p>\n<\/div><div class=\"tiaro-text tiaro-text-3\"><h3>aplikac\u00ed<\/h3>\n<\/div><div class=\"tiaro-text tiaro-text-4 awb-text-cols tiaro-text-columns-2\" style=\"--awb-columns:2;--awb-column-spacing:2em;--awb-column-min-width:100px;\"><ul>\n<li>balen\u00ed potravin<\/li>\n<li>tvarov\u00e1n\u00ed za tepla<\/li>\n<li>zpracov\u00e1n\u00ed potravin<\/li>\n<li>su\u0161en\u00ed potravin<\/li>\n<li>L\u00e9ka\u0159sk\u00e9 syst\u00e9my<\/li>\n<li>vakuov\u00e1 impregnace<\/li>\n<li>Centr\u00e1ln\u00ed domovn\u00ed vysava\u010d<\/li>\n<li>Vyzvednout a um\u00edstit<\/li>\n<li>CNC up\u00edn\u00e1n\u00ed<\/li>\n<li>vakuum v laborato\u0159i<\/li>\n<\/ul>\n<\/div><\/div><\/div><div class=\"tiaro-layout-column tiaro_builder_column tiaro-builder-column-2 tiaro_builder_column_1_2 1_2 tiaro-flex-column\" style=\"--awb-bg-size:cover;--awb-width-large:50%;--awb-margin-top-large:0px;--awb-spacing-right-large:3.84%;--awb-margin-bottom-large:5px;--awb-spacing-left-large:3.84%;--awb-width-medium:50%;--awb-spacing-right-medium:3.84%;--awb-spacing-left-medium:3.84%;--awb-width-small:100%;--awb-spacing-right-small:1.92%;--awb-spacing-left-small:1.92%;\"><div class=\"tiaro-column-wrapper tiaro-flex-justify-content-flex-start tiaro-content-layout-column\"><div class=\"tiaro-image-element\" style=\"--awb-caption-title-font-family:var(--h2_typography-font-family);--awb-caption-title-font-weight:var(--h2_typography-font-weight);--awb-caption-title-font-style:var(--h2_typography-font-style);--awb-caption-title-size:var(--h2_typography-font-size);--awb-caption-title-transform:var(--h2_typography-text-transform);--awb-caption-title-line-height:var(--h2_typography-line-height);--awb-caption-title-letter-spacing:var(--h2_typography-letter-spacing);\"><span class=\"tiaro-imageframe imageframe-none imageframe-1 hover-type-none\"><img decoding=\"async\" width=\"1720\" height=\"1000\" title=\"s\u00e9rie DSS\" src=\"https:\/\/ehrler-beck.com\/wp-content\/uploads\/2022\/03\/DSS-Serie.jpg\" data-orig-src=\"https:\/\/ehrler-beck.com\/wp-content\/uploads\/2022\/03\/DSS-Serie.jpg\" alt class=\"lazyload img-responsive wp-image-52574\" srcset=\"data:image\/svg+xml,%3Csvg%20xmlns%3D%27http%3A%2F%2Fwww.w3.org%2F2000%2Fsvg%27%20width%3D%271720%27%20height%3D%271000%27%20viewBox%3D%270%200%201720%201000%27%3E%3Crect%20width%3D%271720%27%20height%3D%271000%27%20fill-opacity%3D%220%22%2F%3E%3C%2Fsvg%3E\" data-srcset=\"https:\/\/ehrler-beck.com\/wp-content\/uploads\/2022\/03\/DSS-Serie-200x116.jpg 200w, https:\/\/ehrler-beck.com\/wp-content\/uploads\/2022\/03\/DSS-Serie-400x233.jpg 400w, https:\/\/ehrler-beck.com\/wp-content\/uploads\/2022\/03\/DSS-Serie-600x349.jpg 600w, https:\/\/ehrler-beck.com\/wp-content\/uploads\/2022\/03\/DSS-Serie-800x465.jpg 800w, https:\/\/ehrler-beck.com\/wp-content\/uploads\/2022\/03\/DSS-Serie-1200x698.jpg 1200w, https:\/\/ehrler-beck.com\/wp-content\/uploads\/2022\/03\/DSS-Serie.jpg 1720w\" data-sizes=\"auto\" data-orig-sizes=\"(max-width: 640px) 100vw, 1720px\" \/><\/span><\/div><\/div><\/div><div class=\"tiaro-layout-column tiaro_builder_column tiaro-builder-column-3 tiaro_builder_column_1_2 1_2 tiaro-flex-column\" style=\"--awb-bg-size:cover;--awb-width-large:50%;--awb-margin-top-large:0px;--awb-spacing-right-large:3.84%;--awb-margin-bottom-large:5px;--awb-spacing-left-large:3.84%;--awb-width-medium:50%;--awb-spacing-right-medium:3.84%;--awb-spacing-left-medium:3.84%;--awb-width-small:100%;--awb-spacing-right-small:1.92%;--awb-spacing-left-small:1.92%;\"><div class=\"tiaro-column-wrapper tiaro-flex-justify-content-flex-start tiaro-content-layout-column\"><div class=\"tiaro-text tiaro-text-5\"><h3>Robustn\u00ed konstrukce<\/h3>\n<p>Jednoduch\u00fd a p\u0159ehledn\u00fd design s odn\u00edmateln\u00fdm p\u0159edn\u00edm krytem pro snadn\u00fd p\u0159\u00edstup k rolovac\u00edmu mechanismu<\/p>\n<h3>Vynikaj\u00edc\u00ed v\u00fdkon<\/h3>\n<p>Pln\u00e1 ovladatelnost prost\u0159ednictv\u00edm invertorov\u00e9ho ovlada\u010de a n\u00edzk\u00e9 n\u00e1klady na servis a \u00fadr\u017ebu<\/p>\n<h3>Vy\u010dist\u011bte a osu\u0161te<\/h3>\n<p>Certifikace ISO 8573-1 t\u0159\u00eddy 0 \u2013 pro t\u011bsn\u011bn\u00ed nebo chlazen\u00ed nen\u00ed pot\u0159eba \u017e\u00e1dn\u00fd olej<\/p>\n<\/div><\/div><\/div><div class=\"tiaro-layout-column tiaro_builder_column tiaro-builder-column-4 tiaro_builder_column_1_3 1_3 tiaro-flex-column\" style=\"--awb-padding-top:8px;--awb-padding-right:8px;--awb-padding-bottom:8px;--awb-padding-left:8px;--awb-bg-color:#dbdbdb;--awb-bg-size:cover;--awb-width-large:33.333333333333%;--awb-margin-top-large:0px;--awb-spacing-right-large:5.76%;--awb-margin-bottom-large:5px;--awb-spacing-left-large:5.76%;--awb-width-medium:33.333333333333%;--awb-spacing-right-medium:5.76%;--awb-spacing-left-medium:5.76%;--awb-width-small:100%;--awb-spacing-right-small:1.92%;--awb-spacing-left-small:1.92%;\"><div class=\"tiaro-column-wrapper tiaro-flex-justify-content-center tiaro-content-layout-column\"><div class=\"tiaro-text tiaro-text-6\"><p><span class=\"intro-text\">Pro v\u00edce informac\u00ed n\u00e1s nev\u00e1hejte kontaktovat:<\/span><\/p>\n<p style=\"padding-left: 30px;\"><span class=\"intro-text\">e-mailem: <span class=\"color-primary\">info@ehrler-beck.com<\/span><\/span><\/p>\n<p style=\"padding-left: 30px;\"><span class=\"intro-text\">telefon: <span class=\"color-primary\">+49 (0) 7159 \/ 4085-0<\/span><\/span><\/p>\n<div class=\"tiaro-alignright\"><a class=\"tiaro-button button-flat button-medium button-default tiaro-button-default button-1 tiaro-button-default-span tiaro-button-default-type\" style=\"--button-border-radius-top-left:25px;--button-border-radius-top-right:25px;--button-border-radius-bottom-right:25px;--button-border-radius-bottom-left:25px;\" target=\"_blank\" rel=\"noopener noreferrer\" href=\"https:\/\/ehrler-beck.com\/cs\/kontakt-2\/\"><span class=\"tiaro-button-text tiaro-button-text-right\">KONTAKTUJTE N\u00c1S<\/span><span class=\"tiaro-button-icon-divider button-icon-divider-right\"><i class=\"fa fa-comments-o\" aria-hidden=\"true\"><\/i><\/span><\/a><\/div>\n<\/div><\/div><\/div><div class=\"tiaro-layout-column tiaro_builder_column tiaro-builder-column-5 tiaro_builder_column_1_1 1_1 tiaro-flex-column\" style=\"--awb-bg-size:cover;--awb-width-large:100%;--awb-margin-top-large:0px;--awb-spacing-right-large:1.92%;--awb-margin-bottom-large:5px;--awb-spacing-left-large:1.92%;--awb-width-medium:100%;--awb-spacing-right-medium:1.92%;--awb-spacing-left-medium:1.92%;--awb-width-small:100%;--awb-spacing-right-small:1.92%;--awb-spacing-left-small:1.92%;\"><div class=\"tiaro-column-wrapper tiaro-flex-justify-content-flex-start tiaro-content-layout-column\"><div class=\"tiaro-text tiaro-text-7\"><h3>Konstrukce a vnit\u0159n\u00ed mechanismus<\/h3>\n<p>Mechanismus spir\u00e1lov\u00e9 v\u00fdv\u011bvy vyu\u017e\u00edv\u00e1 k \u010derp\u00e1n\u00ed plyn\u016f dv\u011b vlo\u017een\u00e9 spir\u00e1lov\u00e9 spir\u00e1ly nebo spir\u00e1ly. Design je jednoduch\u00fd, ale efektn\u00ed. Jeden ze svitk\u016f je upevn\u011bn, zat\u00edmco druh\u00fd ob\u00edh\u00e1 bez vibrac\u00ed a stla\u010duje bubliny plynu mezi spir\u00e1lami. Na stejn\u00e9m principu funguje spir\u00e1lov\u00e1 v\u00fdv\u011bva Atlas Copco DSS. \u010cerpadlo s pouze jednou pohyblivou \u010d\u00e1st\u00ed a vyrobeno z vysoce kvalitn\u00edch materi\u00e1l\u016f je stroj nen\u00e1ro\u010dn\u00fd na \u00fadr\u017ebu s dlouhou \u017eivotnost\u00ed.<\/p>\n<\/div><\/div><\/div><\/div><\/div><div class=\"tiaro-fullwidth fullwidth-box tiaro-builder-row-2 tiaro-flex-container nonhundred-percent-fullwidth non-hundred-percent-height-scrolling\" style=\"--awb-border-radius-top-left:0px;--awb-border-radius-top-right:0px;--awb-border-radius-bottom-right:0px;--awb-border-radius-bottom-left:0px;--awb-margin-top:80px;\" ><div class=\"tiaro-builder-row tiaro-row tiaro-flex-align-items-flex-start\" style=\"max-width:1404px;margin-left: calc(-4% \/ 2 );margin-right: calc(-4% \/ 2 );\"><div class=\"tiaro-layout-column tiaro_builder_column tiaro-builder-column-6 tiaro_builder_column_1_2 1_2 tiaro-flex-column\" style=\"--awb-bg-size:cover;--awb-width-large:50%;--awb-margin-top-large:0px;--awb-spacing-right-large:3.84%;--awb-margin-bottom-large:5px;--awb-spacing-left-large:3.84%;--awb-width-medium:50%;--awb-order-medium:0;--awb-spacing-right-medium:3.84%;--awb-spacing-left-medium:3.84%;--awb-width-small:100%;--awb-order-small:0;--awb-spacing-right-small:1.92%;--awb-spacing-left-small:1.92%;\"><div class=\"tiaro-column-wrapper tiaro-column-has-shadow tiaro-flex-justify-content-flex-start tiaro-content-layout-column\"><div class=\"tiaro-image-element\" style=\"--awb-caption-title-font-family:var(--h2_typography-font-family);--awb-caption-title-font-weight:var(--h2_typography-font-weight);--awb-caption-title-font-style:var(--h2_typography-font-style);--awb-caption-title-size:var(--h2_typography-font-size);--awb-caption-title-transform:var(--h2_typography-text-transform);--awb-caption-title-line-height:var(--h2_typography-line-height);--awb-caption-title-letter-spacing:var(--h2_typography-letter-spacing);\"><span class=\"tiaro-imageframe imageframe-none imageframe-2 hover-type-none\"><img decoding=\"async\" width=\"1500\" height=\"850\" title=\"Vakuov\u00e1 pumpa DSS 065\" src=\"https:\/\/ehrler-beck.com\/wp-content\/uploads\/2022\/03\/dss-065-vakuumpumpe.jpg\" data-orig-src=\"https:\/\/ehrler-beck.com\/wp-content\/uploads\/2022\/03\/dss-065-vakuumpumpe.jpg\" alt class=\"lazyload img-responsive wp-image-52560\" srcset=\"data:image\/svg+xml,%3Csvg%20xmlns%3D%27http%3A%2F%2Fwww.w3.org%2F2000%2Fsvg%27%20width%3D%271500%27%20height%3D%27850%27%20viewBox%3D%270%200%201500%20850%27%3E%3Crect%20width%3D%271500%27%20height%3D%27850%27%20fill-opacity%3D%220%22%2F%3E%3C%2Fsvg%3E\" data-srcset=\"https:\/\/ehrler-beck.com\/wp-content\/uploads\/2022\/03\/dss-065-vakuumpumpe-200x113.jpg 200w, https:\/\/ehrler-beck.com\/wp-content\/uploads\/2022\/03\/dss-065-vakuumpumpe-400x227.jpg 400w, https:\/\/ehrler-beck.com\/wp-content\/uploads\/2022\/03\/dss-065-vakuumpumpe-600x340.jpg 600w, https:\/\/ehrler-beck.com\/wp-content\/uploads\/2022\/03\/dss-065-vakuumpumpe-800x453.jpg 800w, https:\/\/ehrler-beck.com\/wp-content\/uploads\/2022\/03\/dss-065-vakuumpumpe-1200x680.jpg 1200w, https:\/\/ehrler-beck.com\/wp-content\/uploads\/2022\/03\/dss-065-vakuumpumpe.jpg 1500w\" data-sizes=\"auto\" data-orig-sizes=\"(max-width: 640px) 100vw, 1500px\" \/><\/span><\/div><\/div><\/div><div class=\"tiaro-layout-column tiaro_builder_column tiaro-builder-column-7 tiaro_builder_column_1_2 1_2 tiaro-flex-column\" style=\"--awb-bg-size:cover;--awb-width-large:50%;--awb-margin-top-large:0px;--awb-spacing-right-large:3.84%;--awb-margin-bottom-large:5px;--awb-spacing-left-large:3.84%;--awb-width-medium:50%;--awb-order-medium:0;--awb-spacing-right-medium:3.84%;--awb-spacing-left-medium:3.84%;--awb-width-small:100%;--awb-order-small:0;--awb-spacing-right-small:1.92%;--awb-spacing-left-small:1.92%;\"><div class=\"tiaro-column-wrapper tiaro-column-has-shadow tiaro-flex-justify-content-flex-start tiaro-content-layout-column\"><div class=\"tiaro-title title tiaro-title-1 tiaro-sep-none tiaro-title-text tiaro-title-size-one\"><h1 class=\"title-heading-left tiaro-responsive-typography-calculated\" style=\"margin:0;--fontSize:32;line-height:1.4;\"><h2 class=\"tiaro-responsive-typography-calculated\" data-fontsize=\"24\" data-lineheight=\"36px\">Vakuov\u00e1 pumpa DSS 065<\/h2><\/h1><\/div><div class=\"tiaro-text tiaro-text-8\"><table style=\"width: 100%; height: 147px;\">\n<tbody>\n<tr style=\"height: 24px;\">\n<td style=\"width: 67.9231%; height: 24px; border-left: none; border-top: none;\"><strong>Ozna\u010den\u00ed<\/strong><\/td>\n<td style=\"text-align: center; height: 24px; width: 42.4797%; border-right: none; border-top: none;\" colspan=\"3\"><strong>Hodnota<\/strong><strong><br \/>\n<\/strong><\/td>\n<\/tr>\n<tr style=\"height: 24px;\">\n<td style=\"width: 67.9231%; height: 24px; border-left: none;\"><strong>Maxim\u00e1ln\u00ed rychlost \u010derpadla m<sup>3<\/sup>\/H<\/strong><\/td>\n<td style=\"width: 4.74871%; height: 24px; text-align: center; border-right: none;\" colspan=\"3\">72 @ 50 Hz<\/td>\n<\/tr>\n<tr style=\"height: 27px;\">\n<td style=\"width: 67.9231%; height: 27px; border-left: none;\"><strong>Maxim\u00e1ln\u00ed rychlost \u010derpadla (ACFM)<\/strong><\/td>\n<td style=\"width: 4.74871%; height: 27px; text-align: center; border-right: none;\" colspan=\"3\">42 @ 50 Hz<\/td>\n<\/tr>\n<tr style=\"height: 24px;\">\n<td style=\"width: 67.9231%; height: 24px; border-left: none;\"><strong>Maxim\u00e1ln\u00ed \u00farove\u0148 vakua<\/strong><\/td>\n<td style=\"height: 24px; text-align: center; width: 42.4797%; border-right: none;\" colspan=\"3\">1,5 mbar(a)<\/td>\n<\/tr>\n<tr style=\"height: 24px;\">\n<td style=\"width: 67.9231%; height: 24px; border-left: none; border-bottom: none;\"><strong>V\u00fdkon motoru<\/strong><\/td>\n<td style=\"height: 24px; text-align: center; width: 42.4797%; border-right: none; border-bottom: none;\" colspan=\"3\">1,5 kW<\/td>\n<\/tr>\n<\/tbody>\n<\/table>\n<\/div><div style=\"text-align:left;\"><a class=\"tiaro-button button-flat tiaro-button-default-size button-default tiaro-button-default button-2 tiaro-button-default-span tiaro-button-default-type\" style=\"--button-border-radius-top-left:0;--button-border-radius-top-right:0;--button-border-radius-bottom-right:0;--button-border-radius-bottom-left:0;\" target=\"_self\" href=\"https:\/\/ehrler-beck.com\/cs\/produkt\/dss-065-sucha-scroll-vakuova-pumpa\/\"><span class=\"tiaro-button-text\">pokra\u010dovat ve \u010dten\u00ed<\/span><\/a><\/div><\/div><\/div><\/div><\/div><\/p>","protected":false},"excerpt":{"rendered":"","protected":false},"author":1,"featured_media":0,"parent":0,"menu_order":0,"comment_status":"closed","ping_status":"closed","template":"100-width.php","meta":{"footnotes":""},"class_list":["post-52573","page","type-page","status-publish","hentry"],"acf":[],"_links":{"self":[{"href":"https:\/\/ehrler-beck.com\/cs\/wp-json\/wp\/v2\/pages\/52573","targetHints":{"allow":["GET"]}}],"collection":[{"href":"https:\/\/ehrler-beck.com\/cs\/wp-json\/wp\/v2\/pages"}],"about":[{"href":"https:\/\/ehrler-beck.com\/cs\/wp-json\/wp\/v2\/types\/page"}],"author":[{"embeddable":true,"href":"https:\/\/ehrler-beck.com\/cs\/wp-json\/wp\/v2\/users\/1"}],"replies":[{"embeddable":true,"href":"https:\/\/ehrler-beck.com\/cs\/wp-json\/wp\/v2\/comments?post=52573"}],"version-history":[{"count":7,"href":"https:\/\/ehrler-beck.com\/cs\/wp-json\/wp\/v2\/pages\/52573\/revisions"}],"predecessor-version":[{"id":52593,"href":"https:\/\/ehrler-beck.com\/cs\/wp-json\/wp\/v2\/pages\/52573\/revisions\/52593"}],"wp:attachment":[{"href":"https:\/\/ehrler-beck.com\/cs\/wp-json\/wp\/v2\/media?parent=52573"}],"curies":[{"name":"wp","href":"https:\/\/api.w.org\/{rel}","templated":true}]}}