{"id":5049,"date":"2017-11-07T14:20:18","date_gmt":"2017-11-07T13:20:18","guid":{"rendered":"http:\/\/ehrler-beck.com?page_id=5049"},"modified":"2017-12-21T12:25:31","modified_gmt":"2017-12-21T11:25:31","slug":"oele-fette-und-schmierstoffe","status":"publish","type":"page","link":"https:\/\/ehrler-beck.com\/cs\/produkty\/nahradni-dily-a-prislusenstvi\/oleje-tuky-a-maziva","title":{"rendered":"Oleje, tuky a maziva"},"content":{"rendered":"<h1>OLEJE, TUKY A MAZIVA<\/h1>\n<div class=\"tiaro-separator tiaro-full-width-sep\" style=\"align-self: center;margin-left: auto;margin-right: auto;width:100%;\"><div class=\"tiaro-separator-border sep-shadow\" style=\"--awb-height:20px;--awb-amount:20px;--awb-sep-color:#00b3a7;background:radial-gradient(ellipse at 50% -50% , #00b3a7 0px, rgba(255, 255, 255, 0) 80%) repeat scroll 0 0 rgba(0, 0, 0, 0);background:-webkit-radial-gradient(ellipse at 50% -50% , #00b3a7 0px, rgba(255, 255, 255, 0) 80%) repeat scroll 0 0 rgba(0, 0, 0, 0);background:-moz-radial-gradient(ellipse at 50% -50% , #00b3a7 0px, rgba(255, 255, 255, 0) 80%) repeat scroll 0 0 rgba(0, 0, 0, 0);background:-o-radial-gradient(ellipse at 50% -50% , #00b3a7 0px, rgba(255, 255, 255, 0) 80%) repeat scroll 0 0 rgba(0, 0, 0, 0);\"><\/div><\/div>\n<h2>BECKER \u2013 OLEJE A MAZIVA<\/h2>\n<ul>\n<li>Becker \u00d6l Lube M100 \/ \u00d6l Lube M 100 (podzemn\u00ed \u010derpadla)<\/li>\n<li>Becker \u00d6l Lube S100 \/ \u00d6l Lube S 100 (podzemn\u00ed \u010derpadla)<\/li>\n<li>Becker Oil Lube M320 \/ Oil Lube M 320 (DKW, VPF, DVP, L\/V)<\/li>\n<li>Becker \u00d6l Lube SL100 Food \/ \u00d6l Lube SL 100 Food (podzemn\u00ed \u010derpadla)<\/li>\n<li>Becker Oil Lube S320 \/ Oil Lube S 320 (DP98, DP2.100, DP2.140)<\/li>\n<li>Becker Oil Lube G90 \/ Oil Lube G 90 (RV 33)<\/li>\n<li>Enersyn RC-S46 (VADS650)<\/li>\n<li>Tellus S2 M68 \/ S2 M68 (VADS1500)<\/li>\n<li>Mazac\u00ed tuk 10 \/ lube 10<\/li>\n<\/ul>\n<hr \/>\n<h2>BUSCH \u2013 OLEJE PRO VAKUOV\u00c9 \u010cERPADLA R 5 0025 \u2013 1600<\/h2>\n<p>Miner\u00e1ln\u00ed olej = nelegovan\u00fd kompresorov\u00fd olej pro standardn\u00ed aplikace<\/p>\n<ul>\n<li>VM032 \/ VM032<\/li>\n<li>VM068 \/ VM068<\/li>\n<li>VM100 \/ VM100<\/li>\n<li>VM150 \/ VM150<\/li>\n<li>VMH100 \/ VMH100<\/li>\n<\/ul>\n<p>PAO = syntetick\u00e1 maziva pro pou\u017eit\u00ed v potravin\u00e1\u0159sk\u00e9m pr\u016fmyslu<\/p>\n<ul>\n<li>VSL032 \/ VSL032<\/li>\n<li>VSL068 \/ VSL068<\/li>\n<li>VSL100 \/ VSL100<\/li>\n<\/ul>\n<p>Diester = pln\u011b syntetick\u00fd olej pro extr\u00e9mn\u011b nam\u00e1han\u00e9 vakuov\u00e9 procesy<\/p>\n<ul>\n<li>VE101 \/ VE101<\/li>\n<\/ul>\n<hr \/>\n<h2>ELMO RIETSCHLE \/ GARDNER DENVER \u2013 OLEJE PRO VAKUOV\u00c9 \u010cERPADLA A KOMPRESORY<\/h2>\n<ul>\n<li>Miner\u00e1ln\u00ed olej se zvl\u00e1\u0161t\u011b vysokou kapacitou odlu\u010dov\u00e1n\u00ed vody<br \/>\nMulti Lube<\/li>\n<li>Syntetick\u00fd olej zvl\u00e1\u0161t\u011b vhodn\u00fd pro vysok\u00e9 okoln\u00ed teploty<br \/>\nSuper Lube<\/li>\n<li>Syntetick\u00fd olej pro pou\u017eit\u00ed v potravin\u00e1\u0159sk\u00e9m a farmaceutick\u00e9m pr\u016fmyslu<br \/>\nEco Lube<\/li>\n<li>Syntetick\u00fd olej pro \u010derp\u00e1n\u00ed plynn\u00e9ho kysl\u00edku ve v\u00fdv\u011bv\u00e1ch<br \/>\nOxy Lube Plus<\/li>\n<li>Syntetick\u00fd lo\u017eiskov\u00fd a p\u0159evodov\u00fd olej pro vysok\u00e9 a n\u00edzk\u00e9 okoln\u00ed teploty<br \/>\nP\u0159evodov\u00e9 mazivo<\/li>\n<\/ul>\n<hr \/>\n<h2>OERLIKON LEYBOLD VYSAVA\u010c \u2013 OLEJE \/ TUKY \/ PROVOZN\u00cd ZA\u0158\u00cdZEN\u00cd<\/h2>\n<p>Miner\u00e1ln\u00ed olej \/ olej do vakuov\u00e9 pumpy \/ LEYBONOL<\/p>\n<ul>\n<li>LVO 100 | LVO 110 | LVO 120 | LVO 130 | LVO 140 | LVO 150 | LVO 160<\/li>\n<li>GS 32 \/ GS 77<\/li>\n<li>GS FM 32 \/ GS FM 68<\/li>\n<\/ul>\n<p>Esterov\u00fd olej \/ olej do vakuov\u00e9 pumpy \/ LEYBONOL<\/p>\n<ul>\n<li>LVO 200 | LVO 210 | LVO 220 | LVO 230 | LVO 240 | LVO 250 | LVO 260<\/li>\n<li>GS 32 \/ GS 77<\/li>\n<li>GS FM 32 \/ GS FM 68<\/li>\n<\/ul>\n<p>PAO olej \/ olej do vakuov\u00e9 pumpy \/ LEYBONOL<\/p>\n<ul>\n<li>LVO 300 | LVO 310<\/li>\n<\/ul>\n<p>PFPE olej \/ olej do vakuov\u00e9 pumpy \/ LEYBONOL<\/p>\n<ul>\n<li>LVO 400 | LVO 410 | LVO 420<\/li>\n<\/ul>\n<p><strong>pohonn\u00e1 l\u00e1tka<\/strong><\/p>\n<p>DIFFELEN | ULTRAL | silikonov\u00fd olej<br \/>\nLEYBONOL LVO 500 | LVO 510 | LVO 520 | LVO 530 | LVO 540<\/p>\n<p><strong>speci\u00e1ln\u00ed maziva<\/strong><\/p>\n<p>LEYBONAL LVO 700<\/p>\n<p><strong>tuky<\/strong><\/p>\n<p>RAMSAY | SN\u00cdMEK | LITHELES | DYNAFAT | Silikonov\u00e9 mazivo pro vysok\u00e9 vakuum<br \/>\nLEYBONAL LVA 810 | LVY 870 | LVO 871 | LVO 872<\/p>\n<hr \/>\n<h2>KL\u00dcBER TYRENO FLUID M-100V<\/h2>\n<p>pro hrub\u00e9 a jemn\u00e9 vakuum (mechanick\u00e1 podp\u016frn\u00e1 \u010derpadla)<\/p>\n<p>Informace o produktu<\/p>\n<p>Kl\u00fcber Tyreno Fluid M-100V je miner\u00e1ln\u00ed olej j\u00e1drov\u00e9 frakce.<\/p>\n<p>V\u00fdhody pro va\u0161i aplikaci<\/p>\n<ul>\n<li>N\u00edzk\u00e9 dosa\u017eiteln\u00e9 kone\u010dn\u00e9 tlaky, n\u00edzk\u00e1 rychlost zp\u011btn\u00e9ho proud\u011bn\u00ed<\/li>\n<li>Velmi dobr\u00fd pom\u011br cena\/v\u00fdkon pro univerz\u00e1ln\u00ed pou\u017eit\u00ed<\/li>\n<li>Vhodn\u00e9 pro olejov\u00e1 jedno a dvoustup\u0148ov\u00e1 \u010derpadla<\/li>\n<\/ul>\n<div class=\"tiaro-modal modal fade modal-1 kontakt-formular\" tabindex=\"-1\" role=\"dialog\" aria-labelledby=\"modal-heading-1\" aria-hidden=\"true\" style=\"--awb-border-color:#00b3a7;--awb-background:#ffffff;\"><div class=\"modal-dialog modal-lg\" role=\"document\"><div class=\"modal-content tiaro-modal-content\"><div class=\"modal-header\"><button class=\"close\" type=\"button\" data-dismiss=\"modal\" aria-hidden=\"true\" aria-label=\"Close\">\u00d7<\/button><h3 class=\"modal-title\" id=\"modal-heading-1\" data-dismiss=\"modal\" aria-hidden=\"true\">KONTAKTUJTE N\u00c1S<\/h3><\/div><div class=\"modal-body tiaro-clearfix\"><\/p>\n<p>\n<div class=\"wpcf7 no-js\" id=\"wpcf7-f6621-o1\" lang=\"en-US\" dir=\"ltr\">\n<div class=\"screen-reader-response\"><p role=\"status\" aria-live=\"polite\" aria-atomic=\"true\"><\/p> <ul><\/ul><\/div>\n<form action=\"\/cs\/wp-json\/wp\/v2\/pages\/5049#wpcf7-f6621-o1\" method=\"post\" class=\"wpcf7-form init\" aria-label=\"Contact form\" novalidate=\"novalidate\" data-status=\"init\" data-trp-original-action=\"\/cs\/wp-json\/wp\/v2\/pages\/5049#wpcf7-f6621-o1\">\n<div style=\"display: none;\">\n<input type=\"hidden\" name=\"_wpcf7\" value=\"6621\" \/>\n<input type=\"hidden\" name=\"_wpcf7_version\" value=\"5.7.7\" \/>\n<input type=\"hidden\" name=\"_wpcf7_locale\" value=\"en_US\" \/>\n<input type=\"hidden\" name=\"_wpcf7_unit_tag\" value=\"wpcf7-f6621-o1\" \/>\n<input type=\"hidden\" name=\"_wpcf7_container_post\" value=\"0\" \/>\n<input type=\"hidden\" name=\"_wpcf7_posted_data_hash\" value=\"\" \/>\n<input type=\"hidden\" name=\"_wpcf7_recaptcha_response\" value=\"\" \/>\n<\/div>\n<div class=\"one-half\">\n\t<p><label> Jm\u00e9no* <span class=\"wpcf7-form-control-wrap\" data-name=\"first-name\"><input size=\"40\" class=\"wpcf7-form-control wpcf7-text wpcf7-validates-as-required\" aria-required=\"true\" aria-invalid=\"false\" value=\"\" type=\"text\" name=\"first-name\" \/><\/span> <\/label>\n\t<\/p>\n\t<p><label> P\u0159\u00edjmen\u00ed* <span class=\"wpcf7-form-control-wrap\" data-name=\"last-name\"><input size=\"40\" class=\"wpcf7-form-control wpcf7-text wpcf7-validates-as-required\" aria-required=\"true\" aria-invalid=\"false\" value=\"\" type=\"text\" name=\"last-name\" \/><\/span> <\/label>\n\t<\/p>\n\t<p><label> spole\u010dnost <span class=\"wpcf7-form-control-wrap\" data-name=\"company\"><input size=\"40\" class=\"wpcf7-form-control wpcf7-text\" aria-invalid=\"false\" value=\"\" type=\"text\" name=\"company\" \/><\/span> <\/label>\n\t<\/p>\n\t<p><label> Emailov\u00e1 adresa* <span class=\"wpcf7-form-control-wrap\" data-name=\"your-email\"><input size=\"40\" class=\"wpcf7-form-control wpcf7-text wpcf7-email wpcf7-validates-as-required wpcf7-validates-as-email\" aria-required=\"true\" aria-invalid=\"false\" value=\"\" type=\"email\" name=\"your-email\" \/><\/span> <\/label>\n\t<\/p>\n\t<p><label> telefonn\u00ed \u010d\u00edslo <span class=\"wpcf7-form-control-wrap\" data-name=\"your-phone\"><input size=\"40\" class=\"wpcf7-form-control wpcf7-text wpcf7-tel wpcf7-validates-as-tel\" aria-invalid=\"false\" value=\"\" type=\"tel\" name=\"your-phone\" \/><\/span> <\/label>\n\t<\/p>\n\t<p><label> zem\u011b <span class=\"wpcf7-form-control-wrap\" data-name=\"country\"><select class=\"wpcf7-form-control wpcf7-select\" aria-invalid=\"false\" name=\"country\"><option value=\"Deutschland\">N\u011bmecko<\/option><option value=\"\u00d6sterreich\">Rakousko<\/option><option value=\"Belgien\">Belgie<\/option><option value=\"Liechtenstein\">Lichten\u0161tejnsko<\/option><option value=\"Luxemburg\">Lucembursko<\/option><option value=\"Schweiz\">\u0160v\u00fdcarsko<\/option><option value=\"-----\">-----<\/option><option value=\"Afghanistan\">Afgh\u00e1nist\u00e1n<\/option><option value=\"Albanien\">Alb\u00e1nie<\/option><option value=\"Algerien\">Al\u017e\u00edrsko<\/option><option value=\"Amerikanische Jungferninseln\">Americk\u00e9 Panensk\u00e9 ostrovy<\/option><option value=\"Amerikanisch-Samoa\">Americk\u00e1 Samoa<\/option><option value=\"Andorra\">Andorra<\/option><option value=\"Angola\">Angola<\/option><option value=\"Anguilla\">anguilla<\/option><option value=\"Antigua und Barbuda\">Antigua a Barbuda<\/option><option value=\"Argentinien\">Argentina<\/option><option value=\"Armenien\">Arm\u00e9nie<\/option><option value=\"Aruba\">Aruba<\/option><option value=\"Australien\">Austr\u00e1lie<\/option><option value=\"Aserbaidschan\">\u00c1zerbajd\u017e\u00e1n<\/option><option value=\"Bahamas\">Bahamy<\/option><option value=\"Bahrain\">Bahrajn<\/option><option value=\"Bangladesch\">Banglad\u00e9\u0161<\/option><option value=\"Barbados\">Barbados<\/option><option value=\"Belarus\">B\u011blorusko<\/option><option value=\"Belize\">Belize<\/option><option value=\"Benin\">benin<\/option><option value=\"Bermuda\">Bermudy<\/option><option value=\"Bhutan\">Bh\u00fat\u00e1n<\/option><option value=\"Bolivien\">Bol\u00edvie<\/option><option value=\"Bonaire\">Bonaire<\/option><option value=\"Bosnien und Herzegowina\">Bosna a Hercegovina<\/option><option value=\"Botswana\">Botswana<\/option><option value=\"Bouvet-Insel (Bouvetoya)\">Bouvet\u016fv ostrov (Bouvetoya)<\/option><option value=\"Brasilien\">Braz\u00edlie<\/option><option value=\"Britisches Territorium im Indischen Ozean (Chagos-Archipel)\">Britsk\u00e9 indickooce\u00e1nsk\u00e9 \u00fazem\u00ed (souostrov\u00ed Chagos)<\/option><option value=\"Britische Jungferninseln\">Britsk\u00e9 Panensk\u00e9 ostrovy<\/option><option value=\"Brunei Darussalam\">Brunej Darussalam<\/option><option value=\"Bulgarien\">Bulharsko<\/option><option value=\"Burkina Faso\">Burkina Faso<\/option><option value=\"Burundi\">burundi<\/option><option value=\"Kambodscha\">Kambod\u017ea<\/option><option value=\"Kamerun\">Kamerun<\/option><option value=\"Canada\">Kanada<\/option><option value=\"Kap Verde\">Kapverdy<\/option><option value=\"Cayman Islands\">Kajmansk\u00e9 ostrovy<\/option><option value=\"Zentralafrikanische Republik\">St\u0159edoafrick\u00e1 republika<\/option><option value=\"Chad\">\u010cad<\/option><option value=\"Chile\">Chile<\/option><option value=\"Weihnachtsinsel\">v\u00e1no\u010dn\u00ed ostrov<\/option><option value=\"Cocos (Keeling) Inseln\">Kokosov\u00e9 (Keelingovy) ostrovy<\/option><option value=\"Cookinseln\">Cookovy ostrovy<\/option><option value=\"Costa Rica\">Kostarika<\/option><option value=\"Elfenbeink\u00fcste\">Pob\u0159e\u017e\u00ed slonoviny<\/option><option value=\"Kuba\">Kuba<\/option><option value=\"Cura\u00e7ao\">Cura\u00e7ao<\/option><option value=\"Zypern\">Kypr<\/option><option value=\"Zypern\">Kypr<\/option><option value=\"Tschechische Republik\">\u010cesk\u00e1 republika<\/option><option value=\"D\u00e4nemark\">D\u00e1nsko<\/option><option value=\"Dschibuti\">D\u017eibutsko<\/option><option value=\"Dominica\">Dominika<\/option><option value=\"Dominikanische Republik\">Dominik\u00e1nsk\u00e1 republika<\/option><option value=\"Ecuador\">Ekv\u00e1dor<\/option><option value=\"\u00c4gypten\">Egypt<\/option><option value=\"El Salvador\">El Salvador<\/option><option value=\"\u00c4quatorialguinea\">Rovn\u00edkov\u00e1 Guinea<\/option><option value=\"Eritrea\">Eritrea<\/option><option value=\"Estland\">Estonsko<\/option><option value=\"\u00c4thiopien\">Etiopie<\/option><option value=\"Falklandinseln (Malvinas)\">Falklandsk\u00e9 ostrovy (Malv\u00edny)<\/option><option value=\"F\u00e4r\u00f6er\">Faersk\u00e9 ostrovy<\/option><option value=\"Fidschi\">Fid\u017ei<\/option><option value=\"Finnland\">Finsko<\/option><option value=\"Frankreich\">Francie<\/option><option value=\"Franz\u00f6sisch-Guayana\">Francouzsk\u00e1 Guyana<\/option><option value=\"Franz\u00f6sisch-Polynesien\">Francouzsk\u00e1 Polyn\u00e9sie<\/option><option value=\"Franz\u00f6sische S\u00fcdterritorien\">Francouzsk\u00e1 ji\u017en\u00ed \u00fazem\u00ed<\/option><option value=\"Gabun\">Gabon<\/option><option value=\"Gambia\">Gambie<\/option><option value=\"Georgien\">Gruzie<\/option><option value=\"Gibraltar\">Gibraltar<\/option><option value=\"Griechenland\">\u0158ecko<\/option><option value=\"Gr\u00f6nland\">Gr\u00f3nsko<\/option><option value=\"Grenada\">Granada<\/option><option value=\"Guadeloupe\">Guadeloupe<\/option><option value=\"Guam\">Guam<\/option><option value=\"Guatemala\">Guatemala<\/option><option value=\"Guernsey\">Guernsey<\/option><option value=\"Guinea\">Guinea<\/option><option value=\"Guinea-Bissau\">Guinea Bissau<\/option><option value=\"Guyana\">Guyana<\/option><option value=\"Haiti\">Haiti<\/option><option value=\"Heard Island und McDonald Islands\">Ostrov Heard a ostrov McDonald<\/option><option value=\"Heiliger Stuhl (Vatikanstadt)\">Svat\u00fd stolec (Vatik\u00e1n)<\/option><option value=\"Honduras\">Honduras<\/option><option value=\"Hongkong\">Hongkong<\/option><option value=\"Ungarn\">Ma\u010farsko<\/option><option value=\"Island\">Island<\/option><option value=\"Indien\">Indie<\/option><option value=\"Indonesien\">Indon\u00e9sie<\/option><option value=\"Iran\">\u00cdr\u00e1n<\/option><option value=\"Irak\">Ir\u00e1k<\/option><option value=\"Irland\">Irsko<\/option><option value=\"Isle of Man\">Ostrov Man<\/option><option value=\"Israel\">Izrael<\/option><option value=\"Italien\">It\u00e1lie<\/option><option value=\"Jamaika\">Jamaica<\/option><option value=\"Japan\">Japonsko<\/option><option value=\"Jersey\">trikot<\/option><option value=\"Jordanien\">Jord\u00e1n<\/option><option value=\"Kasachstan\">Kazachst\u00e1n<\/option><option value=\"Kasachstan\">Kazachst\u00e1n<\/option><option value=\"Kenia\">Ke\u0148a<\/option><option value=\"Kiribati\">Kiribati<\/option><option value=\"Kolumbien\">Kolumbie<\/option><option value=\"Komoren\">Komory<\/option><option value=\"Kongo\">Kongo<\/option><option value=\"Korea S\u00fcd\">Ji\u017en\u00ed Korea<\/option><option value=\"Kuwait\">Kuvajt<\/option><option value=\"Kirgisische Republik\">Kyrgyzsk\u00e1 republika<\/option><option value=\"Laotische Demokratische Volksrepublik\">Laosk\u00e1 lidov\u011b demokratick\u00e1 republika<\/option><option value=\"Lettland\">Loty\u0161sko<\/option><option value=\"Libanon\">Libanon<\/option><option value=\"Lesotho\">Lesotho<\/option><option value=\"Liberia\">Lib\u00e9rie<\/option><option value=\"Libysche Arabische Jamahiriya\">Libyjsk\u00e1 arabsk\u00e1 d\u017eamahir\u00edja<\/option><option value=\"Litauen\">Litva<\/option><option value=\"Macao\">Macao<\/option><option value=\"Makedonien\">Makedonie<\/option><option value=\"Madagaskar\">Madagaskar<\/option><option value=\"Malawi\">Malawi<\/option><option value=\"Malaysia\">Malajsie<\/option><option value=\"Malediven\">Maledivy<\/option><option value=\"Mali\">mali<\/option><option value=\"Malta\">Malta<\/option><option value=\"Marshallinseln\">Marshallovy ostrovy<\/option><option value=\"Martinique\">Martinik<\/option><option value=\"Mauretanien\">Maurit\u00e1nie<\/option><option value=\"Mauritius\">Mauricius<\/option><option value=\"Mayotte\">Mayotte<\/option><option value=\"Mexiko\">Mexiko<\/option><option value=\"Mikronesien\">Mikron\u00e9sie<\/option><option value=\"Moldau\">Moldavsko<\/option><option value=\"Monaco\">Monako<\/option><option value=\"Mongolei\">Mongolsko<\/option><option value=\"Montenegro\">\u010cern\u00e1 Hora<\/option><option value=\"Montserrat\">Montserrat<\/option><option value=\"Marokko\">Maroko<\/option><option value=\"Mosambik\">Mosambik<\/option><option value=\"Myanmar\">Myanmar<\/option><option value=\"Namibia\">Namibie<\/option><option value=\"Nauru\">Nauru<\/option><option value=\"Nepal\">Nep\u00e1l<\/option><option value=\"Niederlande\">Holandsko<\/option><option value=\"Niederl\u00e4ndische Antillen\">Nizozemsk\u00e9 Antily<\/option><option value=\"Neukaledonien\">Nov\u00e1 Kaledonie<\/option><option value=\"Neuseeland\">Nov\u00fd Z\u00e9land<\/option><option value=\"Nicaragua\">Nikaragua<\/option><option value=\"Niger\">Niger<\/option><option value=\"Nigeria\">Nig\u00e9rie<\/option><option value=\"Niue\">Nov\u00fd<\/option><option value=\"Norfolkinsel\">Ostrov Norfolk<\/option><option value=\"N\u00f6rdliche Marianen\">Severn\u00ed Mariany<\/option><option value=\"Norwegen\">Norsko<\/option><option value=\"Oman\">Om\u00e1n<\/option><option value=\"Pakistan\">P\u00e1kist\u00e1n<\/option><option value=\"Palau\">Palau<\/option><option value=\"Pal\u00e4stinensische Gebiete\">Palestinsk\u00e1 \u00fazem\u00ed<\/option><option value=\"Panama\">Panama<\/option><option value=\"Papua-Neuguinea\">Papua-Nov\u00e1 Guinea<\/option><option value=\"Paraguay\">Paraguay<\/option><option value=\"Peru\">Peru<\/option><option value=\"Philippinen\">Filip\u00edny<\/option><option value=\"Pitcairninseln\">Pitcairnovy ostrovy<\/option><option value=\"Polen\">Polsko<\/option><option value=\"Portugal\">Portugalsko<\/option><option value=\"Puerto Rico\">Portoriko<\/option><option value=\"Katar\">Katar<\/option><option value=\"R\u00e9union\">Shled\u00e1n\u00ed<\/option><option value=\"Rum\u00e4nien\">Rumunsko<\/option><option value=\"Russische F\u00f6deration\">Rusk\u00e1 Federace<\/option><option value=\"Ruanda\">Rwanda<\/option><option value=\"Sankt Barth\u00e9lemy\">Svat\u00fd Bartolom\u011bj<\/option><option value=\"Heilige Helena\">Svat\u00e1 Helena<\/option><option value=\"Heilige Kitts und Nevis\">Svat\u00fd Kry\u0161tof a Nevis<\/option><option value=\"Heilige Lucia\">Svat\u00e1 Lucie<\/option><option value=\"Heilige Martin\">Svat\u00fd Martin<\/option><option value=\"Saint Pierre und Miquelon\">Saint Pierre a Miquelon<\/option><option value=\"St. Vincent und die Grenadinen\">Svat\u00fd Vincenc a Grenadiny<\/option><option value=\"Sambia\">Zambie<\/option><option value=\"Samoa\">Samoa<\/option><option value=\"San Marino\">San Marino<\/option><option value=\"Sao Tome und Principe\">Svat\u00fd Tom\u00e1\u0161 a Princ\u016fv ostrov<\/option><option value=\"Saudi-Arabien\">Saudsk\u00e1 ar\u00e1bie<\/option><option value=\"Senegal\">Senegal<\/option><option value=\"Serbien\">Srbsko<\/option><option value=\"Seychellen\">Seychely<\/option><option value=\"Sierra Leone\">Sierra Leone<\/option><option value=\"Simbabwe\">Zimbabwe<\/option><option value=\"Singapur\">Singapur<\/option><option value=\"Sint Maarten (Niederlande)\">Sint Maarten (Nizozemsko)<\/option><option value=\"Slowakei (Slowakische Republik)\">Slovensko (Slovensk\u00e1 republika)<\/option><option value=\"Slowenien\">Slovinsko<\/option><option value=\"Salomonen\">Solomonovy ostrovy<\/option><option value=\"Somalia\">Som\u00e1lsko<\/option><option value=\"S\u00fcdafrika\">Ji\u017en\u00ed Afrika<\/option><option value=\"S\u00fcdgeorgien &amp; S. Sandwichinseln\">Ji\u017en\u00ed Georgie a S. Sandwichovy ostrovy<\/option><option value=\"Spanien\">\u0160pan\u011blsko<\/option><option value=\"Sri Lanka\">Sr\u00ed Lanka<\/option><option value=\"Sudan\">S\u00fad\u00e1n<\/option><option value=\"Suriname\">Surinam<\/option><option value=\"Svalbard &amp; Jan Mayen Inseln\">Svalbard a ostrovy Jan Mayen<\/option><option value=\"Swasiland\">Svazijsko<\/option><option value=\"Schweden\">\u0160v\u00e9dsko<\/option><option value=\"Syrische Arabische Republik\">Syrsk\u00e1 Arabsk\u00e1 republika<\/option><option value=\"Taiwan\">Tchaj-wan<\/option><option value=\"Tadschikistan\">T\u00e1d\u017eikist\u00e1n<\/option><option value=\"Tansania\">Tanzanie<\/option><option value=\"Timor-Leste\">V\u00fdchodn\u00ed Timor<\/option><option value=\"Togo\">J\u00edt<\/option><option value=\"Tokelau\">Tokelau<\/option><option value=\"Tonga\">Tonga<\/option><option value=\"Trinidad und Tobago\">Trinidad a Tobago<\/option><option value=\"Tunesien\">Tunisko<\/option><option value=\"T\u00fcrkei\">Turecko<\/option><option value=\"Turkmenistan\">Turkmenist\u00e1n<\/option><option value=\"Turks- und Caicosinseln\">ostrovy Turks a Cacois<\/option><option value=\"Tuvalu\">Tuvalu<\/option><option value=\"Upper Minor Outlying Islands\">Horn\u00ed Mal\u00e9 odlehl\u00e9 ostrovy<\/option><option value=\"Uganda\">Uganda<\/option><option value=\"Ukraine\">Ukrajina<\/option><option value=\"Vereinigte Arabische Emirate\">Spojen\u00e9 arabsk\u00e9 emir\u00e1ty<\/option><option value=\"Vereinigte Staaten von Amerika\">Spojen\u00e9 st\u00e1ty americk\u00e9<\/option><option value=\"Vereinigtes K\u00f6nigreich\">Spojen\u00e9 kr\u00e1lovstv\u00ed<\/option><option value=\"Uruguay\">Uruguay<\/option><option value=\"Usbekistan\">Uzbekist\u00e1n<\/option><option value=\"Vanuatu\">Vanuatu<\/option><option value=\"Venezuela\">Venezuela<\/option><option value=\"Vietnam\">Vietnam<\/option><option value=\"Wallis und Futuna\">Wallis a Futuna<\/option><option value=\"Westsahara\">z\u00e1padn\u00ed Sahara<\/option><option value=\"Jemen\">Jemen<\/option><\/select><\/span> <\/label>\n\t<\/p>\n\t<p><label> adresa <span class=\"wpcf7-form-control-wrap\" data-name=\"address\"><input size=\"40\" class=\"wpcf7-form-control wpcf7-text\" aria-invalid=\"false\" value=\"\" type=\"text\" name=\"address\" \/><\/span> <\/label>\n\t<\/p>\n<\/div>\n<div class=\"one-half last\">\n\t<p><label> Ohledn\u011b <span class=\"wpcf7-form-control-wrap subject-name\"><input name=\"subject-name\" class=\"wpcf7-form-control wpcf7dtx-dynamictext wpcf7-dynamictext\" size=\"40\" aria-invalid=\"false\" type=\"text\" value=\"\u00d6le, Fette und Schmierstoffe\" \/><\/span><\/label>\n\t<\/p>\n\t<p><label> Zpr\u00e1vy* <span class=\"wpcf7-form-control-wrap\" data-name=\"your-message\"><textarea cols=\"40\" rows=\"10\" class=\"wpcf7-form-control wpcf7-textarea\" aria-invalid=\"false\" name=\"your-message\"><\/textarea><\/span> <\/label>\n\t<\/p>\n\t<p><span class=\"wpcf7-form-control-wrap\" data-name=\"checkbox-403\"><span class=\"wpcf7-form-control wpcf7-checkbox wpcf7-validates-as-required\"><span class=\"wpcf7-list-item first last\"><label><input type=\"checkbox\" name=\"checkbox-403[]\" value=\"Ehrler &amp; Beck verwendet die zur Verf\u00fcgung gestellten Informationen nur zu Kontaktzwecken, Details entnehmen Sie bitte unserer Datenschutzerkl\u00e4rung.\" \/><span class=\"wpcf7-list-item-label\">Ehrler &amp; Beck pou\u017e\u00edv\u00e1 poskytnut\u00e9 informace pouze pro kontaktn\u00ed \u00fa\u010dely. Podrobnosti naleznete v na\u0161em prohl\u00e1\u0161en\u00ed o ochran\u011b \u00fadaj\u016f.<\/span><\/label><\/span><\/span><\/span>\n\t<\/p>\n\t<p><span style=\"font-size: 10pt;\">*Povinn\u00e1 pole<\/span>\n\t<\/p>\n<\/div>\n<div class=\"tiaro-button-wrapper tiaro-alignright\">\n\t<p><input class=\"wpcf7-form-control has-spinner wpcf7-submit\" type=\"submit\" value=\"POSLAT \u017d\u00c1DOST\" \/>\n\t<\/p>\n<\/div>\n<p>&nbsp;\n<\/p><div class=\"tiaro-alert alert custom alert-custom tiaro-alert-center wpcf7-response-output alert-dismissable\" style=\"--awb-border-size:1px;\" role=\"alert\"><div class=\"tiaro-alert-content-wrapper\"><span class=\"tiaro-alert-content\"><\/span><\/div><button type=\"button\" class=\"close toggle-alert\" data-dismiss=\"alert\" aria-label=\"Close\">\u00d7<\/button><\/div>\n<input type=\"hidden\" name=\"trp-form-language\" value=\"cs\"\/><\/form>\n<\/div>\n<\/p>\n<p><\/div><div class=\"modal-footer\"><button class=\"tiaro-button button-default button-medium button default medium\" type=\"button\" data-dismiss=\"modal\">Close<\/button><\/div><\/div><\/div><\/div>","protected":false},"excerpt":{"rendered":"<p>\u00d6LE, FETTE UND SCHMIERSTOFFE BECKER &#8211; \u00d6LE UND SCHMIERSTOFFE Becker \u00d6l Lube M100 \/ \u00d6l Lube M 100 (U-Pumpen) Becker \u00d6l Lube S100 \/ \u00d6l Lube S 100 (U-Pumpen) Becker \u00d6l Lube M320 \/ \u00d6l Lube M 320 (DKW, VPF, DVP, L\/V) Becker \u00d6l Lube SL100 Food \/ \u00d6l Lube SL 100 Food (U-Pumpen) Becker [&hellip;]<\/p>","protected":false},"author":1,"featured_media":0,"parent":2203,"menu_order":0,"comment_status":"closed","ping_status":"closed","template":"","meta":{"footnotes":""},"class_list":["post-5049","page","type-page","status-publish","hentry"],"acf":[],"_links":{"self":[{"href":"https:\/\/ehrler-beck.com\/cs\/wp-json\/wp\/v2\/pages\/5049","targetHints":{"allow":["GET"]}}],"collection":[{"href":"https:\/\/ehrler-beck.com\/cs\/wp-json\/wp\/v2\/pages"}],"about":[{"href":"https:\/\/ehrler-beck.com\/cs\/wp-json\/wp\/v2\/types\/page"}],"author":[{"embeddable":true,"href":"https:\/\/ehrler-beck.com\/cs\/wp-json\/wp\/v2\/users\/1"}],"replies":[{"embeddable":true,"href":"https:\/\/ehrler-beck.com\/cs\/wp-json\/wp\/v2\/comments?post=5049"}],"version-history":[{"count":0,"href":"https:\/\/ehrler-beck.com\/cs\/wp-json\/wp\/v2\/pages\/5049\/revisions"}],"up":[{"embeddable":true,"href":"https:\/\/ehrler-beck.com\/cs\/wp-json\/wp\/v2\/pages\/2203"}],"wp:attachment":[{"href":"https:\/\/ehrler-beck.com\/cs\/wp-json\/wp\/v2\/media?parent=5049"}],"curies":[{"name":"wp","href":"https:\/\/api.w.org\/{rel}","templated":true}]}}