{"id":48707,"date":"2021-02-21T10:09:20","date_gmt":"2021-02-21T09:09:20","guid":{"rendered":"https:\/\/ehrler-beck.com\/?page_id=48707"},"modified":"2021-02-24T09:47:58","modified_gmt":"2021-02-24T08:47:58","slug":"allgemeine-verkaufsbedingungen","status":"publish","type":"page","link":"https:\/\/ehrler-beck.com\/cs\/vseobecne-podminky-prodeje","title":{"rendered":"V\u0161eobecn\u00e9 podm\u00ednky prodeje \u2013 VOP"},"content":{"rendered":"<div class=\"tiaro-fullwidth fullwidth-box tiaro-builder-row-1 tiaro-flex-container nonhundred-percent-fullwidth non-hundred-percent-height-scrolling\" style=\"--awb-border-radius-top-left:0px;--awb-border-radius-top-right:0px;--awb-border-radius-bottom-right:0px;--awb-border-radius-bottom-left:0px;\" ><div class=\"tiaro-builder-row tiaro-row tiaro-flex-align-items-flex-start\" style=\"max-width:1404px;margin-left: calc(-4% \/ 2 );margin-right: calc(-4% \/ 2 );\"><div class=\"tiaro-layout-column tiaro_builder_column tiaro-builder-column-0 tiaro_builder_column_1_1 1_1 tiaro-flex-column legal-text\" style=\"--awb-bg-size:cover;--awb-width-large:100%;--awb-margin-top-large:0px;--awb-spacing-right-large:1.92%;--awb-margin-bottom-large:0px;--awb-spacing-left-large:1.92%;--awb-width-medium:100%;--awb-order-medium:0;--awb-spacing-right-medium:1.92%;--awb-spacing-left-medium:1.92%;--awb-width-small:100%;--awb-order-small:0;--awb-spacing-right-small:1.92%;--awb-spacing-left-small:1.92%;\" id=\"legal-text\"><div class=\"tiaro-column-wrapper tiaro-column-has-shadow tiaro-flex-justify-content-flex-start tiaro-content-layout-column\"><div class=\"tiaro-text tiaro-text-1\"><div class=\"tiaro-page-title-captions\">\n<h1 class=\"entry-title tiaro-responsive-typography-calculated\" data-fontsize=\"14\" data-lineheight=\"19.6px\">V\u0161eobecn\u00e9 podm\u00ednky prodeje<\/h1>\n<\/div>\n<ol>\n<li style=\"font-weight: 400;\"><span style=\"font-weight: 400; font-size: 18px; color: #00b3a7;\">V\u0161eobecn\u00e9\u00a0<\/span>\n<ol>\n<li style=\"font-weight: 400;\"><span style=\"font-weight: 400;\">N\u00e1sleduj\u00edc\u00ed podm\u00ednky plat\u00ed pro v\u0161echny dod\u00e1vky a slu\u017eby spole\u010dnosti Ehrler &amp; Beck GmbH (Ehrler &amp; Beck). V\u0161eobecn\u00e9 obchodn\u00ed podm\u00ednky klienta nejsou platn\u00e9.\u00a0<\/span><\/li>\n<li style=\"font-weight: 400;\"><span style=\"font-weight: 400;\"><span style=\"font-weight: 400;\">Pokud nen\u00ed v t\u011bchto obchodn\u00edch podm\u00ednk\u00e1ch upraveno, neplat\u00ed v\u0161eobecn\u00e9 obchodn\u00ed podm\u00ednky z\u00e1kazn\u00edka, ale z\u00e1konn\u00e1 \u00faprava.<\/span><\/span><\/li>\n<\/ol>\n<\/li>\n<li style=\"font-weight: 400;\" aria-level=\"1\"><span style=\"font-weight: 400; font-size: 18px; color: #00b3a7;\">Nab\u00eddka\/Potvrzen\u00ed objedn\u00e1vky\u00a0<\/span>\n<ol>\n<li style=\"font-weight: 400;\" aria-level=\"2\"><span style=\"font-weight: 400;\">Pokud nen\u00ed v\u00fdslovn\u011b uvedeno z\u00e1vazn\u00e9 obdob\u00ed, jsou nab\u00eddky spole\u010dnosti Ehrler &amp; Beck nez\u00e1vazn\u00e9 a smlouva je uzav\u0159ena teprve tehdy, kdy\u017e spole\u010dnost Ehrler &amp; Beck potvrd\u00ed objedn\u00e1vku.<\/span><\/li>\n<li style=\"font-weight: 400;\" aria-level=\"2\"><span style=\"font-weight: 400;\"><span style=\"font-weight: 400;\">Objedn\u00e1vky bez p\u0159edchoz\u00ed nab\u00eddky podle bodu 2.1 se st\u00e1vaj\u00ed pro Ehrler &amp; Beck z\u00e1vazn\u00fdmi a\u017e pot\u00e9, co Ehrler &amp; Beck objedn\u00e1vku potvrd\u00ed. Tot\u00e9\u017e plat\u00ed, pokud z\u00e1kazn\u00edk uprav\u00ed nab\u00eddku spole\u010dnosti Ehrler &amp; Beck.<\/span><\/span><\/li>\n<\/ol>\n<\/li>\n<li style=\"font-weight: 400;\" aria-level=\"1\"><span style=\"font-weight: 400; font-size: 18px; color: #00b3a7;\">Dokumenty\u00a0<\/span>\n<ol>\n<li style=\"font-weight: 400;\" aria-level=\"2\"><span style=\"font-weight: 400;\">Informace v kataloz\u00edch a prospektech, jako\u017e i informace v dokumentech pat\u0159\u00edc\u00edch k nab\u00eddce jsou orienta\u010dn\u00ed a jako takov\u00e9 nez\u00e1vazn\u00e9, pokud nejsou v\u00fdslovn\u011b ozna\u010deny jako z\u00e1vazn\u00e9.\u00a0<\/span><\/li>\n<li style=\"font-weight: 400;\" aria-level=\"2\"><span style=\"font-weight: 400;\">V jednotliv\u00fdch p\u0159\u00edpadech je spole\u010dnost Ehrler &amp; Beck opr\u00e1vn\u011bna prov\u00e9st konstruktivn\u00ed zm\u011bny a v p\u0159\u00edpad\u011b nedostatku surovin pou\u017e\u00edt jin\u00e9 materi\u00e1ly, pokud spole\u010dnosti Ehrler &amp; Beck nejsou zn\u00e1my \u017e\u00e1dn\u00e9 v\u00fdjime\u010dn\u00e9 z\u00e1jmy z\u00e1kazn\u00edka, kter\u00e9 by tomu br\u00e1nily.\u00a0<\/span><\/li>\n<li style=\"font-weight: 400;\" aria-level=\"2\"><span style=\"font-weight: 400;\">Spole\u010dnost Ehrler &amp; Beck si vyhrazuje vlastnick\u00e9 pr\u00e1vo a autorsk\u00e1 pr\u00e1va ke v\u0161em dokument\u016fm zp\u0159\u00edstupn\u011bn\u00fdm spole\u010dnost\u00ed Ehrler &amp; Beck; tyto dokumenty nesm\u011bj\u00ed b\u00fdt pou\u017eity, duplikov\u00e1ny nebo zp\u0159\u00edstupn\u011bny t\u0159et\u00edm stran\u00e1m k jin\u00e9mu \u00fa\u010delu, ne\u017e kter\u00fd spole\u010dnost Ehrler &amp; Beck zam\u00fd\u0161l\u00ed.\u00a0<\/span><\/li>\n<li style=\"font-weight: 400;\" aria-level=\"2\"><span style=\"font-weight: 400;\"><span style=\"font-weight: 400;\">V\u0161echny dokumenty poskytnut\u00e9 spole\u010dnost\u00ed Ehrler &amp; Beck mus\u00ed b\u00fdt na po\u017e\u00e1d\u00e1n\u00ed okam\u017eit\u011b vr\u00e1ceny. \u017d\u00e1dost o vr\u00e1cen\u00ed nen\u00ed vy\u017eadov\u00e1na, pokud nen\u00ed objedn\u00e1vka zad\u00e1na u Ehrler &amp; Beck.<\/span><\/span><\/li>\n<\/ol>\n<\/li>\n<li style=\"font-weight: 400;\" aria-level=\"1\"><span style=\"font-weight: 400; font-size: 18px; color: #00b3a7;\">Ceny, balen\u00ed, poji\u0161t\u011bn\u00ed\u00a0<\/span>\n<ol>\n<li style=\"font-weight: 400;\" aria-level=\"2\"><span style=\"font-weight: 400;\">Ceny jsou ze z\u00e1vodu nebo z v\u00fdrobn\u00edho z\u00e1vodu (INCOTERMS 2020) bez balen\u00ed, instalace a uveden\u00ed do provozu. Balen\u00ed bude \u00fa\u010dtov\u00e1no ve v\u00fdrobn\u00ed cen\u011b.\u00a0<\/span><\/li>\n<li style=\"font-weight: 400;\" aria-level=\"2\"><span style=\"font-weight: 400;\">Ehrler &amp; Beck rovn\u011b\u017e vypo\u010d\u00edt\u00e1v\u00e1 transak\u010dn\u00ed dan\u011b (da\u0148 z obratu atd.) podle ustanoven\u00ed platn\u00fdch v dob\u011b pln\u011bn\u00ed smlouvy.\u00a0<\/span><\/li>\n<li style=\"font-weight: 400;\" aria-level=\"2\"><span style=\"font-weight: 400;\"><span style=\"font-weight: 400;\">Pokud z\u00e1kazn\u00edk v\u00fdslovn\u011b nestanov\u00ed jinak, Ehrler &amp; Beck pojist\u00ed objednan\u00e9 zbo\u017e\u00ed na n\u00e1klady z\u00e1kazn\u00edka proti obvykl\u00fdm rizik\u016fm p\u0159epravy, v\u010detn\u011b rozbit\u00ed.<\/span><\/span><\/li>\n<\/ol>\n<\/li>\n<li style=\"font-weight: 400;\" aria-level=\"1\"><span style=\"font-weight: 400;\"><span style=\"font-size: 18px; color: #00b3a7;\">Instalace a uveden\u00ed do provozu<\/span> <\/span>\n<ol>\n<li style=\"font-weight: 400;\" aria-level=\"1\"><span style=\"font-weight: 400;\"><span style=\"font-weight: 400;\">Pokud m\u00e1 b\u00fdt provedena mont\u00e1\u017e, dozor nad mont\u00e1\u017e\u00ed nebo uveden\u00ed do provozu, plat\u00ed rovn\u011b\u017e odpov\u00eddaj\u00edc\u00ed podm\u00ednky spole\u010dnosti Ehrler &amp; Beck, kter\u00e9 jsou k dispozici na vy\u017e\u00e1d\u00e1n\u00ed.<\/span><\/span><\/li>\n<\/ol>\n<\/li>\n<li style=\"font-weight: 400;\" aria-level=\"1\"><span style=\"font-weight: 400; font-size: 18px; color: #00b3a7;\">p\u0159enos rizika\u00a0<\/span>\n<ol>\n<li style=\"font-weight: 400;\" aria-level=\"2\"><span style=\"font-weight: 400;\">Riziko p\u0159ech\u00e1z\u00ed na z\u00e1kazn\u00edka v souladu s dohodnutou dolo\u017ekou (INCOTERMS 2020). Nedojde-li k dohod\u011b, p\u0159ech\u00e1z\u00ed riziko p\u0159i p\u0159ed\u00e1n\u00ed p\u0159edm\u011btu dod\u00e1vky na prvn\u00edho dopravce, to plat\u00ed i pro d\u00edl\u010d\u00ed dod\u00e1vky nebo pokud Ehrler &amp; Beck p\u0159evzala dal\u0161\u00ed slu\u017eby.\u00a0<\/span><\/li>\n<li style=\"font-weight: 400;\" aria-level=\"2\"><span style=\"font-weight: 400;\"><span style=\"font-weight: 400;\">Pokud se z\u00e1silka zpozd\u00ed v d\u016fsledku okolnost\u00ed, za kter\u00e9 spole\u010dnost Ehrler &amp; Beck nenese odpov\u011bdnost, p\u0159ech\u00e1z\u00ed riziko na z\u00e1kazn\u00edka ozn\u00e1men\u00edm o p\u0159ipravenosti k odesl\u00e1n\u00ed.<\/span><\/span><\/li>\n<\/ol>\n<\/li>\n<li style=\"font-weight: 400;\" aria-level=\"1\"><span style=\"font-weight: 400; font-size: 18px; color: #00b3a7;\">dodac\u00ed term\u00edny\u00a0<\/span>\n<ol>\n<li style=\"font-weight: 400;\" aria-level=\"2\"><span style=\"font-weight: 400;\">Dodac\u00ed lh\u016fta po\u010d\u00edn\u00e1 b\u011b\u017eet dnem, kdy byly se z\u00e1kazn\u00edkem vyjasn\u011bny v\u0161echny obchodn\u011b-technick\u00e9 po\u017eadavky na spln\u011bn\u00ed objedn\u00e1vky, byly obdr\u017eeny podklady, kter\u00e9 m\u00e1 z\u00e1kazn\u00edk obstarat, Ehrler &amp; Beck, byla vyd\u00e1na pot\u0159ebn\u00e1 schv\u00e1len\u00ed a povolen\u00ed. vystaven\u00e9 a dohodnut\u00e9 z\u00e1lohy byly p\u0159ips\u00e1ny na bankovn\u00ed \u00fa\u010det Ehrler &amp; Beck. Dodac\u00ed lh\u016fta je dodr\u017eena, pokud byl p\u0159edm\u011bt dod\u00e1vky p\u0159ed\u00e1n prvn\u00edmu p\u0159epravci nebo byl z\u00e1kazn\u00edk do uplynut\u00ed dodac\u00ed lh\u016fty informov\u00e1n, \u017ee zbo\u017e\u00ed je p\u0159ipraveno k expedici \u2013 za p\u0159edpokladu, \u017ee z\u00e1kazn\u00edk splnil sv\u00e9 smluvn\u00ed povinnosti. D\u00edl\u010d\u00ed dod\u00e1vky jsou v p\u0159im\u011b\u0159en\u00e9m rozsahu povoleny. Dodan\u00e9 zbo\u017e\u00ed je z\u00e1kazn\u00edkem p\u0159evzato, i kdy\u017e m\u00e1 drobn\u00e9 vady; dodac\u00ed lh\u016fty se v tomto ohledu pova\u017euj\u00ed za dodr\u017een\u00e9.\u00a0<\/span><\/li>\n<li style=\"font-weight: 400;\" aria-level=\"2\"><span style=\"font-weight: 400;\"><span style=\"font-weight: 400;\">V p\u0159\u00edpad\u011b zpo\u017ed\u011bn\u00ed dod\u00e1vky z d\u016fvodu vy\u0161\u0161\u00ed moci se dodac\u00ed lh\u016fta p\u0159im\u011b\u0159en\u011b prodlou\u017e\u00ed, nejd\u00e9le v\u0161ak na \u0161est m\u011bs\u00edc\u016f. Vy\u0161\u0161\u00ed moc zahrnuje nap\u0159\u00edklad st\u00e1vky, v\u00fdluky, sabot\u00e1\u017ee, naru\u0161en\u00ed provozu bez vlastn\u00edho zavin\u011bn\u00ed, \u00fa\u0159edn\u00ed povolen\u00ed, kter\u00e1 nebyla ud\u011blena nebo ud\u011blena v\u010das, a v\u0161echny dal\u0161\u00ed nep\u0159edv\u00eddan\u00e9 ud\u00e1losti.<\/span><\/span><\/li>\n<\/ol>\n<\/li>\n<li style=\"font-weight: 400;\" aria-level=\"1\"><span style=\"font-weight: 400; font-size: 18px; color: #00b3a7;\">platebn\u00ed podm\u00ednky\u00a0<\/span>\n<ol>\n<li style=\"font-weight: 400;\" aria-level=\"2\"><span style=\"font-weight: 400;\">Platby mus\u00ed b\u00fdt provedeny do 30 dn\u016f od fakturace, pokud nen\u00ed v nab\u00eddce\/potvrzen\u00ed objedn\u00e1vky od spole\u010dnosti Ehrler &amp; Beck uvedeno jinak. D\u00edl\u010d\u00ed dod\u00e1vky oprav\u0148uj\u00ed odb\u011bratele k vystaven\u00ed faktury na odpov\u00eddaj\u00edc\u00ed d\u00edl.\u00a0<\/span><\/li>\n<li style=\"font-weight: 400;\" aria-level=\"2\"><span style=\"font-weight: 400;\">Platby mus\u00ed b\u00fdt provedeny v\u00fdhradn\u011b jedn\u00e9 z platebn\u00edch kancel\u00e1\u0159\u00ed Ehrler &amp; Beck. Maj\u00ed b\u00fdt zaplaceny v den splatnosti bez po\u0161tovn\u00e9ho a n\u00e1klad\u016f bez jak\u00fdchkoliv sr\u00e1\u017eek; Poplatky, v\u00fddaje nebo jin\u00e9 n\u00e1klady, kter\u00e9 mohou spole\u010dnosti Ehrler &amp; Beck vzniknout v d\u016fsledku samostatn\u011b dohodnut\u00e9ho p\u0159ijet\u00ed sm\u011bnek nebo \u0161ek\u016f, nese z\u00e1kazn\u00edk. Pro stanoven\u00ed splatnosti je rozhoduj\u00edc\u00ed datum vystaven\u00ed faktury nebo datum ozn\u00e1men\u00ed o p\u0159ipravenosti k odesl\u00e1n\u00ed. U plateb v\u0161eho druhu je datem pln\u011bn\u00ed den, kdy m\u016f\u017ee spole\u010dnost Ehrler &amp; Beck s \u010d\u00e1stkou disponovat.\u00a0<\/span><\/li>\n<li style=\"font-weight: 400;\" aria-level=\"2\"><span style=\"font-weight: 400;\"><span style=\"font-weight: 400;\">Zadr\u017een\u00ed plateb z d\u016fvodu protin\u00e1rok\u016f a zapo\u010dten\u00ed protin\u00e1rok\u016f je povoleno pouze v p\u0159\u00edpad\u011b, \u017ee protin\u00e1roky jsou nesporn\u00e9 nebo byly pr\u00e1vn\u011b prok\u00e1z\u00e1ny.<\/span><\/span><\/li>\n<\/ol>\n<\/li>\n<li style=\"font-weight: 400;\" aria-level=\"1\"><span style=\"font-weight: 400; font-size: 18px; color: #00b3a7;\">v\u00fdhrada vlastnictv\u00ed\u00a0<\/span>\n<ol>\n<li style=\"font-weight: 400;\" aria-level=\"2\"><span style=\"font-weight: 400;\">P\u0159edm\u011bt dod\u00e1vky z\u016fst\u00e1v\u00e1 majetkem spole\u010dnosti Ehrler &amp; Beck a\u017e do \u00fapln\u00e9ho zaplacen\u00ed v\u0161ech n\u00e1rok\u016f jak\u00e9hokoli druhu vypl\u00fdvaj\u00edc\u00edch z obchodn\u00edho vztahu v dob\u011b fakturace, v\u010detn\u011b vedlej\u0161\u00edch n\u00e1rok\u016f. Uplatn\u011bn\u00ed v\u00fdhrady vlastnictv\u00ed a zabaven\u00ed p\u0159edm\u011btu dod\u00e1vky spole\u010dnost\u00ed Ehrler &amp; Beck se nepova\u017euje za odstoupen\u00ed od smlouvy, leda\u017ee by se pou\u017eil z\u00e1kon o spot\u0159ebitelsk\u00e9m \u00fav\u011bru. Pokud je platnost v\u00fdhrady vlastnictv\u00ed spojena se zvl\u00e1\u0161tn\u00edmi form\u00e1ln\u00edmi po\u017eadavky nebo jin\u00fdmi po\u017eadavky v zemi z\u00e1kazn\u00edka, mus\u00ed z\u00e1kazn\u00edk zajistit jejich spln\u011bn\u00ed.\u00a0<\/span><\/li>\n<li style=\"font-weight: 400;\" aria-level=\"2\"><span style=\"font-weight: 400;\">Z\u00e1kazn\u00edk je opr\u00e1vn\u011bn disponovat s p\u0159edm\u011btem dod\u00e1vky v r\u00e1mci b\u011b\u017en\u00e9ho obchodn\u00edho styku. N\u00e1roky, kter\u00e9 m\u00e1 z\u00e1kazn\u00edk po dobu v\u00fdhrady vlastnictv\u00ed z takov\u00e9ho nebo neopr\u00e1vn\u011bn\u00e9ho nakl\u00e1d\u00e1n\u00ed, jsou ji\u017e postoupeny spole\u010dnosti Ehrler &amp; Beck. Z\u00e1kazn\u00edk je opr\u00e1vn\u011bn vym\u00e1hat pohled\u00e1vky s v\u00fdhradou kdykoli odvol\u00e1n\u00ed.\u00a0<\/span><\/li>\n<li style=\"font-weight: 400;\" aria-level=\"2\"><span style=\"font-weight: 400;\">Spole\u010dnost Ehrler &amp; Beck se zavazuje na \u017e\u00e1dost z\u00e1kazn\u00edka uvolnit cenn\u00e9 pap\u00edry, na kter\u00e9 m\u00e1 n\u00e1rok, pokud jejich hodnota p\u0159ekro\u010d\u00ed nezaplacen\u00e9 pohled\u00e1vky, kter\u00e9 maj\u00ed b\u00fdt zaji\u0161t\u011bny v\u00edce ne\u017e 20 %.\u00a0<\/span><\/li>\n<li style=\"font-weight: 400;\" aria-level=\"2\"><span style=\"font-weight: 400;\">Z\u00e1kazn\u00edk p\u0159evezme zpracov\u00e1n\u00ed a zpracov\u00e1n\u00ed p\u0159edm\u011btu dod\u00e1vky pro Ehrler &amp; Beck, ani\u017e by t\u00edm Ehrler &amp; Beck vznikly jak\u00e9koli z\u00e1vazky. Pokud je p\u0159edm\u011bt dod\u00e1vky zpracov\u00e1n, spojen, sm\u00edch\u00e1n nebo sm\u00edch\u00e1n s p\u0159edm\u011bty, kter\u00e9 nepat\u0159\u00ed spole\u010dnosti Ehrler &amp; Beck (\u00a7\u00a7 947 a n\u00e1sl. BGB), m\u00e1 spole\u010dnost Ehrler &amp; Beck na nov\u00e9 v\u011bci spoluvlastnick\u00fd pod\u00edl v pom\u011bru hodnoty p\u0159edm\u011bt dod\u00e1vky k dal\u0161\u00edmu zpracovan\u00e9mu zbo\u017e\u00ed v okam\u017eiku zpracov\u00e1n\u00ed, spojen\u00ed, m\u00edch\u00e1n\u00ed nebo m\u00edsen\u00ed. Nabude-li z\u00e1kazn\u00edk ze z\u00e1kona v\u00fdhradn\u00ed vlastnictv\u00ed, ud\u011bluje t\u00edmto spole\u010dnosti Ehrler &amp; Beck odpov\u00eddaj\u00edc\u00ed spoluvlastnick\u00fd pod\u00edl a v\u011bc uchov\u00e1v\u00e1 v bezpe\u010d\u00ed pro spole\u010dnost Ehrler &amp; Beck. Ustanoven\u00ed odst. 1 p\u00edsm.\u00a0<\/span><\/li>\n<li style=\"font-weight: 400;\" aria-level=\"2\"><span style=\"font-weight: 400;\">V p\u0159\u00edpad\u011b p\u0159\u00edloh nebo jin\u00fdch z\u00e1sah\u016f t\u0159et\u00edch stran mus\u00ed klient neprodlen\u011b informovat spole\u010dnost Ehrler &amp; Beck.\u00a0<\/span><\/li>\n<li style=\"font-weight: 400;\" aria-level=\"2\"><span style=\"font-weight: 400;\"><span style=\"font-weight: 400;\">Po dobu v\u00fdhrady vlastnictv\u00ed je z\u00e1kazn\u00edk povinen p\u0159edm\u011bt dod\u00e1vky na vlastn\u00ed n\u00e1klady p\u0159im\u011b\u0159en\u011b pojistit proti kr\u00e1de\u017ei, rozbit\u00ed, po\u0161kozen\u00ed ohn\u011bm a vodou a na po\u017e\u00e1d\u00e1n\u00ed o tom dolo\u017eit spole\u010dnosti Ehrler &amp; Beck. Pokud nebudou po\u017eadovan\u00e9 d\u016fkazy p\u0159edlo\u017eeny v p\u0159im\u011b\u0159en\u00e9 lh\u016ft\u011b, m\u016f\u017ee spole\u010dnost Ehrler &amp; Beck p\u0159edm\u011bt dod\u00e1vky pojistit na n\u00e1klady z\u00e1kazn\u00edka.<\/span><\/span><\/li>\n<\/ol>\n<\/li>\n<li style=\"font-weight: 400;\" aria-level=\"1\"><span style=\"font-weight: 400; font-size: 18px; color: #00b3a7;\">z\u00e1ruka\u00a0<\/span>\n<ol>\n<li style=\"font-weight: 400;\" aria-level=\"2\"><span style=\"font-weight: 400;\">V p\u0159\u00edpad\u011b vad p\u0159edm\u011btu dod\u00e1vky, kter\u00e9 se vyskytnou v d\u016fsledku okolnost\u00ed, kter\u00e9 nastaly p\u0159ed p\u0159echodem rizika (nap\u0159. konstruk\u010dn\u00ed nebo materi\u00e1lov\u00e9 vady, nedostatek zaru\u010den\u00fdch vlastnost\u00ed), je spole\u010dnost Ehrler &amp; Beck opr\u00e1vn\u011bna vadu odstranit nebo poskytnout n\u00e1hradn\u00ed dod\u00e1vku na adrese podle vlastn\u00edho uv\u00e1\u017een\u00ed.\u00a0<\/span><\/li>\n<li style=\"font-weight: 400;\" aria-level=\"2\"><span style=\"font-weight: 400;\">Pokud se nezda\u0159\u00ed n\u00e1prava nebo n\u00e1hradn\u00ed dod\u00e1vka, m\u016f\u017ee klient po\u017eadovat zru\u0161en\u00ed nebo sn\u00ed\u017een\u00ed.\u00a0<\/span><\/li>\n<li style=\"font-weight: 400;\" aria-level=\"2\"><span style=\"font-weight: 400;\">Z\u00e1vady je nutn\u00e9 nahl\u00e1sit do 3 t\u00fddn\u016f od dod\u00e1n\u00ed. Odchyln\u011b od toho je t\u0159eba vady, kter\u00e9 nejsou rozpoznateln\u00e9 ani p\u0159i prohl\u00eddce p\u0159edm\u011btu dod\u00e1vky, reklamovat ihned po jejich zji\u0161t\u011bn\u00ed. V reklamaci mus\u00ed b\u00fdt uvedeno, jak\u00e9 vady byly zji\u0161t\u011bny a zda byly zji\u0161t\u011bny ihned nebo a\u017e po dal\u0161\u00edm zpracov\u00e1n\u00ed d\u00edl\u016f. Spole\u010dnost Ehrler &amp; Beck je opr\u00e1vn\u011bna nechat z\u00e1vadu zkontrolovat vlastn\u00edmi zam\u011bstnanci.\u00a0<\/span><\/li>\n<li style=\"font-weight: 400;\" aria-level=\"2\"><span style=\"font-weight: 400;\">Po konzultaci se spole\u010dnost\u00ed Ehrler &amp; Beck mus\u00ed z\u00e1kazn\u00edk poskytnout spole\u010dnosti Ehrler &amp; Beck pot\u0159ebn\u00fd \u010das a souhlas k proveden\u00ed v\u0161ech oprav a n\u00e1hradn\u00edch dod\u00e1vek, kter\u00e9 spole\u010dnost Ehrler &amp; Beck pova\u017euje za nezbytn\u00e9, jinak je spole\u010dnost Ehrler &amp; Beck zpro\u0161t\u011bna odpov\u011bdnosti za vady. Pouze v nal\u00e9hav\u00fdch p\u0159\u00edpadech ohro\u017een\u00ed bezpe\u010dnosti provozu a pro zabr\u00e1n\u011bn\u00ed ne\u00fam\u011brn\u011b velk\u00fdm \u0161kod\u00e1m, kdy je nutn\u00e9 neprodlen\u011b informovat spole\u010dnost Ehrler &amp; Beck, nebo je-li spole\u010dnost Ehrler &amp; Beck v prodlen\u00ed s odstran\u011bn\u00edm z\u00e1vady, m\u00e1 klient pr\u00e1vo na odstran\u011bn\u00ed z\u00e1vady. z\u00e1vadu s\u00e1m nebo prost\u0159ednictv\u00edm t\u0159et\u00edch osob nechat odstranit a po\u017eadovat po spole\u010dnosti Ehrler &amp; Beck n\u00e1hradu nezbytn\u00fdch n\u00e1klad\u016f.\u00a0<\/span><\/li>\n<li style=\"font-weight: 400;\" aria-level=\"2\"><span style=\"font-weight: 400;\">Pokud se reklamace uk\u00e1\u017ee jako opr\u00e1vn\u011bn\u00e1 a reklamace byla uplatn\u011bna \u0159\u00e1dn\u011b a v\u010das, ponese Ehrler &amp; Beck n\u00e1klady na v\u00fdm\u011bnu d\u00edlu, nikoli v\u0161ak n\u00e1klady na dopravu nebo n\u00e1klady na odstran\u011bn\u00ed a instalaci vadn\u00e9ho d\u00edlu. p\u0159\u00edm\u00e9 n\u00e1klady vznikl\u00e9 v d\u016fsledku opravy nebo n\u00e1hradn\u00edho d\u00edlu dod\u00e1vky. V opa\u010dn\u00e9m p\u0159\u00edpad\u011b nese n\u00e1klady klient.\u00a0<\/span><\/li>\n<li style=\"font-weight: 400;\" aria-level=\"2\"><span style=\"font-weight: 400;\">Proml\u010dec\u00ed lh\u016fta pro n\u00e1roky z vad p\u0159edm\u011btu dod\u00e1vky je 12 m\u011bs\u00edc\u016f od dod\u00e1n\u00ed nebo uskladn\u011bn\u00ed. Prodlu\u017euje se o dobu trv\u00e1n\u00ed p\u0159eru\u0161en\u00ed produktivn\u00edho u\u017e\u00edv\u00e1n\u00ed p\u0159edm\u011btu dod\u00e1vky zp\u016fsoben\u00e9ho opravn\u00fdmi pracemi.\u00a0<\/span><\/li>\n<li style=\"font-weight: 400;\" aria-level=\"2\"><span style=\"font-weight: 400;\">Z\u00e1ru\u010dn\u00ed n\u00e1roky na n\u00e1hradn\u00ed d\u00edl a n\u00e1sledn\u00e9 vylep\u0161en\u00ed se proml\u010duj\u00ed po 3 m\u011bs\u00edc\u00edch, nejd\u0159\u00edve v\u0161ak uplynut\u00edm proml\u010dec\u00ed doby p\u0159edm\u011btu dod\u00e1vky.<\/span><\/li>\n<li style=\"font-weight: 400;\" aria-level=\"2\"><span style=\"font-weight: 400;\"><span style=\"font-weight: 400;\">Pro zbytek plat\u00ed odd\u00edl 12.2.<\/span><\/span><\/li>\n<\/ol>\n<\/li>\n<li style=\"font-weight: 400;\" aria-level=\"1\"><span style=\"font-weight: 400; font-size: 18px; color: #00b3a7;\">Odpov\u011bdnost za poru\u0161en\u00ed vlastnick\u00fdch pr\u00e1v\u00a0<\/span>\n<ol>\n<li style=\"font-weight: 400;\" aria-level=\"2\"><span style=\"font-weight: 400;\">Pokud spole\u010dnost Ehrler &amp; Beck neposkytne \u017e\u00e1dn\u00e9 zvl\u00e1\u0161tn\u00ed upozorn\u011bn\u00ed, je p\u0159edm\u011bt dod\u00e1vky podle jejich znalost\u00ed stavu techniky ve Spolkov\u00e9 republice N\u011bmecko zbaven vlastnick\u00fdch pr\u00e1v t\u0159et\u00edch osob. Pokud p\u0159edm\u011bt dod\u00e1vky nebo jej\u00ed \u010d\u00e1st p\u0159esto poru\u0161uje vlastnick\u00e9 pr\u00e1vo, kter\u00e9 ji\u017e bylo ud\u011bleno a zve\u0159ejn\u011bno ve Spolkov\u00e9 republice N\u011bmecko, nebo pokud p\u0159edm\u011bt dod\u00e1vky v\u00fdslovn\u011b obsahuje ur\u010dit\u00e9 procesn\u00ed pr\u00e1vo, odpov\u00eddaj\u00edc\u00ed procesn\u00ed pr\u00e1vo v dob\u011b uzav\u0159en\u00ed smlouvy , a proto bylo proti z\u00e1kazn\u00edkovi zah\u00e1jeno soudn\u00ed \u0159\u00edzen\u00ed, provede Ehrler &amp; Beck na vlastn\u00ed n\u00e1klady a dle vlastn\u00edho uv\u00e1\u017een\u00ed v p\u0159im\u011b\u0159en\u00e9 lh\u016ft\u011b bu\u010f z\u00e1kazn\u00edkovi poskytne pr\u00e1vo jej nad\u00e1le pou\u017e\u00edvat nebo upravit p\u0159edm\u011bt dod\u00e1vky nebo p\u0159\u00edslu\u0161nou \u010d\u00e1st nebo proces tak, aby ji\u017e nedoch\u00e1zelo k poru\u0161ov\u00e1n\u00ed pr\u00e1v t\u0159et\u00edch osob, nebo odstoupit od smlouvy. Ehrler &amp; Beck nep\u0159eb\u00edr\u00e1 \u017e\u00e1dnou dal\u0161\u00ed odpov\u011bdnost, zejm\u00e9na za procesy, aplikace, produkty atd.\u00a0<\/span><\/li>\n<li style=\"font-weight: 400;\" aria-level=\"2\"><span style=\"font-weight: 400;\">Pokud dojde k poru\u0161en\u00ed vlastnick\u00fdch pr\u00e1v t\u0159et\u00edch osob v\u00fdkresy nebo informacemi poskytnut\u00fdmi z\u00e1kazn\u00edkem, je z\u00e1kazn\u00edk odpov\u011bdn\u00fd za poru\u0161en\u00ed a od\u0161kodn\u00ed spole\u010dnost Ehrler &amp; Beck v p\u0159\u00edpad\u011b reklamace.<br \/>\n<\/span><\/li>\n<\/ol>\n<\/li>\n<li style=\"font-weight: 400;\" aria-level=\"1\"><span style=\"font-weight: 400; font-size: 18px; color: #00b3a7;\">Jin\u00e1 odpov\u011bdnost spole\u010dnosti Ehrler &amp; Beck; Pr\u00e1vo klienta odstoupit\u00a0<\/span>\n<ol>\n<li style=\"font-weight: 400;\" aria-level=\"2\"><span style=\"font-weight: 400;\">Utrp\u00ed-li z\u00e1kazn\u00edk v d\u016fsledku prodlen\u00ed spole\u010dnosti Ehrler &amp; Beck \u0161kodu, je opr\u00e1vn\u011bn po\u017eadovat n\u00e1hradu za prodlen\u00ed. To \u010din\u00ed 0,5 % za ka\u017ed\u00fd cel\u00fd t\u00fdden prodlen\u00ed, ale celkem ne v\u00edce ne\u017e 5 % hodnoty t\u00e9 \u010d\u00e1sti celkov\u00e9 dod\u00e1vky, kterou nelze v d\u016fsledku prodlen\u00ed vyu\u017e\u00edt v\u010das nebo v souladu se smlouvou.\u00a0<\/span><\/li>\n<li style=\"font-weight: 400;\" aria-level=\"2\"><span style=\"font-weight: 400;\">Dal\u0161\u00ed n\u00e1roky a n\u00e1roky jin\u00e9 ne\u017e v\u00fdslovn\u011b uveden\u00e9 v t\u011bchto podm\u00ednk\u00e1ch, z jak\u00e9hokoli pr\u00e1vn\u00edho d\u016fvodu, zejm\u00e9na z d\u016fvodu u\u0161l\u00e9ho zisku a n\u00e1sledn\u00fdch \u0161kod zp\u016fsoben\u00fdch vadami, jsou vylou\u010deny, leda\u017ee by v d\u016fsledku \u00famyslu, hrub\u00e9 nedbalosti, poru\u0161en\u00ed podstatn\u00fdch smluvn\u00edch povinnost\u00ed nebo podle z\u00e1kon o odpov\u011bdnosti za v\u00fdrobek za \u00fajmu na zdrav\u00ed a po\u0161kozen\u00ed soukrom\u011b pou\u017e\u00edvan\u00fdch v\u011bc\u00ed nebo p\u0159i absenci v\u00fdslovn\u011b zaru\u010den\u00fdch vlastnost\u00ed, je-li \u00fa\u010delem z\u00e1ruky ochrana z\u00e1kazn\u00edka p\u0159ed \u0161kodou, kter\u00e1 nevznikla na samotn\u00e9m p\u0159edm\u011btu dod\u00e1vky, je odpov\u011bdnost povinn\u00e1.\u00a0<\/span><\/li>\n<li style=\"font-weight: 400;\" aria-level=\"2\"><span style=\"font-weight: 400;\"><span style=\"font-weight: 400;\">Z\u00e1konn\u00e9 pr\u00e1vo z\u00e1kazn\u00edka na odstoupen\u00ed od smlouvy v p\u0159\u00edpad\u011b zpo\u017ed\u011bn\u00ed nebo nemo\u017enosti z\u016fst\u00e1v\u00e1 nedot\u010deno.<\/span><\/span><\/li>\n<\/ol>\n<\/li>\n<li style=\"font-weight: 400;\" aria-level=\"1\"><span style=\"font-weight: 400; font-size: 18px; color: #00b3a7;\">M\u00edsto pln\u011bn\u00ed, jurisdikce, rozhodn\u00e9 pr\u00e1vo\u00a0<\/span>\n<ol>\n<li style=\"font-weight: 400;\" aria-level=\"2\"><span style=\"font-weight: 400;\">M\u00edsto pln\u011bn\u00ed je Renningen a m\u00edsto soudu Leonberg. Spole\u010dnost Ehrler &amp; Beck je rovn\u011b\u017e opr\u00e1vn\u011bna podat \u017ealobu v s\u00eddle z\u00e1kazn\u00edka.\u00a0<\/span><\/li>\n<li style=\"font-weight: 400;\" aria-level=\"2\"><span style=\"font-weight: 400;\">Na v\u0161echna smluvn\u00ed ujedn\u00e1n\u00ed se vztahuje i pr\u00e1vo Spolkov\u00e9 republiky N\u011bmecko. Uplatn\u011bn\u00ed jednotn\u00e9ho prodejn\u00edho pr\u00e1va OSN (CISG) je vylou\u010deno, stejn\u011b jako mezin\u00e1rodn\u00ed a n\u011bmeck\u00fd kolizn\u00ed z\u00e1kon pro smlouvy se zahrani\u010dn\u00edmi vztahy. Upozorn\u011bn\u00ed v souladu s feder\u00e1ln\u00edm z\u00e1konem o ochran\u011b osobn\u00edch \u00fadaj\u016f Upozor\u0148ujeme, \u017ee spole\u010dnost Ehrler &amp; Beck ulo\u017eila \u00fadaje z\u00e1kazn\u00edka a tyto \u00fadaje se zpracov\u00e1vaj\u00ed<\/span><\/li>\n<\/ol>\n<\/li>\n<\/ol>\n<\/div><\/div><\/div><\/div><\/div>","protected":false},"excerpt":{"rendered":"","protected":false},"author":1,"featured_media":0,"parent":0,"menu_order":0,"comment_status":"closed","ping_status":"closed","template":"","meta":{"footnotes":""},"class_list":["post-48707","page","type-page","status-publish","hentry"],"acf":[],"_links":{"self":[{"href":"https:\/\/ehrler-beck.com\/cs\/wp-json\/wp\/v2\/pages\/48707","targetHints":{"allow":["GET"]}}],"collection":[{"href":"https:\/\/ehrler-beck.com\/cs\/wp-json\/wp\/v2\/pages"}],"about":[{"href":"https:\/\/ehrler-beck.com\/cs\/wp-json\/wp\/v2\/types\/page"}],"author":[{"embeddable":true,"href":"https:\/\/ehrler-beck.com\/cs\/wp-json\/wp\/v2\/users\/1"}],"replies":[{"embeddable":true,"href":"https:\/\/ehrler-beck.com\/cs\/wp-json\/wp\/v2\/comments?post=48707"}],"version-history":[{"count":11,"href":"https:\/\/ehrler-beck.com\/cs\/wp-json\/wp\/v2\/pages\/48707\/revisions"}],"predecessor-version":[{"id":69706,"href":"https:\/\/ehrler-beck.com\/cs\/wp-json\/wp\/v2\/pages\/48707\/revisions\/69706"}],"wp:attachment":[{"href":"https:\/\/ehrler-beck.com\/cs\/wp-json\/wp\/v2\/media?parent=48707"}],"curies":[{"name":"wp","href":"https:\/\/api.w.org\/{rel}","templated":true}]}}