{"id":48509,"date":"2021-01-18T09:09:29","date_gmt":"2021-01-18T08:09:29","guid":{"rendered":"https:\/\/tech-ehrler-beck.com\/?page_id=48509"},"modified":"2021-01-18T09:40:58","modified_gmt":"2021-01-18T08:40:58","slug":"pfeiffer-vacuum","status":"publish","type":"page","link":"https:\/\/ehrler-beck.com\/cs\/vyrobce\/pfeiffer-vakuum","title":{"rendered":"PfeifferVakuum"},"content":{"rendered":"<p><div class=\"tiaro-fullwidth fullwidth-box tiaro-builder-row-1 tiaro-flex-container nonhundred-percent-fullwidth non-hundred-percent-height-scrolling\" style=\"--awb-border-radius-top-left:0px;--awb-border-radius-top-right:0px;--awb-border-radius-bottom-right:0px;--awb-border-radius-bottom-left:0px;\" ><div class=\"tiaro-builder-row tiaro-row tiaro-flex-align-items-flex-start\" style=\"max-width:1404px;margin-left: calc(-4% \/ 2 );margin-right: calc(-4% \/ 2 );\"><div class=\"tiaro-layout-column tiaro_builder_column tiaro-builder-column-0 tiaro_builder_column_1_1 1_1 tiaro-flex-column\" style=\"--awb-bg-size:cover;--awb-width-large:100%;--awb-margin-top-large:0px;--awb-spacing-right-large:1.92%;--awb-margin-bottom-large:0px;--awb-spacing-left-large:1.92%;--awb-width-medium:100%;--awb-spacing-right-medium:1.92%;--awb-spacing-left-medium:1.92%;--awb-width-small:100%;--awb-spacing-right-small:1.92%;--awb-spacing-left-small:1.92%;\"><div class=\"tiaro-column-wrapper tiaro-flex-justify-content-flex-start tiaro-content-layout-column\"><div class=\"tiaro-text tiaro-text-1\"><h1><span style=\"font-size: 18pt;\">Ehrler &amp; Beck nab\u00edz\u00ed origin\u00e1ln\u00ed v\u00fdv\u011bvy Pfeiffer, kompresory, n\u00e1hradn\u00ed d\u00edly a p\u0159\u00edslu\u0161enstv\u00ed.<\/span><\/h1>\n<p><span class=\"intro-text\">Pfeiffer Vacuum p\u0159edstavuje inovativn\u00ed a z\u00e1kaznicky specifick\u00e1 vakuov\u00e1 \u0159e\u0161en\u00ed po cel\u00e9m sv\u011bt\u011b, technologickou dokonalost, kompetentn\u00ed poradenstv\u00ed a spolehliv\u00fd servis.<\/span><\/p>\n<p><span class=\"intro-text\">T\u011bmito vlastnostmi spole\u010dnost nastavuje standardy ve vakuov\u00e9 technice ji\u017e v\u00edce ne\u017e 130 let. Vyn\u00e1lezem turbo\u010derpadla spole\u010dnost otev\u0159ela cestu k dal\u0161\u00edmu rozvoji vakuov\u00e9ho pr\u016fmyslu. V t\u00e9to oblasti jsme nad\u00e1le jedn\u00edm z technologick\u00fdch a sv\u011btov\u00fdch l\u00eddr\u016f na trhu.<\/span><\/p>\n<p><span class=\"intro-text\">Po\u017eadavky z\u00e1kazn\u00edk\u016f jsou obvykle velmi slo\u017eit\u00e9. Na\u0161e vakuov\u00e1 \u0159e\u0161en\u00ed jsou neust\u00e1le optimalizov\u00e1na d\u00edky \u00fazk\u00e9 spolupr\u00e1ci se z\u00e1kazn\u00edky z r\u016fzn\u00fdch pr\u016fmyslov\u00fdch odv\u011btv\u00ed a neust\u00e1l\u00e9 v\u00fdvojov\u00e9 pr\u00e1ci.<\/span><\/p>\n<p><span class=\"intro-text\"><strong>Pfeiffer Vacuum nab\u00edz\u00ed kompletn\u00ed portfolio produkt\u016f<\/strong>:<\/span><\/p>\n<ul>\n<li>hybridn\u00ed a magneticky levituj\u00edc\u00ed turbo\u010derpadla<\/li>\n<li>podp\u016frn\u00e1 \u010derpadla<\/li>\n<li>detektor net\u011bsnost\u00ed<\/li>\n<li>m\u011b\u0159ic\u00ed a analytick\u00e1 za\u0159\u00edzen\u00ed<\/li>\n<li>komponenty<\/li>\n<li>Vakuov\u00e9 komory a komponenty<\/li>\n<\/ul>\n<p><span class=\"intro-text\">Produkty a \u0159e\u0161en\u00ed od spole\u010dnosti Pfeiffer Vacuum se pou\u017e\u00edvaj\u00ed ve v\u00fdzkumu a v\u00fdvoji, analytice, pr\u016fmyslu, na trhu povlak\u016f a polovodi\u010d\u016f. Hlavn\u00ed trhy spole\u010dnosti jsou v Evrop\u011b, USA a Asii. Spole\u010dnost Pfeiffer Vacuum byla zalo\u017eena v roce 1890 a nyn\u00ed je celosv\u011btov\u011b aktivn\u00ed s p\u0159ibli\u017en\u011b 3 200 zam\u011bstnanci a v\u00edce ne\u017e 20 prodejn\u00edmi a servisn\u00edmi spole\u010dnostmi a tak\u00e9 10 v\u00fdrobn\u00edmi z\u00e1vody.<\/span><\/p>\n<p><span class=\"intro-text\">Ehrler &amp; Beck nab\u00edz\u00ed tyto \u0159ady od spole\u010dnosti Pfeiffer:<\/span><\/p>\n<\/div><\/div><\/div><\/div><\/div><div class=\"tiaro-fullwidth fullwidth-box tiaro-builder-row-2 tiaro-flex-container nonhundred-percent-fullwidth non-hundred-percent-height-scrolling tiaro-no-small-visibility\" style=\"--awb-border-radius-top-left:0px;--awb-border-radius-top-right:0px;--awb-border-radius-bottom-right:0px;--awb-border-radius-bottom-left:0px;--awb-margin-bottom:30px;\" ><div class=\"tiaro-builder-row tiaro-row tiaro-flex-align-items-stretch\" style=\"max-width:1404px;margin-left: calc(-4% \/ 2 );margin-right: calc(-4% \/ 2 );\"><div class=\"tiaro-layout-column tiaro_builder_column tiaro-builder-column-1 tiaro_builder_column_1_1 1_1 tiaro-flex-column tiaro-column-inner-bg-wrapper tiaro-column-liftup-border\" style=\"--awb-inner-bg-position:center center;--awb-inner-bg-size:cover;--awb-border-color:#00b3a7;--awb-inner-border-color:#00b3a7;--awb-border-top:1px;--awb-inner-border-top:1px;--awb-border-right:1px;--awb-inner-border-right:1px;--awb-border-bottom:1px;--awb-inner-border-bottom:1px;--awb-border-left:1px;--awb-inner-border-left:1px;--awb-border-style:solid;--awb-inner-border-style:solid;--awb-width-large:100%;--awb-margin-top-large:0px;--awb-spacing-right-large:1.92%;--awb-margin-bottom-large:5px;--awb-spacing-left-large:1.92%;--awb-width-medium:100%;--awb-order-medium:0;--awb-spacing-right-medium:1.92%;--awb-spacing-left-medium:1.92%;--awb-width-small:100%;--awb-order-small:0;--awb-spacing-right-small:1.92%;--awb-spacing-left-small:1.92%;\"><span class=\"tiaro-column-inner-bg hover-type-liftup\"><a class=\"tiaro-column-anchor\" href=\"https:\/\/ehrler-beck.com\/cs\/produkty\/vakuove-pumpy\/rotacni-lamelove-vakuove-cerpadlo-mazane-olejem\/vakuove-pumpy-rady-hena\/\"><span class=\"tiaro-column-inner-bg-image lazyload\" data-bg=\"https:\/\/ehrler-beck.com\/wp-content\/uploads\/2017\/11\/Series-Rotary-Vane-Technology-Background-2.0.jpg\"><\/span><\/a><\/span><div class=\"tiaro-column-wrapper tiaro-flex-justify-content-center tiaro-content-layout-column\" data-bg-url=\"https:\/\/ehrler-beck.com\/wp-content\/uploads\/2017\/11\/Series-Rotary-Vane-Technology-Background-2.0.jpg\"><div class=\"tiaro-builder-row tiaro-builder-row-inner tiaro-row tiaro-flex-align-items-stretch\" style=\"width:104% !important;max-width:104% !important;margin-left: calc(-4% \/ 2 );margin-right: calc(-4% \/ 2 );\"><div class=\"tiaro-layout-column tiaro_builder_column_inner tiaro-builder-nested-column-0 tiaro_builder_column_inner_1_5 1_5 tiaro-flex-column\" style=\"--awb-padding-left:5px;--awb-bg-size:cover;--awb-width-large:20%;--awb-margin-top-large:0px;--awb-spacing-right-large:9.6%;--awb-margin-bottom-large:5px;--awb-spacing-left-large:9.6%;--awb-width-medium:20%;--awb-spacing-right-medium:9.6%;--awb-spacing-left-medium:9.6%;--awb-width-small:100%;--awb-spacing-right-small:1.92%;--awb-spacing-left-small:1.92%;\"><div class=\"tiaro-column-wrapper tiaro-flex-justify-content-center tiaro-content-layout-column\"><div class=\"tiaro-image-element\" style=\"text-align:center;--awb-caption-title-font-family:var(--h2_typography-font-family);--awb-caption-title-font-weight:var(--h2_typography-font-weight);--awb-caption-title-font-style:var(--h2_typography-font-style);--awb-caption-title-size:var(--h2_typography-font-size);--awb-caption-title-transform:var(--h2_typography-text-transform);--awb-caption-title-line-height:var(--h2_typography-line-height);--awb-caption-title-letter-spacing:var(--h2_typography-letter-spacing);\"><span class=\"tiaro-imageframe imageframe-none imageframe-1 hover-type-none\"><img decoding=\"async\" width=\"1024\" height=\"595\" title=\"Vakuov\u00e1 pumpa \u0159ady Hena\" src=\"https:\/\/ehrler-beck.com\/wp-content\/uploads\/2019\/04\/Hena-Serie-Vakuumpumpe.jpg\" data-orig-src=\"https:\/\/ehrler-beck.com\/wp-content\/uploads\/2019\/04\/Hena-Serie-Vakuumpumpe-1024x595.jpg\" alt class=\"lazyload img-responsive wp-image-21376\" srcset=\"data:image\/svg+xml,%3Csvg%20xmlns%3D%27http%3A%2F%2Fwww.w3.org%2F2000%2Fsvg%27%20width%3D%271720%27%20height%3D%271000%27%20viewBox%3D%270%200%201720%201000%27%3E%3Crect%20width%3D%271720%27%20height%3D%271000%27%20fill-opacity%3D%220%22%2F%3E%3C%2Fsvg%3E\" data-srcset=\"https:\/\/ehrler-beck.com\/wp-content\/uploads\/2019\/04\/Hena-Serie-Vakuumpumpe-200x116.jpg 200w, https:\/\/ehrler-beck.com\/wp-content\/uploads\/2019\/04\/Hena-Serie-Vakuumpumpe-400x233.jpg 400w, https:\/\/ehrler-beck.com\/wp-content\/uploads\/2019\/04\/Hena-Serie-Vakuumpumpe-600x349.jpg 600w, https:\/\/ehrler-beck.com\/wp-content\/uploads\/2019\/04\/Hena-Serie-Vakuumpumpe-800x465.jpg 800w, https:\/\/ehrler-beck.com\/wp-content\/uploads\/2019\/04\/Hena-Serie-Vakuumpumpe-1200x698.jpg 1200w, https:\/\/ehrler-beck.com\/wp-content\/uploads\/2019\/04\/Hena-Serie-Vakuumpumpe.jpg 1720w\" data-sizes=\"auto\" data-orig-sizes=\"(max-width: 640px) 100vw, 400px\" \/><\/span><\/div><\/div><\/div><div class=\"tiaro-layout-column tiaro_builder_column_inner tiaro-builder-nested-column-1 tiaro_builder_column_inner_3_5 3_5 tiaro-flex-column tiaro-flex-align-self-center\" style=\"--awb-bg-size:cover;--awb-width-large:60%;--awb-margin-top-large:0px;--awb-spacing-right-large:3.2%;--awb-margin-bottom-large:5px;--awb-spacing-left-large:3.2%;--awb-width-medium:60%;--awb-order-medium:0;--awb-spacing-right-medium:3.2%;--awb-spacing-left-medium:3.2%;--awb-width-small:100%;--awb-order-small:0;--awb-spacing-right-small:1.92%;--awb-spacing-left-small:1.92%;\"><div class=\"tiaro-column-wrapper tiaro-column-has-shadow tiaro-flex-justify-content-center tiaro-content-layout-column\"><div class=\"tiaro-text tiaro-text-2\"><h2>s\u00e9rie HENA<\/h2>\n<h3>Rota\u010dn\u00ed lamelov\u00e9 v\u00fdv\u011bvy, mazan\u00e9 olejem<\/h3>\n<p><span class=\"intro-text\">Ehrler &amp; Beck nab\u00edz\u00ed celou \u0159adu rota\u010dn\u00edch lamelov\u00fdch v\u00fdv\u011bv z \u0159ady HenaLine s \u010derpac\u00ed rychlost\u00ed 25 m\u00b3\/h a\u017e 1600 m\u00b3\/h. V\u00fdv\u011bvy Hena jsou vhodn\u00e9 pro v\u0161echny aplikace s n\u00edzk\u00fdm a st\u0159edn\u00edm vakuem. V\u0161echny v\u00fdv\u011bvy Hena jsou standardn\u011b vybaveny odlu\u010dova\u010dem olejov\u00e9 mlhy, vratn\u00fdmi jednotkami oleje a pojistn\u00fdmi ventily. HenaLine se vyzna\u010duje spolehlivost\u00ed, v\u00fdkonem a kompaktn\u00edmi rozm\u011bry.<\/span><\/p>\n<\/div><\/div><\/div><div class=\"tiaro-layout-column tiaro_builder_column_inner tiaro-builder-nested-column-2 tiaro_builder_column_inner_1_5 1_5 tiaro-flex-column\" style=\"--awb-bg-size:cover;--awb-width-large:20%;--awb-margin-top-large:0px;--awb-spacing-right-large:9.6%;--awb-margin-bottom-large:5px;--awb-spacing-left-large:9.6%;--awb-width-medium:20%;--awb-spacing-right-medium:9.6%;--awb-spacing-left-medium:9.6%;--awb-width-small:100%;--awb-spacing-right-small:1.92%;--awb-spacing-left-small:1.92%;\"><div class=\"tiaro-column-wrapper tiaro-flex-justify-content-flex-start tiaro-content-layout-column\"><div class=\"tiaro-text tiaro-text-3\"><h3 class=\"tiaro-responsive-typography-calculated\" data-fontsize=\"20\" data-lineheight=\"30px\">V\u00fdhody<\/h3>\n<ul>\n<li>Vy\u010dist\u011bte odpadn\u00ed vzduch<\/li>\n<li>Kompaktn\u00ed proveden\u00ed<\/li>\n<li>Spolehliv\u00fd a v\u00fdkonn\u00fd provoz<\/li>\n<li>Jednoduch\u00e1 obsluha<\/li>\n<li>Provozn\u00ed a procesn\u00ed bezpe\u010dnost<\/li>\n<li>Snadno nastaviteln\u00e9 p\u0159\u00edruby<\/li>\n<li>Tich\u00fd provoz s n\u00edzk\u00fdmi vibracemi<\/li>\n<\/ul>\n<\/div><\/div><\/div><\/div><\/div><\/div><\/div><\/div><\/p>","protected":false},"excerpt":{"rendered":"","protected":false},"author":1,"featured_media":0,"parent":374,"menu_order":0,"comment_status":"closed","ping_status":"closed","template":"100-width.php","meta":{"footnotes":""},"class_list":["post-48509","page","type-page","status-publish","hentry"],"acf":[],"_links":{"self":[{"href":"https:\/\/ehrler-beck.com\/cs\/wp-json\/wp\/v2\/pages\/48509","targetHints":{"allow":["GET"]}}],"collection":[{"href":"https:\/\/ehrler-beck.com\/cs\/wp-json\/wp\/v2\/pages"}],"about":[{"href":"https:\/\/ehrler-beck.com\/cs\/wp-json\/wp\/v2\/types\/page"}],"author":[{"embeddable":true,"href":"https:\/\/ehrler-beck.com\/cs\/wp-json\/wp\/v2\/users\/1"}],"replies":[{"embeddable":true,"href":"https:\/\/ehrler-beck.com\/cs\/wp-json\/wp\/v2\/comments?post=48509"}],"version-history":[{"count":2,"href":"https:\/\/ehrler-beck.com\/cs\/wp-json\/wp\/v2\/pages\/48509\/revisions"}],"predecessor-version":[{"id":48516,"href":"https:\/\/ehrler-beck.com\/cs\/wp-json\/wp\/v2\/pages\/48509\/revisions\/48516"}],"up":[{"embeddable":true,"href":"https:\/\/ehrler-beck.com\/cs\/wp-json\/wp\/v2\/pages\/374"}],"wp:attachment":[{"href":"https:\/\/ehrler-beck.com\/cs\/wp-json\/wp\/v2\/media?parent=48509"}],"curies":[{"name":"wp","href":"https:\/\/api.w.org\/{rel}","templated":true}]}}