{"id":258,"date":"2017-07-12T14:55:24","date_gmt":"2017-07-12T12:55:24","guid":{"rendered":"http:\/\/ehrler-beck.com\/technologien\/verdichter-technologien\/rotary-vane-compressors"},"modified":"2022-08-15T18:20:56","modified_gmt":"2022-08-15T16:20:56","slug":"drehschieber-verdichter-olfrei","status":"publish","type":"page","link":"https:\/\/ehrler-beck.com\/cs\/technologii\/kompresorove-technologie\/rotacni-lopatkovy-kompresor-bez-oleje","title":{"rendered":"Rota\u010dn\u00ed lamelov\u00fd kompresor, bezolejov\u00fd"},"content":{"rendered":"<p><div class=\"tiaro-fullwidth fullwidth-box tiaro-builder-row-1 tiaro-flex-container nonhundred-percent-fullwidth non-hundred-percent-height-scrolling\" style=\"--awb-background-position:left center;--awb-border-radius-top-left:0px;--awb-border-radius-top-right:0px;--awb-border-radius-bottom-right:0px;--awb-border-radius-bottom-left:0px;--awb-background-color:rgba(255,255,255,0);\" ><div class=\"tiaro-builder-row tiaro-row tiaro-flex-align-items-flex-start\" style=\"max-width:1404px;margin-left: calc(-4% \/ 2 );margin-right: calc(-4% \/ 2 );\"><div class=\"tiaro-layout-column tiaro_builder_column tiaro-builder-column-0 tiaro_builder_column_5_6 5_6 tiaro-flex-column\" style=\"--awb-bg-size:cover;--awb-width-large:83.333333333333%;--awb-margin-top-large:0px;--awb-spacing-right-large:2.304%;--awb-margin-bottom-large:5px;--awb-spacing-left-large:2.304%;--awb-width-medium:83.333333333333%;--awb-spacing-right-medium:2.304%;--awb-spacing-left-medium:2.304%;--awb-width-small:100%;--awb-spacing-right-small:1.92%;--awb-spacing-left-small:1.92%;\"><div class=\"tiaro-column-wrapper tiaro-flex-justify-content-flex-start tiaro-content-layout-column\"><div class=\"tiaro-text tiaro-text-1\"><h1>OTO\u010cN\u00c9 LABELOV\u00c9 KOMPRESORY, BEZ OLEJE<\/h1>\n<\/div><\/div><\/div><div class=\"tiaro-layout-column tiaro_builder_column tiaro-builder-column-1 tiaro_builder_column_1_6 1_6 tiaro-flex-column\" style=\"--awb-bg-size:cover;--awb-width-large:16.666666666667%;--awb-margin-top-large:0px;--awb-spacing-right-large:11.52%;--awb-margin-bottom-large:5px;--awb-spacing-left-large:11.52%;--awb-width-medium:16.666666666667%;--awb-spacing-right-medium:11.52%;--awb-spacing-left-medium:11.52%;--awb-width-small:100%;--awb-spacing-right-small:1.92%;--awb-spacing-left-small:1.92%;\"><div class=\"tiaro-column-wrapper tiaro-flex-justify-content-center tiaro-content-layout-column\"><div class=\"tiaro-image-element tiaro-no-small-visibility\" style=\"text-align:center;--awb-caption-title-font-family:var(--h2_typography-font-family);--awb-caption-title-font-weight:var(--h2_typography-font-weight);--awb-caption-title-font-style:var(--h2_typography-font-style);--awb-caption-title-size:var(--h2_typography-font-size);--awb-caption-title-transform:var(--h2_typography-text-transform);--awb-caption-title-line-height:var(--h2_typography-line-height);--awb-caption-title-letter-spacing:var(--h2_typography-letter-spacing);\"><span class=\"tiaro-imageframe imageframe-none imageframe-1 hover-type-none tiaro-no-small-visibility\"><img decoding=\"async\" width=\"100\" height=\"100\" title=\"Ikona technologie rota\u010dn\u00ed lopatky bez oleje\" src=\"data:image\/svg+xml,%3Csvg%20xmlns%3D%27http%3A%2F%2Fwww.w3.org%2F2000%2Fsvg%27%20width%3D%27100%27%20height%3D%27100%27%20viewBox%3D%270%200%20100%20100%27%3E%3Crect%20width%3D%27100%27%20height%3D%27100%27%20fill-opacity%3D%220%22%2F%3E%3C%2Fsvg%3E\" data-orig-src=\"https:\/\/ehrler-beck.com\/wp-content\/uploads\/2017\/07\/Rotary-Vane-Oil-Free-Technology-Icon.png\" alt class=\"lazyload img-responsive wp-image-46\"\/><\/span><\/div><\/div><\/div><div class=\"tiaro-layout-column tiaro_builder_column tiaro-builder-column-2 tiaro_builder_column_1_1 1_1 tiaro-flex-column\" style=\"--awb-bg-color:rgba(255,255,255,0);--awb-bg-position:center center;--awb-bg-size:cover;--awb-width-large:100%;--awb-margin-top-large:0px;--awb-spacing-right-large:1.92%;--awb-margin-bottom-large:5px;--awb-spacing-left-large:1.92%;--awb-width-medium:100%;--awb-spacing-right-medium:1.92%;--awb-spacing-left-medium:1.92%;--awb-width-small:100%;--awb-spacing-right-small:1.92%;--awb-spacing-left-small:1.92%;\"><div class=\"tiaro-column-wrapper tiaro-flex-justify-content-flex-start tiaro-content-layout-column\"><div class=\"tiaro-text tiaro-text-2\"><p><span class=\"&quot;intro-text\">D\u00edky jednoduch\u00e9mu designu a pouze s\u00a0<span class=\"color-primary\">vlna<\/span>\u00a0a vybaven\u00e9 p\u0159\u00edm\u00fdm pohonem vznikaj\u00ed robustn\u00ed a odoln\u00e9 kompresory\u00a0<span class=\"color-primary\">n\u00edzk\u00e9 n\u00e1klady na \u00fadr\u017ebu a \u00fadr\u017ebu<\/span>. Tyto v\u00fdv\u011bvy pracuj\u00ed zcela bez oleje; jednotliv\u00e9 komory jsou pr\u016fchoz\u00ed\u00a0<span class=\"color-primary\">dlouhov\u011bk\u00fd<\/span>\u00a0Posuvn\u00edky odd\u011blen\u00e9 od sebe. V\u011bt\u0161ina model\u016f m\u00e1 integrovan\u00e9 sac\u00ed filtry a regula\u010dn\u00ed ventily. Tyto kompresory lze kombinovat s jin\u00fdmi<span class=\"color-primary\">P\u0159\u00edslu\u0161enstv\u00ed\u00a0<\/span>b\u00fdt vybaven. Kompaktn\u00ed kryc\u00ed kryt zaru\u010duje n\u00edzk\u00e9 emise hluku a n\u00edzk\u00e9 emise tepla. S volitelnou ochranou proti korozi jsou tyto kompresory tak\u00e9 vhodn\u00e9\u00a0<span class=\"color-primary\">k ods\u00e1v\u00e1n\u00ed vlhk\u00e9ho vzduchu<\/span>.<\/span><\/p>\n<\/div><\/div><\/div><\/div><\/div><div class=\"tiaro-fullwidth fullwidth-box tiaro-builder-row-2 tiaro-flex-container tiaro-parallax-fixed nonhundred-percent-fullwidth non-hundred-percent-height-scrolling lazyload\" style=\"--awb-border-radius-top-left:0px;--awb-border-radius-top-right:0px;--awb-border-radius-bottom-right:0px;--awb-border-radius-bottom-left:0px;--awb-background-size:cover;background-attachment:fixed;\" data-bg=\"https:\/\/ehrler-beck.com\/wp-content\/uploads\/2017\/07\/RotaryVaneHeader4.jpg\" ><div class=\"tiaro-builder-row tiaro-row tiaro-flex-align-items-flex-start\" style=\"max-width:1404px;margin-left: calc(-4% \/ 2 );margin-right: calc(-4% \/ 2 );\"><div class=\"tiaro-layout-column tiaro_builder_column tiaro-builder-column-3 tiaro_builder_column_1_4 1_4 tiaro-flex-column\" style=\"--awb-bg-position:center center;--awb-bg-size:cover;--awb-width-large:25%;--awb-margin-top-large:0px;--awb-spacing-right-large:7.68%;--awb-margin-bottom-large:10px;--awb-spacing-left-large:7.68%;--awb-width-medium:25%;--awb-spacing-right-medium:7.68%;--awb-spacing-left-medium:7.68%;--awb-width-small:100%;--awb-spacing-right-small:1.92%;--awb-spacing-left-small:1.92%;\"><div class=\"tiaro-column-wrapper tiaro-flex-justify-content-flex-start tiaro-content-layout-column\"><div class=\"tiaro-text tiaro-text-3\"><h3>V\u00fdhody na prvn\u00ed pohled<\/h3>\n<ul style=\"list-style-type: disc;\">\n<li>N\u00edzk\u00e1 hladina hluku<\/li>\n<li>Ekologick\u00e9, bez oleje<\/li>\n<li>Robustn\u00ed a ekonomick\u00e9<\/li>\n<li>Dlouh\u00e9 prostoje<\/li>\n<li>N\u00edzk\u00e1 \u00fadr\u017eba<\/li>\n<li>Snadn\u00e9 pou\u017eit\u00ed<\/li>\n<li>Spolehliv\u00fd a odoln\u00fd<\/li>\n<li>Rozs\u00e1hl\u00e1 nab\u00eddka p\u0159\u00edslu\u0161enstv\u00ed<\/li>\n<\/ul>\n<\/div><\/div><\/div><div class=\"tiaro-layout-column tiaro_builder_column tiaro-builder-column-4 tiaro_builder_column_3_4 3_4 tiaro-flex-column\" style=\"--awb-bg-size:cover;--awb-width-large:75%;--awb-margin-top-large:0px;--awb-spacing-right-large:2.56%;--awb-margin-bottom-large:5px;--awb-spacing-left-large:2.56%;--awb-width-medium:75%;--awb-spacing-right-medium:2.56%;--awb-spacing-left-medium:2.56%;--awb-width-small:100%;--awb-spacing-right-small:1.92%;--awb-spacing-left-small:1.92%;\"><div class=\"tiaro-column-wrapper tiaro-flex-justify-content-flex-start tiaro-content-layout-column\"><div class=\"tiaro-text tiaro-text-4\"><h3>P\u0159\u00edklady aplikac\u00ed<\/h3>\n<div style=\"float: left; width: 35%;\">\n<h4>pr\u016fmyslu obecn\u011b<\/h4>\n<hr \/>\n<ul>\n<li>Vyzvednout a um\u00edstit<\/li>\n<li>manipula\u010dn\u00ed techniku<\/li>\n<\/ul>\n<h4>polygrafick\u00fd pr\u016fmysl<\/h4>\n<hr \/>\n<ul>\n<li>tiska\u0159sk\u00e9 stroje<\/li>\n<li>stroje pro kone\u010dnou \u00fapravu tisku<\/li>\n<\/ul>\n<\/div>\n<div style=\"float: right; width: 60%;\">\n<h4>Obal<\/h4>\n<hr \/>\n<ul>\n<li>balic\u00ed stroje<\/li>\n<\/ul>\n<h4>d\u0159eva\u0159sk\u00fd pr\u016fmysl<\/h4>\n<hr \/>\n<h4>environment\u00e1ln\u00ed in\u017een\u00fdrstv\u00ed<\/h4>\n<hr \/>\n<\/div>\n<\/div><\/div><\/div><\/div><\/div><div class=\"tiaro-fullwidth fullwidth-box tiaro-builder-row-3 tiaro-flex-container nonhundred-percent-fullwidth non-hundred-percent-height-scrolling\" style=\"--awb-border-radius-top-left:0px;--awb-border-radius-top-right:0px;--awb-border-radius-bottom-right:0px;--awb-border-radius-bottom-left:0px;\" ><div class=\"tiaro-builder-row tiaro-row tiaro-flex-align-items-flex-start\" style=\"max-width:1404px;margin-left: calc(-4% \/ 2 );margin-right: calc(-4% \/ 2 );\"><div class=\"tiaro-layout-column tiaro_builder_column tiaro-builder-column-5 tiaro_builder_column_1_1 1_1 tiaro-flex-column\" style=\"--awb-bg-color:#ffffff;--awb-bg-size:cover;--awb-width-large:100%;--awb-margin-top-large:0px;--awb-spacing-right-large:1.92%;--awb-margin-bottom-large:5px;--awb-spacing-left-large:1.92%;--awb-width-medium:100%;--awb-spacing-right-medium:1.92%;--awb-spacing-left-medium:1.92%;--awb-width-small:100%;--awb-spacing-right-small:1.92%;--awb-spacing-left-small:1.92%;\"><div class=\"tiaro-column-wrapper tiaro-flex-justify-content-flex-start tiaro-content-layout-column\"><div class=\"tiaro-text tiaro-text-5\"><h2>princip fungov\u00e1n\u00ed<\/h2>\n<\/div><\/div><\/div><div class=\"tiaro-layout-column tiaro_builder_column tiaro-builder-column-6 tiaro_builder_column_1_3 1_3 tiaro-flex-column\" style=\"--awb-bg-size:cover;--awb-width-large:33.333333333333%;--awb-margin-top-large:0px;--awb-spacing-right-large:5.76%;--awb-margin-bottom-large:5px;--awb-spacing-left-large:5.76%;--awb-width-medium:33.333333333333%;--awb-spacing-right-medium:5.76%;--awb-spacing-left-medium:5.76%;--awb-width-small:100%;--awb-spacing-right-small:1.92%;--awb-spacing-left-small:1.92%;\"><div class=\"tiaro-column-wrapper tiaro-flex-justify-content-flex-start tiaro-content-layout-column\"><a class=\"awb-lightbox awb-lightbox-1\" href=\"https:\/\/ehrler-beck.com\/wp-content\/uploads\/2017\/07\/Rotary-Vane-Technology-Operating-Principle-Diagram.jpg\" data-caption=\"Generalized and Simplified Diagram\" data-rel=\"iLightbox\"><img class=\"lazyload\" decoding=\"async\" src=\"data:image\/svg+xml,%3Csvg%20xmlns%3D%27http%3A%2F%2Fwww.w3.org%2F2000%2Fsvg%27%20width%3D%27300%27%20height%3D%27211%27%20viewBox%3D%270%200%20300%20211%27%3E%3Crect%20width%3D%27300%27%20height%3D%27211%27%20fill-opacity%3D%220%22%2F%3E%3C%2Fsvg%3E\" data-orig-src=\"https:\/\/ehrler-beck.com\/wp-content\/uploads\/2017\/07\/Rotary-Vane-Technology-Operating-Principle-Diagram-300x211.jpg\"><\/a><\/div><\/div><div class=\"tiaro-layout-column tiaro_builder_column tiaro-builder-column-7 tiaro_builder_column_2_3 2_3 tiaro-flex-column\" style=\"--awb-bg-color:#ffffff;--awb-bg-size:cover;--awb-width-large:66.666666666667%;--awb-margin-top-large:0px;--awb-spacing-right-large:2.88%;--awb-margin-bottom-large:5px;--awb-spacing-left-large:2.88%;--awb-width-medium:66.666666666667%;--awb-spacing-right-medium:2.88%;--awb-spacing-left-medium:2.88%;--awb-width-small:100%;--awb-spacing-right-small:1.92%;--awb-spacing-left-small:1.92%;\"><div class=\"tiaro-column-wrapper tiaro-flex-justify-content-flex-start tiaro-content-layout-column\"><div class=\"tiaro-text tiaro-text-6\"><p><span style=\"font-size: 10pt;\">Excentr uvnit\u0159 v\u00e1lcov\u00e9ho otvoru pouzdra (<span class=\"color-primary\">D<\/span>) lo\u017eiskov\u00fd rotor (<span class=\"color-primary\">F<\/span>) se t\u00e9m\u011b\u0159 dot\u00fdk\u00e1 v\u00fd\u0161e uveden\u00e9ho otvoru (<span class=\"color-primary\">E<\/span>). V n\u011bkolika dr\u00e1\u017ek\u00e1ch rotoru (<span class=\"color-primary\">G<\/span>) jsou lamelov\u00e9 (<span class=\"color-primary\">C<\/span>) nebo \u0159ezn\u00e9 kotou\u010de, kter\u00e9 klou\u017eou po vnit\u0159n\u00edm povrchu v\u00e1lce. To se d\u011bje d\u00edky odst\u0159ediv\u00e9 s\u00edle vytv\u00e1\u0159en\u00e9 rotac\u00ed rotoru. Dopravn\u00edkov\u00e1 bu\u0148ka (<span class=\"color-primary\">H<\/span>), jeho\u017e objem se b\u011bhem rotace plynule m\u011bn\u00ed. Kdy\u017e zadn\u00ed \u017ealuzie uzav\u0159e konec sac\u00edho otvoru (<span class=\"color-primary\">B<\/span>) dos\u00e1hne bu\u0148ka maxim\u00e1ln\u00edho objemu vzduchu. Jak se \u0159ada d\u00e1le vzdaluje od sac\u00edho kan\u00e1lu, objem kles\u00e1. Proto je vzduch stla\u010den a tlak se zvy\u0161uje. Toto pokra\u010duje, dokud tlak v \u010dl\u00e1nku nep\u0159ekro\u010d\u00ed tlak v tlakov\u00e9 komo\u0159e (<span class=\"color-primary\">j\u00e1<\/span>) a vzduch pak proch\u00e1z\u00ed tlakov\u00fdm kan\u00e1lem (<span class=\"color-primary\">J<\/span>) vyt\u00e9k\u00e1. U n\u011bkter\u00fdch model\u016f tlakov\u00fdch kan\u00e1l\u016f jsou v\u00fdstupn\u00ed ventily (<span class=\"color-primary\">K<\/span>), kter\u00e9 zabra\u0148uj\u00ed zp\u011btn\u00e9mu proud\u011bn\u00ed odpadn\u00edho vzduchu do bu\u0148ky.<\/span><\/p>\n<p><span style=\"font-size: 8pt;\">* Tento popis neodr\u00e1\u017e\u00ed p\u0159\u00edstup ka\u017ed\u00e9ho v\u00fdrobce k technologii, ale p\u0159edstavuje obecn\u00fd popis, kter\u00fd se pokou\u0161\u00ed zahrnout z\u00e1kladn\u00ed princip fungov\u00e1n\u00ed.<br \/>\n<\/span><\/p>\n<\/div><\/div><\/div><\/div><\/div><div class=\"tiaro-fullwidth fullwidth-box tiaro-builder-row-4 tiaro-flex-container hundred-percent-fullwidth non-hundred-percent-height-scrolling\" style=\"--awb-border-radius-top-left:0px;--awb-border-radius-top-right:0px;--awb-border-radius-bottom-right:0px;--awb-border-radius-bottom-left:0px;--awb-padding-right:0px;--awb-padding-left:0px;\" ><div class=\"tiaro-builder-row tiaro-row tiaro-flex-align-items-flex-start\" style=\"width:104% !important;max-width:104% !important;margin-left: calc(-4% \/ 2 );margin-right: calc(-4% \/ 2 );\"><div class=\"tiaro-layout-column tiaro_builder_column tiaro-builder-column-8 tiaro_builder_column_1_1 1_1 tiaro-flex-column\" style=\"--awb-padding-top:20px;--awb-bg-color:#efefef;--awb-bg-size:cover;--awb-width-large:100%;--awb-margin-top-large:0px;--awb-spacing-right-large:1.92%;--awb-margin-bottom-large:0px;--awb-spacing-left-large:1.92%;--awb-width-medium:100%;--awb-spacing-right-medium:1.92%;--awb-spacing-left-medium:1.92%;--awb-width-small:100%;--awb-spacing-right-small:1.92%;--awb-spacing-left-small:1.92%;\"><div class=\"tiaro-column-wrapper tiaro-flex-justify-content-flex-start tiaro-content-layout-column\"><div class=\"tiaro-text tiaro-text-7\"><p style=\"text-align: center;\"><span class=\"color-primary\" style=\"font-size: 18pt;\">DORU\u010cOVAC\u00cd PROGRAM OD SPOLE\u010cNOSTI EHRLER &amp; BECK OBSAHUJE N\u00c1SLEDUJ\u00cdC\u00cd \u0158ADU:<\/span><\/p>\n<\/div><\/div><\/div><\/div><\/div><div class=\"tiaro-fullwidth fullwidth-box tiaro-builder-row-5 tiaro-flex-container nonhundred-percent-fullwidth non-hundred-percent-height-scrolling\" style=\"--awb-border-radius-top-left:0px;--awb-border-radius-top-right:0px;--awb-border-radius-bottom-right:0px;--awb-border-radius-bottom-left:0px;--awb-margin-top:40px;\" ><div class=\"tiaro-builder-row tiaro-row tiaro-flex-align-items-flex-start\" style=\"max-width:1404px;margin-left: calc(-4% \/ 2 );margin-right: calc(-4% \/ 2 );\"><div class=\"tiaro-layout-column tiaro_builder_column tiaro-builder-column-9 tiaro_builder_column_1_2 1_2 tiaro-flex-column tiaro-column-inner-bg-wrapper\" style=\"--awb-padding-top:315px;--awb-inner-bg-position:center center;--awb-inner-bg-size:cover;--awb-border-color:#00b3a7;--awb-border-top:1px;--awb-border-right:1px;--awb-border-bottom:1px;--awb-border-left:1px;--awb-border-style:solid;--awb-width-large:50%;--awb-margin-top-large:2%;--awb-spacing-right-large:1.92%;--awb-margin-bottom-large:2%;--awb-spacing-left-large:3.84%;--awb-width-medium:50%;--awb-order-medium:0;--awb-spacing-right-medium:1.92%;--awb-spacing-left-medium:3.84%;--awb-width-small:100%;--awb-order-small:0;--awb-spacing-right-small:1.92%;--awb-spacing-left-small:1.92%;\"><span class=\"tiaro-column-inner-bg hover-type-zoomin\"><a class=\"tiaro-column-anchor\" href=\"https:\/\/ehrler-beck.com\/cs\/produkty\/vakuove-pumpy\/rotacni-lamelove-vyvevy-bez-oleje\/v-serie\/\"><span class=\"tiaro-column-inner-bg-image lazyload\" data-bg=\"https:\/\/ehrler-beck.com\/wp-content\/uploads\/2022\/08\/Elmo-Rietschle-V-Serie.jpg\"><\/span><\/a><\/span><div class=\"tiaro-column-wrapper tiaro-column-has-shadow tiaro-flex-justify-content-flex-start tiaro-content-layout-column\" data-bg-url=\"https:\/\/ehrler-beck.com\/wp-content\/uploads\/2022\/08\/Elmo-Rietschle-V-Serie.jpg\"><div class=\"tiaro-text tiaro-text-8\"><h2 style=\"text-align: right; background-color: #e2e2e2e3; padding-top: 15px; padding-right: 15px; padding-bottom: 15px; margin-left: 13%; border-radius: 50px 0px 0px 0px; margin-bottom: 0px;\">V s\u00e9rii <span style=\"font-size: 14pt;\">(Elmo Rietschle)<\/span><\/h2>\n<\/div><\/div><\/div><div class=\"tiaro-layout-column tiaro_builder_column tiaro-builder-column-10 tiaro_builder_column_1_2 1_2 tiaro-flex-column tiaro-column-inner-bg-wrapper\" style=\"--awb-padding-top:315px;--awb-inner-bg-position:center center;--awb-inner-bg-size:cover;--awb-border-color:#00b3a7;--awb-border-top:1px;--awb-border-right:1px;--awb-border-bottom:1px;--awb-border-left:1px;--awb-border-style:solid;--awb-width-large:50%;--awb-margin-top-large:2%;--awb-spacing-right-large:3.84%;--awb-margin-bottom-large:2%;--awb-spacing-left-large:1.92%;--awb-width-medium:50%;--awb-order-medium:0;--awb-spacing-right-medium:3.84%;--awb-spacing-left-medium:1.92%;--awb-width-small:100%;--awb-order-small:0;--awb-spacing-right-small:1.92%;--awb-spacing-left-small:1.92%;\"><span class=\"tiaro-column-inner-bg hover-type-zoomin\"><a class=\"tiaro-column-anchor\" href=\"https:\/\/ehrler-beck.com\/cs\/produkty\/vakuove-pumpy\/rotacni-lamelove-vyvevy-bez-oleje\/vt-kvt-vtlf-series\/\"><span class=\"tiaro-column-inner-bg-image lazyload\" data-bg=\"https:\/\/ehrler-beck.com\/wp-content\/uploads\/2022\/08\/Becker-olfrei-Drehschieber-Vakuumpumpen.jpg\"><\/span><\/a><\/span><div class=\"tiaro-column-wrapper tiaro-column-has-shadow tiaro-flex-justify-content-flex-start tiaro-content-layout-column\" data-bg-url=\"https:\/\/ehrler-beck.com\/wp-content\/uploads\/2022\/08\/Becker-olfrei-Drehschieber-Vakuumpumpen.jpg\"><div class=\"tiaro-text tiaro-text-9\"><h2 style=\"text-align: right; background-color: #e2e2e2e3; padding-top: 15px; padding-right: 15px; padding-bottom: 15px; margin-left: 13%; border-radius: 50px 0px 0px 0px; margin-bottom: 0px;\">\u0158ada VT \/ KVT \/ VTLF <span style=\"font-size: 14pt;\">(Becker)<\/span><\/h2>\n<\/div><\/div><\/div><div class=\"tiaro-layout-column tiaro_builder_column tiaro-builder-column-11 tiaro_builder_column_1_2 1_2 tiaro-flex-column tiaro-column-inner-bg-wrapper\" style=\"--awb-padding-top:315px;--awb-inner-bg-position:center center;--awb-inner-bg-size:cover;--awb-border-color:#00b3a7;--awb-border-top:1px;--awb-border-right:1px;--awb-border-bottom:1px;--awb-border-left:1px;--awb-border-style:solid;--awb-width-large:50%;--awb-margin-top-large:0px;--awb-spacing-right-large:1.92%;--awb-margin-bottom-large:2%;--awb-spacing-left-large:3.84%;--awb-width-medium:50%;--awb-order-medium:0;--awb-spacing-right-medium:1.92%;--awb-spacing-left-medium:3.84%;--awb-width-small:100%;--awb-order-small:0;--awb-spacing-right-small:1.92%;--awb-spacing-left-small:1.92%;\"><span class=\"tiaro-column-inner-bg hover-type-zoomin\"><a class=\"tiaro-column-anchor\" href=\"https:\/\/ehrler-beck.com\/cs\/produkty\/vakuove-pumpy\/rotacni-lamelove-vyvevy-bez-oleje\/serie-seco-sv\/\"><span class=\"tiaro-column-inner-bg-image lazyload\" data-bg=\"https:\/\/ehrler-beck.com\/wp-content\/uploads\/2022\/08\/Busch-Seco-Vakuumpumpe-Serie.jpg\"><\/span><\/a><\/span><div class=\"tiaro-column-wrapper tiaro-column-has-shadow tiaro-flex-justify-content-flex-start tiaro-content-layout-column\" data-bg-url=\"https:\/\/ehrler-beck.com\/wp-content\/uploads\/2022\/08\/Busch-Seco-Vakuumpumpe-Serie.jpg\"><div class=\"tiaro-text tiaro-text-10\"><h2 style=\"text-align: right; background-color: #e2e2e2e3; padding-top: 15px; padding-right: 15px; padding-bottom: 15px; margin-left: 13%; border-radius: 50px 0px 0px 0px; margin-bottom: 0px;\">\u0158ada SECO <span style=\"font-size: 14pt;\">(Ke\u0159)<\/span><\/h2>\n<\/div><\/div><\/div><div class=\"tiaro-layout-column tiaro_builder_column tiaro-builder-column-12 tiaro_builder_column_1_2 1_2 tiaro-flex-column tiaro-column-inner-bg-wrapper\" style=\"--awb-padding-top:315px;--awb-inner-bg-position:center center;--awb-inner-bg-size:cover;--awb-border-color:#00b3a7;--awb-border-top:1px;--awb-border-right:1px;--awb-border-bottom:1px;--awb-border-left:1px;--awb-border-style:solid;--awb-width-large:50%;--awb-margin-top-large:0px;--awb-spacing-right-large:3.84%;--awb-margin-bottom-large:2%;--awb-spacing-left-large:1.92%;--awb-width-medium:50%;--awb-order-medium:0;--awb-spacing-right-medium:3.84%;--awb-spacing-left-medium:1.92%;--awb-width-small:100%;--awb-order-small:0;--awb-spacing-right-small:1.92%;--awb-spacing-left-small:1.92%;\"><span class=\"tiaro-column-inner-bg hover-type-zoomin\"><a class=\"tiaro-column-anchor\" href=\"https:\/\/ehrler-beck.com\/cs\/produkty\/vakuove-pumpy\/rotacni-lamelove-vyvevy-bez-oleje\/serie-sa-sb\/\"><span class=\"tiaro-column-inner-bg-image lazyload\" data-bg=\"https:\/\/ehrler-beck.com\/wp-content\/uploads\/2022\/08\/DVP-S-Serie-Vakuumpumpen.jpg\"><\/span><\/a><\/span><div class=\"tiaro-column-wrapper tiaro-column-has-shadow tiaro-flex-justify-content-flex-start tiaro-content-layout-column\" data-bg-url=\"https:\/\/ehrler-beck.com\/wp-content\/uploads\/2022\/08\/DVP-S-Serie-Vakuumpumpen.jpg\"><div class=\"tiaro-text tiaro-text-11\"><h2 style=\"text-align: right; background-color: #e2e2e2e3; padding-top: 15px; padding-right: 15px; padding-bottom: 15px; margin-left: 13%; border-radius: 50px 0px 0px 0px; margin-bottom: 0px;\">SC s\u00e9rie <span style=\"font-size: 14pt;\">(DVP)<\/span><\/h2>\n<\/div><\/div><\/div><\/div><\/div><\/p>","protected":false},"excerpt":{"rendered":"","protected":false},"author":1,"featured_media":0,"parent":250,"menu_order":0,"comment_status":"closed","ping_status":"closed","template":"100-width.php","meta":{"footnotes":""},"class_list":["post-258","page","type-page","status-publish","hentry"],"acf":[],"_links":{"self":[{"href":"https:\/\/ehrler-beck.com\/cs\/wp-json\/wp\/v2\/pages\/258","targetHints":{"allow":["GET"]}}],"collection":[{"href":"https:\/\/ehrler-beck.com\/cs\/wp-json\/wp\/v2\/pages"}],"about":[{"href":"https:\/\/ehrler-beck.com\/cs\/wp-json\/wp\/v2\/types\/page"}],"author":[{"embeddable":true,"href":"https:\/\/ehrler-beck.com\/cs\/wp-json\/wp\/v2\/users\/1"}],"replies":[{"embeddable":true,"href":"https:\/\/ehrler-beck.com\/cs\/wp-json\/wp\/v2\/comments?post=258"}],"version-history":[{"count":5,"href":"https:\/\/ehrler-beck.com\/cs\/wp-json\/wp\/v2\/pages\/258\/revisions"}],"predecessor-version":[{"id":63383,"href":"https:\/\/ehrler-beck.com\/cs\/wp-json\/wp\/v2\/pages\/258\/revisions\/63383"}],"up":[{"embeddable":true,"href":"https:\/\/ehrler-beck.com\/cs\/wp-json\/wp\/v2\/pages\/250"}],"wp:attachment":[{"href":"https:\/\/ehrler-beck.com\/cs\/wp-json\/wp\/v2\/media?parent=258"}],"curies":[{"name":"wp","href":"https:\/\/api.w.org\/{rel}","templated":true}]}}