{"id":11467,"date":"2018-05-15T12:26:01","date_gmt":"2018-05-15T10:26:01","guid":{"rendered":"https:\/\/ehrler-beck.com\/privacy-policy"},"modified":"2024-08-09T13:32:31","modified_gmt":"2024-08-09T11:32:31","slug":"datenschutz-bestimmungen","status":"publish","type":"page","link":"https:\/\/ehrler-beck.com\/cs\/zasady-ochrany-osobnich-udaju","title":{"rendered":"Z\u00e1sady ochrany osobn\u00edch \u00fadaj\u016f"},"content":{"rendered":"<p><div class=\"tiaro-fullwidth fullwidth-box tiaro-builder-row-1 tiaro-flex-container nonhundred-percent-fullwidth non-hundred-percent-height-scrolling\" style=\"--awb-border-radius-top-left:0px;--awb-border-radius-top-right:0px;--awb-border-radius-bottom-right:0px;--awb-border-radius-bottom-left:0px;\" ><div class=\"tiaro-builder-row tiaro-row tiaro-flex-align-items-flex-start\" style=\"max-width:1404px;margin-left: calc(-4% \/ 2 );margin-right: calc(-4% \/ 2 );\"><div class=\"tiaro-layout-column tiaro_builder_column tiaro-builder-column-0 tiaro_builder_column_1_1 1_1 tiaro-flex-column\" style=\"--awb-bg-size:cover;--awb-width-large:100%;--awb-margin-top-large:0px;--awb-spacing-right-large:1.92%;--awb-margin-bottom-large:0px;--awb-spacing-left-large:1.92%;--awb-width-medium:100%;--awb-spacing-right-medium:1.92%;--awb-spacing-left-medium:1.92%;--awb-width-small:100%;--awb-spacing-right-small:1.92%;--awb-spacing-left-small:1.92%;\"><div class=\"tiaro-column-wrapper tiaro-flex-justify-content-flex-start tiaro-content-layout-column\"><div class=\"tiaro-text tiaro-text-1\"><p>My ve spole\u010dnosti Ehrler &amp; Beck jsme r\u00e1di, \u017ee jste nav\u0161t\u00edvili na\u0161e webov\u00e9 str\u00e1nky a \u017ee se zaj\u00edm\u00e1te o na\u0161i spole\u010dnost a produkty a slu\u017eby, kter\u00e9 nab\u00edz\u00edme. Ehrler &amp; Beck dodr\u017euje ustanoven\u00ed spolkov\u00e9ho z\u00e1kona o ochran\u011b \u00fadaj\u016f, podle kter\u00e9ho m\u00e1te pr\u00e1vo na bezplatn\u00e9 informace o n\u00e1mi ulo\u017een\u00fdch \u00fadaj\u00edch a jejich pou\u017eit\u00ed a za ur\u010dit\u00fdch podm\u00ednek pr\u00e1vo na opravu, zablokov\u00e1n\u00ed nebo vymaz\u00e1n\u00ed va\u0161ich \u00fadaj\u016f. S t\u00edmto t\u00e9matem kontaktujte na\u0161eho pov\u011b\u0159ence pro ochranu osobn\u00edch \u00fadaj\u016f <a href=\"mailto:privacy.officer@tiaro.eu\">privacy.officer@tiaro.eu<\/a><\/p>\n<p><strong><span class=\"intro-primary\">Ehrler &amp; Beck vakuov\u00e1 technika a technologie stla\u010den\u00e9ho vzduchu GmbH<\/span><\/strong><\/p>\n<\/div><div class=\"tiaro-text tiaro-text-2\"><p style=\"text-align: right;\"><em>Letzte Aktualisierung: 09.08.2024<\/em><\/p>\n<\/div><\/div><\/div><div class=\"tiaro-layout-column tiaro_builder_column tiaro-builder-column-1 tiaro_builder_column_1_3 1_3 tiaro-flex-column\" style=\"--awb-bg-size:cover;--awb-width-large:33.333333333333%;--awb-margin-top-large:0px;--awb-spacing-right-large:3.84%;--awb-margin-bottom-large:0px;--awb-spacing-left-large:5.76%;--awb-width-medium:33.333333333333%;--awb-spacing-right-medium:3.84%;--awb-spacing-left-medium:5.76%;--awb-width-small:100%;--awb-spacing-right-small:1.92%;--awb-spacing-left-small:1.92%;\"><div class=\"tiaro-column-wrapper tiaro-flex-justify-content-flex-start tiaro-content-layout-column\"><div class=\"tiaro-text tiaro-text-3\"><p><strong>adresa<\/strong>:<br \/>\nIndustriestr. 16<br \/>\nD-71272, Renningen<br \/>\nN\u011bmecko<\/p>\n<p><strong>jednatel firmy<\/strong>: Dennis Schroeder<\/p>\n<p><strong>komer\u010dn\u00ed registr<\/strong>:<\/p>\n<p style=\"padding-left: 30px;\">Okresn\u00ed soud ve Stuttgartu<br \/>\nHRB 251776 Okresn\u00ed soud v Leonbergu<\/p>\n<p><strong>DPH registra\u010dn\u00ed \u010d\u00edslo<\/strong>: DE145998269<\/p>\n<\/div><\/div><\/div><div class=\"tiaro-layout-column tiaro_builder_column tiaro-builder-column-2 tiaro_builder_column_1_3 1_3 tiaro-flex-column\" style=\"--awb-bg-size:cover;--awb-width-large:33.333333333333%;--awb-margin-top-large:0px;--awb-spacing-right-large:5.76%;--awb-margin-bottom-large:0px;--awb-spacing-left-large:3.84%;--awb-width-medium:33.333333333333%;--awb-spacing-right-medium:5.76%;--awb-spacing-left-medium:3.84%;--awb-width-small:100%;--awb-spacing-right-small:1.92%;--awb-spacing-left-small:1.92%;\"><div class=\"tiaro-column-wrapper tiaro-flex-justify-content-flex-start tiaro-content-layout-column\"><div class=\"tiaro-text tiaro-text-4\"><p><strong>kontaktn\u00ed informace<\/strong>:<\/p>\n<p><strong>telefon<\/strong>: +49 (0) 7159 \/ 4085-0<\/p>\n<p><strong>fax<\/strong>: +49 (0) 7159 \/ 4085-85<\/p>\n<p><strong>E-mailem<\/strong>: info@ehrler-beck.com<\/p>\n<\/div><\/div><\/div><\/div><\/div><div class=\"tiaro-fullwidth fullwidth-box tiaro-builder-row-2 tiaro-flex-container has-pattern-background has-mask-background nonhundred-percent-fullwidth non-hundred-percent-height-scrolling\" style=\"--awb-border-radius-top-left:0px;--awb-border-radius-top-right:0px;--awb-border-radius-bottom-right:0px;--awb-border-radius-bottom-left:0px;\" ><div class=\"tiaro-builder-row tiaro-row tiaro-flex-align-items-flex-start\" style=\"max-width:1404px;margin-left: calc(-4% \/ 2 );margin-right: calc(-4% \/ 2 );\"><div class=\"tiaro-layout-column tiaro_builder_column tiaro-builder-column-3 tiaro_builder_column_1_1 1_1 tiaro-flex-column\" style=\"--awb-bg-size:cover;--awb-width-large:100%;--awb-margin-top-large:0px;--awb-spacing-right-large:1.92%;--awb-margin-bottom-large:5px;--awb-spacing-left-large:1.92%;--awb-width-medium:100%;--awb-order-medium:0;--awb-spacing-right-medium:1.92%;--awb-spacing-left-medium:1.92%;--awb-width-small:100%;--awb-order-small:0;--awb-spacing-right-small:1.92%;--awb-spacing-left-small:1.92%;\"><div class=\"tiaro-column-wrapper tiaro-column-has-shadow tiaro-flex-justify-content-flex-start tiaro-content-layout-column\"><div class=\"tiaro-text tiaro-text-5\"><h1>Ozn\u00e1men\u00ed o ochran\u011b osobn\u00edch \u00fadaj\u016f<\/h1>\n<p>Obecn\u00e9 prohl\u00e1\u0161en\u00ed o ochran\u011b \u00fadaj\u016f<\/p>\n<h2>\u00favod<\/h2>\n<p>Na\u0161e skupina spole\u010dnost\u00ed respektuje va\u0161e soukrom\u00ed a zavazuje se chr\u00e1nit va\u0161e osobn\u00ed \u00fadaje v souladu s poctiv\u00fdmi informa\u010dn\u00edmi postupy a platn\u00fdmi z\u00e1kony na ochranu \u00fadaj\u016f.<\/p>\n<p>Toto prohl\u00e1\u0161en\u00ed o ochran\u011b osobn\u00edch \u00fadaj\u016f vysv\u011btluje, jak my a na\u0161e spole\u010dnosti shroma\u017e\u010fujeme, pou\u017e\u00edv\u00e1me a sd\u00edl\u00edme osobn\u00ed \u00fadaje, kter\u00e9 n\u00e1m poskytnete nebo kter\u00e9 jinak obdr\u017e\u00edme nebo vytvo\u0159\u00edme (\u201eosobn\u00ed \u00fadaje\u201c).<\/p>\n<p>&nbsp;<\/p>\n<h2>rozsah pou\u017eit\u00ed<\/h2>\n<p>Osobn\u00ed \u00fadaje jsou jak\u00e9koli informace t\u00fdkaj\u00edc\u00ed se identifikovan\u00e9 nebo identifikovateln\u00e9 fyzick\u00e9 osoby (\u201esubjekt \u00fadaj\u016f\u201c). Identifikovatelnou fyzickou osobou je osoba, kterou lze p\u0159\u00edmo \u010di nep\u0159\u00edmo identifikovat, zejm\u00e9na odkazem na identifik\u00e1tor, jako je jm\u00e9no, identifika\u010dn\u00ed \u010d\u00edslo, loka\u010dn\u00ed \u00fadaje, online identifik\u00e1tor, nebo odkazem na jeden \u010di v\u00edce faktor\u016f specifick\u00fdch pro fyzick\u00e9, fyziologick\u00e9, genetick\u00e9, du\u0161evn\u00ed, ekonomick\u00e1, kulturn\u00ed nebo soci\u00e1ln\u00ed identita t\u00e9to fyzick\u00e9 osoby.<\/p>\n<p>Toto prohl\u00e1\u0161en\u00ed o ochran\u011b osobn\u00edch \u00fadaj\u016f se vztahuje na osobn\u00ed \u00fadaje, kter\u00e9 z\u00edsk\u00e1v\u00e1me prost\u0159ednictv\u00edm na\u0161ich b\u011b\u017en\u00fdch obchodn\u00edch aktivit, online i offline, tj. shroma\u017e\u010fov\u00e1n\u00ed v souvislosti s prodejem a marketingem, zapojen\u00edm partner\u016f a dodavatel\u016f a vztahy s investory. Toto ozn\u00e1men\u00ed o ochran\u011b osobn\u00edch \u00fadaj\u016f se nevztahuje na osobn\u011b identifikovateln\u00e9 informace z\u00edskan\u00e9 prost\u0159ednictv\u00edm na\u0161ich kari\u00e9rn\u00edch str\u00e1nek; toto podl\u00e9h\u00e1 z\u00e1sad\u00e1m ochrany osobn\u00edch \u00fadaj\u016f pro \u017eadatele.<\/p>\n<p>&nbsp;<\/p>\n<h2>spr\u00e1vce \u00fadaj\u016f<\/h2>\n<p>Spr\u00e1vcem \u00fadaj\u016f ve vztahu k va\u0161im \u00fadaj\u016fm je spole\u010dnost v na\u0161\u00ed skupin\u011b, kter\u00e1 p\u016fvodn\u011b shrom\u00e1\u017edila va\u0161e \u00fadaje a ur\u010dila \u00fa\u010dely a prost\u0159edky pou\u017eit\u00ed va\u0161ich \u00fadaj\u016f.<\/p>\n<p>Pokud byste cht\u011bli v\u011bd\u011bt, kdo je pro v\u00e1s relevantn\u00ed spr\u00e1vce \u00fadaj\u016f, nebo m\u00e1te jak\u00e9koli dal\u0161\u00ed ot\u00e1zky t\u00fdkaj\u00edc\u00ed se va\u0161ich \u00fadaj\u016f, kontaktujte pros\u00edm na\u0161eho pov\u011b\u0159ence pro ochranu osobn\u00edch \u00fadaj\u016f na n\u00ed\u017ee uveden\u00e9 e-mailov\u00e9 adrese.<\/p>\n<h2><\/h2>\n<h2>P\u0159\u00edjemci osobn\u00edch \u00fadaj\u016f<\/h2>\n<ul type=\"disc\">\n<li><strong>Vlastn\u00ed:<\/strong>\u00a0Obchodn\u00ed funkce, kter\u00e9 pot\u0159ebuj\u00ed p\u0159\u00edstup k va\u0161im \u00fadaj\u016fm pro pln\u011bn\u00ed na\u0161ich smluvn\u00edch a z\u00e1konn\u00fdch povinnost\u00ed (tj. prodej, \u00fa\u010detnictv\u00ed, provoz, pr\u00e1vn\u00ed) nebo pro \u00fa\u010dely na\u0161ich opr\u00e1vn\u011bn\u00fdch z\u00e1jm\u016f (tj. marketing).<\/li>\n<li><strong>T\u0159et\u00ed:<\/strong>\u00a0K poskytov\u00e1n\u00ed slu\u017eeb a funkc\u00ed na\u0161\u00edm jm\u00e9nem m\u016f\u017eeme vyu\u017e\u00edvat t\u0159et\u00ed strany. T\u011bmto t\u0159et\u00edm stran\u00e1m m\u016f\u017eeme poskytnout osobn\u00ed \u00fadaje za \u00fa\u010delem prov\u00e1d\u011bn\u00ed t\u011bchto slu\u017eeb a funkc\u00ed. Zpracov\u00e1n\u00ed t\u011bchto osobn\u00edch \u00fadaj\u016f prob\u00edh\u00e1 podle na\u0161ich pokyn\u016f a je slu\u010diteln\u00e9 s p\u016fvodn\u00edmi \u00fa\u010dely.<\/li>\n<li><strong>vy\u017eadov\u00e1no z\u00e1konem:<\/strong>\u00a0M\u016f\u017eeme tak\u00e9 poskytnout osobn\u00ed \u00fadaje ve\u0159ejn\u00fdm nebo soudn\u00edm org\u00e1n\u016fm, donucovac\u00edm org\u00e1n\u016fm a regula\u010dn\u00edm org\u00e1n\u016fm, pokud to vy\u017eaduje z\u00e1kon. To tak\u00e9 zahrnuje dodr\u017eov\u00e1n\u00ed n\u00e1rodn\u00edch bezpe\u010dnostn\u00edch p\u0159edpis\u016f a p\u0159edpis\u016f pro vym\u00e1h\u00e1n\u00ed pr\u00e1va, jako\u017e i \u00fa\u0159ad\u016f a soud\u016f v zem\u00edch, ve kter\u00fdch p\u016fsob\u00edme. V rozsahu povolen\u00e9m z\u00e1konem m\u016f\u017eeme osobn\u00ed \u00fadaje zp\u0159\u00edstupnit tak\u00e9 t\u0159et\u00edm stran\u00e1m (v\u010detn\u011b pr\u00e1vn\u00edho z\u00e1stupce), pokud je to nezbytn\u00e9 pro stanoven\u00ed, v\u00fdkon nebo obhajobu pr\u00e1vn\u00edch n\u00e1rok\u016f nebo pro jin\u00e9 vym\u00e1h\u00e1n\u00ed na\u0161ich pr\u00e1v, ochranu na\u0161eho majetku nebo pr\u00e1v, majetku nebo bezpe\u010dnost ostatn\u00edch nebo jsou vy\u017eadov\u00e1ny pro podporu funkc\u00ed extern\u00edho auditu, dodr\u017eov\u00e1n\u00ed p\u0159edpis\u016f a spr\u00e1vy spole\u010dnosti.<\/li>\n<li><strong>F\u00faze a akvizice:<\/strong>\u00a0Osobn\u00ed \u00fadaje mohou b\u00fdt p\u0159evedeny na stranu, kter\u00e1 z\u00edsk\u00e1 cel\u00fd nebo \u010d\u00e1st akci\u00ed, aktiv nebo operac\u00ed spole\u010dnosti skupiny v p\u0159\u00edpad\u011b prodeje, f\u00faze, likvidace, rozpu\u0161t\u011bn\u00ed nebo jin\u00e9 akce.<\/li>\n<li><strong>P\u0159idru\u017een\u00e9 spole\u010dnosti:<\/strong>\u00a0M\u016f\u017eeme tak\u00e9 p\u0159en\u00e1\u0161et a sd\u00edlet informace s na\u0161imi p\u0159idru\u017een\u00fdmi spole\u010dnostmi v souladu s platn\u00fdmi z\u00e1kony.<\/li>\n<\/ul>\n<h2>Mezin\u00e1rodn\u00ed transfery<\/h2>\n<p>Proto\u017ee jsme mezin\u00e1rodn\u00ed skupina spole\u010dnost\u00ed se spole\u010dnostmi a kancel\u00e1\u0159emi v r\u016fzn\u00fdch zem\u00edch, m\u016f\u017eeme p\u0159ev\u00e1d\u011bt va\u0161e osobn\u00ed \u00fadaje z jedn\u00e9 spole\u010dnosti do druh\u00e9 nebo z jedn\u00e9 zem\u011b do druh\u00e9, abychom dos\u00e1hli v\u00fd\u0161e uveden\u00fdch \u00fa\u010del\u016f. Va\u0161e osobn\u00ed \u00fadaje budeme sd\u00edlet v souladu s platn\u00fdmi pr\u00e1vn\u00edmi p\u0159edpisy a pouze v rozsahu nezbytn\u00e9m pro \u00fa\u010dely uveden\u00e9 v\u00fd\u0161e. V r\u00e1mci na\u0161\u00ed skupiny spole\u010dnost\u00ed jsou osobn\u00ed \u00fadaje p\u0159ed\u00e1v\u00e1ny na z\u00e1klad\u011b stejn\u00fdch p\u0159edpis\u016f a stejn\u011b vysok\u00e9 \u00farovn\u011b zabezpe\u010den\u00ed. V p\u0159\u00edpad\u011b pot\u0159eby budou uzav\u0159eny smlouvy o zpracov\u00e1n\u00ed \u00fadaj\u016f, aby byla zaji\u0161t\u011bna pot\u0159ebn\u00e1 \u00farove\u0148 ochrany \u00fadaj\u016f.<\/p>\n<p>K p\u0159enosu osobn\u00edch \u00fadaj\u016f p\u0159es st\u00e1tn\u00ed hranice v z\u00e1konn\u00e9m r\u00e1mci pou\u017e\u00edv\u00e1me vhodn\u00e9 z\u00e1konn\u00e9 procesy. Pokud se spol\u00e9h\u00e1me na standardn\u00ed smluvn\u00ed dolo\u017eky (zn\u00e1m\u00e9 tak\u00e9 jako modelov\u00e9 dolo\u017eky) k usnadn\u011bn\u00ed tohoto sd\u00edlen\u00ed, budeme dodr\u017eovat podm\u00ednky t\u011bchto dolo\u017eek, i kdy\u017e jsou tyto podm\u00ednky a toto upozorn\u011bn\u00ed v rozporu.<\/p>\n<p>Va\u0161e osobn\u00ed \u00fadaje neprod\u00e1me ani jinak nep\u0159evedeme mimo na\u0161i skupinu spole\u010dnost\u00ed, s v\u00fdjimkou:<\/p>\n<ul type=\"disc\">\n<li>Poskytovatel\u016fm slu\u017eeb, kte\u0159\u00ed prov\u00e1d\u011bj\u00ed slu\u017eby na\u0161\u00edm jm\u00e9nem. Va\u0161e osobn\u00ed \u00fadaje sd\u00edl\u00edme pouze s poskytovateli slu\u017eeb, kter\u00e9 jsme se smluvn\u011b zav\u00e1zali nezpracov\u00e1vat nebo sd\u00edlet informace, s v\u00fdjimkou poskytov\u00e1n\u00ed slu\u017eeb pro n\u00e1s nebo pln\u011bn\u00ed z\u00e1konn\u00fdch povinnost\u00ed;<\/li>\n<li>dodr\u017eovat z\u00e1konn\u00e9 povinnosti, v\u010detn\u011b mimo jin\u00e9 reagov\u00e1n\u00ed na \u017e\u00e1dosti od donucovac\u00edch org\u00e1n\u016f nebo jin\u00fdch vl\u00e1dn\u00edch regul\u00e1tor\u016f;<\/li>\n<li>vy\u0161et\u0159ovat podez\u0159elou nebo skute\u010dnou nez\u00e1konnou \u010dinnost;<\/li>\n<li>zabr\u00e1nit zran\u011bn\u00ed osob nebo finan\u010dn\u00ed ztr\u00e1t\u011b; nebo<\/li>\n<li>na podporu prodeje na\u0161eho podniku nebo p\u0159evodu n\u011bkter\u00fdch nebo v\u0161ech na\u0161ich podnik\u016f nebo majetku (v\u010detn\u011b p\u0159\u00edpadu \u00fapadku).<\/li>\n<\/ul>\n<h2>\u00falo\u017en\u00fd prostor<\/h2>\n<p>Va\u0161e osobn\u00ed \u00fadaje uchov\u00e1v\u00e1me tak dlouho, dokud s v\u00e1mi m\u00e1me trval\u00fd vztah, nebo pokud je to nezbytn\u00e9 k dosa\u017een\u00ed \u00fa\u010delu, pro kter\u00fd byly shrom\u00e1\u017ed\u011bny, obvykle po dobu trv\u00e1n\u00ed smluvn\u00edho vztahu a po dobu pot\u00e9, pokud to vy\u017eaduje z\u00e1kon nebo je povoleno podle platn\u00fdch p\u0159edpis\u016f. z\u00e1kon.<\/p>\n<p>&nbsp;<\/p>\n<h2>Va\u0161e pr\u00e1va jako subjektu \u00fadaj\u016f<\/h2>\n<ul type=\"disc\">\n<li>M\u00e1te pr\u00e1vo v p\u0159im\u011b\u0159en\u00fdch intervalech a bez zbyte\u010dn\u00e9ho odkladu nebo n\u00e1klad\u016f na kopii jak\u00fdchkoli \u00fadaj\u016f, kter\u00e9 o v\u00e1s zpracov\u00e1v\u00e1me.<\/li>\n<li>M\u00e1te pr\u00e1vo na opravu nebo aktualizaci nep\u0159esn\u00fdch nebo neaktu\u00e1ln\u00edch osobn\u00edch \u00fadaj\u016f.<\/li>\n<li>M\u00e1te pr\u00e1vo na vymaz\u00e1n\u00ed sv\u00fdch osobn\u00edch \u00fadaj\u016f.<\/li>\n<li>M\u00e1te pr\u00e1vo vzn\u00e9st n\u00e1mitku proti zpracov\u00e1n\u00ed va\u0161ich osobn\u00edch \u00fadaj\u016f, pokud toto zpracov\u00e1n\u00ed nevy\u017eaduje z\u00e1kon. Pokud je n\u00e1mitka opr\u00e1vn\u011bn\u00e1 s p\u0159ihl\u00e9dnut\u00edm ke konkr\u00e9tn\u00ed situaci, mus\u00ed b\u00fdt zpracov\u00e1n\u00ed zastaveno.<\/li>\n<li>V z\u00e1sad\u011b m\u00e1te pr\u00e1vo po\u017e\u00e1dat o p\u0159enos va\u0161ich \u00fadaj\u016f k v\u00e1m. P\u0159enositelnost \u00fadaj\u016f znamen\u00e1 poskytov\u00e1n\u00ed va\u0161ich osobn\u00edch \u00fadaj\u016f ve strukturovan\u00e9, b\u011b\u017en\u011b pou\u017e\u00edvan\u00e9 a strojov\u011b \u010diteln\u00e9 form\u011b, kter\u00e1 zaji\u0161\u0165uje jejich snadn\u00e9 p\u0159ed\u00e1n\u00ed jin\u00fdm spole\u010dnostem. Pr\u00e1vo na p\u0159enositelnost \u00fadaj\u016f podl\u00e9h\u00e1 omezen\u00edm, tj. nevztahuje se na pap\u00edrov\u00e9 dokumenty a nesm\u00ed ohrozit pr\u00e1va jin\u00fdch osob nebo citliv\u00e9 firemn\u00ed \u00fadaje.<\/li>\n<li>M\u016f\u017eete po\u017e\u00e1dat, aby rozhodnut\u00ed nebyla p\u0159ij\u00edm\u00e1na pouze na z\u00e1klad\u011b automatizovan\u00fdch rozhodovac\u00edch proces\u016f, pokud tato rozhodnut\u00ed maj\u00ed pr\u00e1vn\u00ed \u00fa\u010dinky nebo se v\u00e1s v\u00fdznamn\u011b dot\u00fdkaj\u00ed.<\/li>\n<li>M\u00e1te pr\u00e1vo odvolat d\u0159\u00edve ud\u011blen\u00fd souhlas pro konkr\u00e9tn\u00ed \u00fa\u010del, pokud je tento souhlas pr\u00e1vn\u00edm z\u00e1kladem pro zpracov\u00e1n\u00ed va\u0161ich osobn\u00edch \u00fadaj\u016f.<\/li>\n<\/ul>\n<p>Respektujeme tato pr\u00e1va a m\u00e1me zaveden\u00e9 procesy, abychom mohli reagovat na lidi, kte\u0159\u00ed cht\u011bj\u00ed tato pr\u00e1va uplatnit. Pokud byste cht\u011bli v\u011bd\u011bt, kdo je pro v\u00e1s relevantn\u00ed spr\u00e1vce \u00fadaj\u016f, nebo m\u00e1te jak\u00e9koli dal\u0161\u00ed ot\u00e1zky t\u00fdkaj\u00edc\u00ed se va\u0161ich \u00fadaj\u016f, kontaktujte pros\u00edm na\u0161eho pov\u011b\u0159ence pro ochranu osobn\u00edch \u00fadaj\u016f na n\u00ed\u017ee uveden\u00e9 e-mailov\u00e9 adrese.<\/p>\n<p>&nbsp;<\/p>\n<h2>Bezpe\u010dnostn\u00ed<\/h2>\n<p>Sna\u017e\u00edme se zajistit bezpe\u010dnost va\u0161ich zpracov\u00e1van\u00fdch osobn\u00edch \u00fadaj\u016f a zav\u00e9st vhodn\u00e1 technick\u00e1 opat\u0159en\u00ed a bezpe\u010dnostn\u00ed z\u00e1sady, kter\u00e9 chr\u00e1n\u00ed va\u0161e \u00fadaje p\u0159ed:<\/p>\n<ul type=\"disc\">\n<li>Neautorizovan\u00fd p\u0159\u00edstup.<\/li>\n<li>Nespr\u00e1vn\u00e9 pou\u017eit\u00ed nebo zve\u0159ejn\u011bn\u00ed.<\/li>\n<li>Neopr\u00e1vn\u011bn\u00e1 \u00faprava.<\/li>\n<li>Neopr\u00e1vn\u011bn\u00e9 zni\u010den\u00ed nebo n\u00e1hodn\u00e1 ztr\u00e1ta.<\/li>\n<\/ul>\n<p>V\u0161ichni na\u0161i zam\u011bstnanci a jak\u00e9koli t\u0159et\u00ed strany, kter\u00e9 naj\u00edm\u00e1me ke zpracov\u00e1n\u00ed va\u0161ich osobn\u00edch \u00fadaj\u016f, jsou povinni respektovat d\u016fv\u011brnost va\u0161ich \u00fadaj\u016f.<\/p>\n<h2>Obavy o soukrom\u00ed a mo\u017enosti kontaktov\u00e1n\u00ed<\/h2>\n<p>M\u00e1te-li jak\u00e9koli obavy ohledn\u011b \u00fadajn\u00e9ho poru\u0161en\u00ed z\u00e1kona o ochran\u011b \u00fadaj\u016f nebo jin\u00e9ho na\u0159\u00edzen\u00ed z na\u0161\u00ed strany, kontaktujte pros\u00edm na\u0161eho pov\u011b\u0159ence pro ochranu osobn\u00edch \u00fadaj\u016f na n\u00ed\u017ee uveden\u00e9 e-mailov\u00e9 adrese.<\/p>\n<p>Bude v\u00e1m k dispozici pov\u011b\u0159enec pro ochranu osobn\u00edch \u00fadaj\u016f, kter\u00fd va\u0161i st\u00ed\u017enost pro\u0161et\u0159\u00ed a poskytne v\u00e1m informace o tom, jak je st\u00ed\u017enost vy\u0159izov\u00e1na.<\/p>\n<p>Pokud na va\u0161e \u017e\u00e1dosti nereagujeme nebo v\u00e1m uvedeme dobr\u00fd d\u016fvod, pro\u010d nem\u016f\u017eeme, m\u00e1te pr\u00e1vo obr\u00e1tit se na dozorov\u00fd \u00fa\u0159ad a podat st\u00ed\u017enost.<\/p>\n<p>&nbsp;<\/p>\n<h2>Zm\u011bny na\u0161ich z\u00e1sad ochrany osobn\u00edch \u00fadaj\u016f<\/h2>\n<p>Vyhrazujeme si pr\u00e1vo toto ozn\u00e1men\u00ed o ochran\u011b osobn\u00edch \u00fadaj\u016f kdykoli zm\u011bnit, upravit a aktualizovat. Pravideln\u011b kontrolujte, zda jste si p\u0159e\u010detli nejnov\u011bj\u0161\u00ed ozn\u00e1men\u00ed.<\/p>\n<\/div><\/div><\/div><\/div><\/div><\/p>","protected":false},"excerpt":{"rendered":"","protected":false},"author":1,"featured_media":0,"parent":0,"menu_order":0,"comment_status":"closed","ping_status":"closed","template":"","meta":{"footnotes":""},"class_list":["post-11467","page","type-page","status-publish","hentry"],"acf":[],"_links":{"self":[{"href":"https:\/\/ehrler-beck.com\/cs\/wp-json\/wp\/v2\/pages\/11467","targetHints":{"allow":["GET"]}}],"collection":[{"href":"https:\/\/ehrler-beck.com\/cs\/wp-json\/wp\/v2\/pages"}],"about":[{"href":"https:\/\/ehrler-beck.com\/cs\/wp-json\/wp\/v2\/types\/page"}],"author":[{"embeddable":true,"href":"https:\/\/ehrler-beck.com\/cs\/wp-json\/wp\/v2\/users\/1"}],"replies":[{"embeddable":true,"href":"https:\/\/ehrler-beck.com\/cs\/wp-json\/wp\/v2\/comments?post=11467"}],"version-history":[{"count":8,"href":"https:\/\/ehrler-beck.com\/cs\/wp-json\/wp\/v2\/pages\/11467\/revisions"}],"predecessor-version":[{"id":160366,"href":"https:\/\/ehrler-beck.com\/cs\/wp-json\/wp\/v2\/pages\/11467\/revisions\/160366"}],"wp:attachment":[{"href":"https:\/\/ehrler-beck.com\/cs\/wp-json\/wp\/v2\/media?parent=11467"}],"curies":[{"name":"wp","href":"https:\/\/api.w.org\/{rel}","templated":true}]}}